{"id":50924,"date":"2023-05-29T13:18:05","date_gmt":"2023-05-29T10:18:05","guid":{"rendered":"https:\/\/www.finmasiko.fi\/verkkokauppa\/catalog\/?post_type=product&#038;p=50924"},"modified":"2026-04-28T16:04:36","modified_gmt":"2026-04-28T13:04:36","slug":"polttoaine-vedeneroitinsuodatin-11110683-parker","status":"publish","type":"product","link":"https:\/\/www.finmasiko.fi\/verkkokauppa\/catalog\/tuote\/polttoaine-vedeneroitinsuodatin-11110683-parker\/","title":{"rendered":"Polttoaine vedeneroitinsuodatin &#8211; 11110683 PARKER"},"content":{"rendered":"<p>T\u00e4m\u00e4 on PARKERIN versio suodattimesta. Saatavilla on my\u00f6s volvon versio t\u00e4st\u00e4 suodattimesta.<\/p>\n<p>Se l\u00f6ytyy t\u00e4\u00e4lt\u00e4: <a href=\"https:\/\/www.finmasiko.fi\/verkkokauppa\/catalog\/kauppa\/polttoaine-vedeneroitinsuodatin-11110683\/\">https:\/\/www.finmasiko.fi\/verkkokauppa\/catalog\/kauppa\/polttoaine-vedeneroitinsuodatin-11110683\/<\/a><\/p>\n<p>Tuote k\u00e4y seuraaviin koneisiin:<br \/>\n(huom muista mainita koneesi valmistenumero tilauksesi yhteydess\u00e4)<\/p>\n<p>The product is in the following machines:<br \/>\n(remember to mention your machine&#8217;s serial number when ordering)<\/p>\n<p>EC140BLC<br \/>\nEC140BLCM<br \/>\nEC140CL<br \/>\nEC140CLM<br \/>\nEC140DL<br \/>\nEC140DLM<br \/>\nEC160BLC<br \/>\nEC160CL<br \/>\nEC160DL<br \/>\nEC180BLC<br \/>\nEC180CL<br \/>\nEC180DL<br \/>\nEC210BLC<br \/>\nEC210CL<br \/>\nEC235CLD<br \/>\nEC240BLC<br \/>\nEC240CL<br \/>\nEC250DL<br \/>\nEC290BLC<br \/>\nEC290CL<br \/>\nEC300DL<br \/>\nEC330BLC<br \/>\nEC330CL<br \/>\nEC340DL<br \/>\nEC360BLC<br \/>\nEC360CL<br \/>\nEC380DL<br \/>\nEC460BLC<br \/>\nEC460CL<br \/>\nEC700BLC<br \/>\nEC700CL<br \/>\nECR145CL<br \/>\nECR235DL<br \/>\nECR305CL<\/p>\n","protected":false},"excerpt":{"rendered":"<p>T\u00e4m\u00e4 on PARKERIN versio suodattimesta. Saatavilla on my\u00f6s volvon versio t\u00e4st\u00e4 suodattimesta. Se l\u00f6ytyy t\u00e4\u00e4lt\u00e4: https:\/\/www.finmasiko.fi\/verkkokauppa\/catalog\/kauppa\/polttoaine-vedeneroitinsuodatin-11110683\/ Tuote k\u00e4y seuraaviin koneisiin: (huom muista mainita koneesi valmistenumero tilauksesi yhteydess\u00e4) The product is in the following machines: (remember to mention your machine&#8217;s serial number when ordering) EC140BLC EC140BLCM EC140CL EC140CLM EC140DL EC140DLM EC160BLC EC160CL EC160DL EC180BLC EC180CL EC180DL [&hellip;]<\/p>\n","protected":false},"featured_media":50925,"template":"","meta":[],"product_cat":[3907,4279,3929,4293,4307,4321,4335,4363,4377,4391,4419,4433,4461,4475,4489,4517,4531,4237,3943,3957,3971,3985,3999,4027,4041,4055,4069,4083,4097,4111,4125,4181,4209,4223,4265],"product_tag":[],"class_list":{"0":"post-50924","1":"product","2":"type-product","3":"status-publish","4":"has-post-thumbnail","6":"product_cat-kaikki-volvo-kaivinkoneiden-varaosat","7":"product_cat-suodattimet-ec290cl","8":"product_cat-suodattimet-ec140blc","9":"product_cat-suodattimet-ec300dl","10":"product_cat-suodattimet-ec330blc","11":"product_cat-suodattimet-ec330cl","12":"product_cat-suodattimet-ec340dl","13":"product_cat-suodattimet-ec360blc","14":"product_cat-suodattimet-ec360cl","15":"product_cat-suodattimet-ec380dl","16":"product_cat-suodattimet-ec460blc","17":"product_cat-suodattimet-ec460cl","18":"product_cat-suodattimet-ec700blc","19":"product_cat-suodattimet-ec700cl","20":"product_cat-suodattimet-ecr145cl","21":"product_cat-suodattimet-ecr235dl","22":"product_cat-suodattimet-ecr305cl","23":"product_cat-suodattimet-ec250dl","24":"product_cat-suodattimet-ec140blcm","25":"product_cat-suodattimet-ec140cl","26":"product_cat-suodattimet-ec140clm","27":"product_cat-suodattimet-ec140dl","28":"product_cat-suodattimet-ec140dlm","29":"product_cat-suodattimet-ec160blc","30":"product_cat-suodattimet-ec160cl","31":"product_cat-suodattimet-ec160dl","32":"product_cat-suodattimet-ec180blc","33":"product_cat-suodattimet-ec180cl","34":"product_cat-suodattimet-ec180dl","35":"product_cat-suodattimet-ec210blc","36":"product_cat-suodattimet-ec210cl","37":"product_cat-suodattimet-ec235cld","38":"product_cat-suodattimet-ec240blc","39":"product_cat-suodattimet-ec240cl","40":"product_cat-suodattimet-ec290blc","41":"product_shipping_class-4724","43":"first","44":"outofstock","45":"taxable","46":"shipping-taxable","47":"purchasable","48":"product-type-simple"},"_links":{"self":[{"href":"https:\/\/www.finmasiko.fi\/verkkokauppa\/catalog\/wp-json\/wp\/v2\/product\/50924","targetHints":{"allow":["GET"]}}],"collection":[{"href":"https:\/\/www.finmasiko.fi\/verkkokauppa\/catalog\/wp-json\/wp\/v2\/product"}],"about":[{"href":"https:\/\/www.finmasiko.fi\/verkkokauppa\/catalog\/wp-json\/wp\/v2\/types\/product"}],"wp:featuredmedia":[{"embeddable":true,"href":"https:\/\/www.finmasiko.fi\/verkkokauppa\/catalog\/wp-json\/wp\/v2\/media\/50925"}],"wp:attachment":[{"href":"https:\/\/www.finmasiko.fi\/verkkokauppa\/catalog\/wp-json\/wp\/v2\/media?parent=50924"}],"wp:term":[{"taxonomy":"product_cat","embeddable":true,"href":"https:\/\/www.finmasiko.fi\/verkkokauppa\/catalog\/wp-json\/wp\/v2\/product_cat?post=50924"},{"taxonomy":"product_tag","embeddable":true,"href":"https:\/\/www.finmasiko.fi\/verkkokauppa\/catalog\/wp-json\/wp\/v2\/product_tag?post=50924"}],"curies":[{"name":"wp","href":"https:\/\/api.w.org\/{rel}","templated":true}]}}