{"id":50604,"date":"2023-04-12T10:54:06","date_gmt":"2023-04-12T07:54:06","guid":{"rendered":"https:\/\/www.finmasiko.fi\/verkkokauppa\/catalog\/?post_type=product&#038;p=50604"},"modified":"2026-04-29T16:13:29","modified_gmt":"2026-04-29T13:13:29","slug":"kardaani-15013306","status":"publish","type":"product","link":"https:\/\/www.finmasiko.fi\/verkkokauppa\/catalog\/tuote\/kardaani-15013306\/","title":{"rendered":"Kardaani &#8211; 15013306"},"content":{"rendered":"<p>Tuote k\u00e4y seuraaviin koneisiin:<br \/>\n(huom muista mainita koneesi valmistenumero tilauksesi yhteydess\u00e4)<\/p>\n<p>LYHYT KARDAANI JAKOLAATIKON JA ETUAKSELIN V\u00c4LISS\u00c4<\/p>\n<p>A35E<br \/>\nA35E FS<br \/>\nA35F<br \/>\nA35F FS<br \/>\nA35G<br \/>\nA35G FS<br \/>\nA40E<br \/>\nA40E FS<br \/>\nA40F<br \/>\nA40F FS<br \/>\nA40G<br \/>\nA40G FS<br \/>\nA45G<br \/>\nA45G FS<\/p>\n","protected":false},"excerpt":{"rendered":"<p>Tuote k\u00e4y seuraaviin koneisiin: (huom muista mainita koneesi valmistenumero tilauksesi yhteydess\u00e4) LYHYT KARDAANI JAKOLAATIKON JA ETUAKSELIN V\u00c4LISS\u00c4 A35E A35E FS A35F A35F FS A35G A35G FS A40E A40E FS A40F A40F FS A40G A40G FS A45G A45G FS<\/p>\n","protected":false},"featured_media":50602,"template":"","meta":[],"product_cat":[4701,4700,4703,4702,4705,4704,4710,4709,4712,4711,4714,4713],"product_tag":[],"class_list":{"0":"post-50604","1":"product","2":"type-product","3":"status-publish","4":"has-post-thumbnail","6":"product_cat-a35e-fs-volvo","7":"product_cat-a35e-volvo","8":"product_cat-a35f-fs-volvo","9":"product_cat-a35f-volvo","10":"product_cat-a35g-fs-volvo","11":"product_cat-a35g-volvo","12":"product_cat-a40e-fs-volvo","13":"product_cat-a40e-volvo","14":"product_cat-a40f-fs-volvo","15":"product_cat-a40f-volvo","16":"product_cat-a40g-fs-volvo","17":"product_cat-a40g-volvo","18":"product_shipping_class-4724","20":"first","21":"instock","22":"taxable","23":"shipping-taxable","24":"purchasable","25":"product-type-simple"},"_links":{"self":[{"href":"https:\/\/www.finmasiko.fi\/verkkokauppa\/catalog\/wp-json\/wp\/v2\/product\/50604","targetHints":{"allow":["GET"]}}],"collection":[{"href":"https:\/\/www.finmasiko.fi\/verkkokauppa\/catalog\/wp-json\/wp\/v2\/product"}],"about":[{"href":"https:\/\/www.finmasiko.fi\/verkkokauppa\/catalog\/wp-json\/wp\/v2\/types\/product"}],"wp:featuredmedia":[{"embeddable":true,"href":"https:\/\/www.finmasiko.fi\/verkkokauppa\/catalog\/wp-json\/wp\/v2\/media\/50602"}],"wp:attachment":[{"href":"https:\/\/www.finmasiko.fi\/verkkokauppa\/catalog\/wp-json\/wp\/v2\/media?parent=50604"}],"wp:term":[{"taxonomy":"product_cat","embeddable":true,"href":"https:\/\/www.finmasiko.fi\/verkkokauppa\/catalog\/wp-json\/wp\/v2\/product_cat?post=50604"},{"taxonomy":"product_tag","embeddable":true,"href":"https:\/\/www.finmasiko.fi\/verkkokauppa\/catalog\/wp-json\/wp\/v2\/product_tag?post=50604"}],"curies":[{"name":"wp","href":"https:\/\/api.w.org\/{rel}","templated":true}]}}