{"id":50399,"date":"2022-12-05T11:03:13","date_gmt":"2022-12-05T09:03:13","guid":{"rendered":"https:\/\/www.finmasiko.fi\/verkkokauppa\/catalog\/?post_type=product&#038;p=50399"},"modified":"2026-04-17T16:03:35","modified_gmt":"2026-04-17T13:03:35","slug":"lasinpesunestesailio-11170287","status":"publish","type":"product","link":"https:\/\/www.finmasiko.fi\/verkkokauppa\/catalog\/tuote\/lasinpesunestesailio-11170287\/","title":{"rendered":"Lasinpesunestes\u00e4ili\u00f6 &#8211; 11170287"},"content":{"rendered":"<p>Doga pissapojan s\u00e4ili\u00f6. Sis\u00e4lt\u00e4\u00e4 korkin, tasoanturin ja molemmat pesupumput<\/p>\n<p>Tuote k\u00e4y seuraaviin koneisiin:(huom muista mainita koneesi valmistenumero tilauksesi yhteydess\u00e4)<br \/>\nThe product is in the following machines:(remember to mention your machine&#8217;s serial number when ordering)<\/p>\n<p>VOLVO L45F<br \/>\nVOLVO L45G<br \/>\nVOLVO L50F<br \/>\nVOLVO L60F<br \/>\nVOLVO L60G<br \/>\nVOLVO L60H<br \/>\nVOLVO L70F<br \/>\nVOLVO L70G<br \/>\nVOLVO L70H<br \/>\nVOLVO L90F<br \/>\nVOLVO L90G<br \/>\nVOLVO L90H<br \/>\nVOLVO L110G<br \/>\nVOLVO L110H<br \/>\nVOLVO L120F<br \/>\nVOLVO L120G<br \/>\nVOLVO L120H<br \/>\nVOLVO L150F<br \/>\nVOLVO L180F<br \/>\nVOLVO L220F<br \/>\nVOLVO L350F<\/p>\n","protected":false},"excerpt":{"rendered":"<p>Doga pissapojan s\u00e4ili\u00f6. Sis\u00e4lt\u00e4\u00e4 korkin, tasoanturin ja molemmat pesupumput Tuote k\u00e4y seuraaviin koneisiin:(huom muista mainita koneesi valmistenumero tilauksesi yhteydess\u00e4) The product is in the following machines:(remember to mention your machine&#8217;s serial number when ordering) VOLVO L45F VOLVO L45G VOLVO L50F VOLVO L60F VOLVO L60G VOLVO L60H VOLVO L70F VOLVO L70G VOLVO L70H VOLVO L90F VOLVO [&hellip;]<\/p>\n","protected":false},"featured_media":50400,"template":"","meta":[],"product_cat":[5652,5582,5568,5596,5624,3333,3277,5638,3193,3123,3109,3025,2689,2983,2787,5763,2969,5680,2885,5666,2871,5626,5584,5598,5682,5640,5668,5765,5654,5570,3335,3279,3195,3125,3111,3027,2985,2971,2887,2873,2789,2691],"product_tag":[],"class_list":{"0":"post-50399","1":"product","2":"type-product","3":"status-publish","4":"has-post-thumbnail","6":"product_cat-ohjaamo-lasit-l90h","7":"product_cat-ohjaamo-lasit-l45g","8":"product_cat-ohjaamo-lasit-l45f","9":"product_cat-ohjaamo-lasit-l50f","10":"product_cat-ohjaamo-lasit-l60h","11":"product_cat-ohjaamo-lasit-l220f","12":"product_cat-ohjaamo-lasit-l180f","13":"product_cat-ohjaamo-lasit-l70h","14":"product_cat-ohjaamo-lasit-l150f","15":"product_cat-ohjaamo-lasit-l120g","16":"product_cat-ohjaamo-lasit-l120f","17":"product_cat-ohjaamo-lasit-l110g","18":"product_cat-ohjaamo-lasit-l60f","19":"product_cat-ohjaamo-lasit-l90g","20":"product_cat-ohjaamo-lasit-l60g","21":"product_cat-ohjaamo-lasit-l350f","22":"product_cat-ohjaamo-lasit-l90f","23":"product_cat-ohjaamo-lasit-l120h","24":"product_cat-ohjaamo-lasit-l70g","25":"product_cat-ohjaamo-lasit-l110h","26":"product_cat-ohjaamo-lasit-l70f","27":"product_cat-sahko-osat-laturit-startit-releet-valot-l60h","28":"product_cat-sahko-osat-laturit-startit-releet-valot-l45g","29":"product_cat-sahko-osat-laturit-startit-releet-valot-l50f","30":"product_cat-sahko-osat-laturit-startit-releet-valot-l120h","31":"product_cat-sahko-osat-laturit-startit-releet-valot-l70h","32":"product_cat-sahko-osat-laturit-startit-releet-valot-l110h","33":"product_cat-sahko-osat-laturit-startit-releet-valot-l350f","34":"product_cat-sahko-osat-laturit-startit-releet-valot-l90h","35":"product_cat-sahko-osat-laturit-startit-releet-valot-l45f","36":"product_cat-sahko-osat-laturit-startit-releet-valot-l220f","37":"product_cat-sahko-osat-laturit-startit-releet-valot-l180f","38":"product_cat-sahko-osat-laturit-startit-releet-valot-l150f","39":"product_cat-sahko-osat-laturit-startit-releet-valot-l120g","40":"product_cat-sahko-osat-laturit-startit-releet-valot-l120f","41":"product_cat-sahko-osat-laturit-startit-releet-valot-l110g","42":"product_cat-sahko-osat-laturit-startit-releet-valot-l90g","43":"product_cat-sahko-osat-laturit-startit-releet-valot-l90f","44":"product_cat-sahko-osat-laturit-startit-releet-valot-l70g","45":"product_cat-sahko-osat-laturit-startit-releet-valot-l70f","46":"product_cat-sahko-osat-laturit-startit-releet-valot-l60g","47":"product_cat-sahko-osat-laturit-startit-releet-valot-l60f","48":"product_shipping_class-4724","50":"first","51":"outofstock","52":"taxable","53":"shipping-taxable","54":"purchasable","55":"product-type-simple"},"_links":{"self":[{"href":"https:\/\/www.finmasiko.fi\/verkkokauppa\/catalog\/wp-json\/wp\/v2\/product\/50399","targetHints":{"allow":["GET"]}}],"collection":[{"href":"https:\/\/www.finmasiko.fi\/verkkokauppa\/catalog\/wp-json\/wp\/v2\/product"}],"about":[{"href":"https:\/\/www.finmasiko.fi\/verkkokauppa\/catalog\/wp-json\/wp\/v2\/types\/product"}],"wp:featuredmedia":[{"embeddable":true,"href":"https:\/\/www.finmasiko.fi\/verkkokauppa\/catalog\/wp-json\/wp\/v2\/media\/50400"}],"wp:attachment":[{"href":"https:\/\/www.finmasiko.fi\/verkkokauppa\/catalog\/wp-json\/wp\/v2\/media?parent=50399"}],"wp:term":[{"taxonomy":"product_cat","embeddable":true,"href":"https:\/\/www.finmasiko.fi\/verkkokauppa\/catalog\/wp-json\/wp\/v2\/product_cat?post=50399"},{"taxonomy":"product_tag","embeddable":true,"href":"https:\/\/www.finmasiko.fi\/verkkokauppa\/catalog\/wp-json\/wp\/v2\/product_tag?post=50399"}],"curies":[{"name":"wp","href":"https:\/\/api.w.org\/{rel}","templated":true}]}}