{"id":50215,"date":"2022-10-24T15:19:40","date_gmt":"2022-10-24T12:19:40","guid":{"rendered":"https:\/\/www.finmasiko.fi\/verkkokauppa\/catalog\/?post_type=product&#038;p=50215"},"modified":"2023-03-11T23:09:28","modified_gmt":"2023-03-11T21:09:28","slug":"venttiilikopan-tiiviste-3902666","status":"publish","type":"product","link":"https:\/\/www.finmasiko.fi\/verkkokauppa\/catalog\/tuote\/venttiilikopan-tiiviste-3902666\/","title":{"rendered":"VENTTIILIKOPAN TIIVISTE &#8211; 3902666"},"content":{"rendered":"<p>Tarvittava m\u00e4\u00e4r\u00e4 4kpl tai 6kpl<\/p>\n<p>Tuote k\u00e4y seuraaviin koneisiin:(huom muista mainita koneesi valmistenumero tilauksesi yhteydess\u00e4)<br \/>\nThe product is in the following machines:(remember to mention your machine&#8217;s serial number when ordering)<\/p>\n<p>SAMSUNG SE130LC-2<br \/>\nSAMSUNG SE130LC-3<br \/>\nSAMSUNG SE210LC-2<br \/>\nSAMSUNG SE210LC-3<br \/>\nSAMSUNG SE240LC-2<br \/>\nSAMSUNG SE240LC-3<\/p>\n","protected":false},"excerpt":{"rendered":"<p>Tarvittava m\u00e4\u00e4r\u00e4 4kpl tai 6kpl Tuote k\u00e4y seuraaviin koneisiin:(huom muista mainita koneesi valmistenumero tilauksesi yhteydess\u00e4) The product is in the following machines:(remember to mention your machine&#8217;s serial number when ordering) SAMSUNG SE130LC-2 SAMSUNG SE130LC-3 SAMSUNG SE210LC-2 SAMSUNG SE210LC-3 SAMSUNG SE240LC-2 SAMSUNG SE240LC-3<\/p>\n","protected":false},"featured_media":50216,"template":"","meta":[],"product_cat":[3914,4572,4586,4614,4628,4642],"product_tag":[],"class_list":{"0":"post-50215","1":"product","2":"type-product","3":"status-publish","4":"has-post-thumbnail","6":"product_cat-moottorin-osat-se-130-lc-2","7":"product_cat-moottorin-osat-se-240-lc-2","8":"product_cat-moottorin-osat-se-210-lc-2","9":"product_cat-moottorin-osat-se-240-lc-3","10":"product_cat-moottorin-osat-se-210-lc-3","11":"product_cat-moottorin-osat-se-130-lc-3","12":"product_shipping_class-4724","14":"first","15":"instock","16":"taxable","17":"shipping-taxable","18":"purchasable","19":"product-type-simple"},"_links":{"self":[{"href":"https:\/\/www.finmasiko.fi\/verkkokauppa\/catalog\/wp-json\/wp\/v2\/product\/50215","targetHints":{"allow":["GET"]}}],"collection":[{"href":"https:\/\/www.finmasiko.fi\/verkkokauppa\/catalog\/wp-json\/wp\/v2\/product"}],"about":[{"href":"https:\/\/www.finmasiko.fi\/verkkokauppa\/catalog\/wp-json\/wp\/v2\/types\/product"}],"wp:featuredmedia":[{"embeddable":true,"href":"https:\/\/www.finmasiko.fi\/verkkokauppa\/catalog\/wp-json\/wp\/v2\/media\/50216"}],"wp:attachment":[{"href":"https:\/\/www.finmasiko.fi\/verkkokauppa\/catalog\/wp-json\/wp\/v2\/media?parent=50215"}],"wp:term":[{"taxonomy":"product_cat","embeddable":true,"href":"https:\/\/www.finmasiko.fi\/verkkokauppa\/catalog\/wp-json\/wp\/v2\/product_cat?post=50215"},{"taxonomy":"product_tag","embeddable":true,"href":"https:\/\/www.finmasiko.fi\/verkkokauppa\/catalog\/wp-json\/wp\/v2\/product_tag?post=50215"}],"curies":[{"name":"wp","href":"https:\/\/api.w.org\/{rel}","templated":true}]}}