{"id":50213,"date":"2022-10-24T14:53:42","date_gmt":"2022-10-24T11:53:42","guid":{"rendered":"https:\/\/www.finmasiko.fi\/verkkokauppa\/catalog\/?post_type=product&#038;p=50213"},"modified":"2026-04-17T16:31:58","modified_gmt":"2026-04-17T13:31:58","slug":"polttoaineen-siirtopumppu-3918076","status":"publish","type":"product","link":"https:\/\/www.finmasiko.fi\/verkkokauppa\/catalog\/tuote\/polttoaineen-siirtopumppu-3918076\/","title":{"rendered":"POLTTOAINEEN SIIRTOPUMPPU &#8211; 3918076"},"content":{"rendered":"<p>Tuote k\u00e4y seuraaviin koneisiin:(huom muista mainita koneesi valmistenumero tilauksesi yhteydess\u00e4)<br \/>\nThe product is in the following machines:(remember to mention your machine&#8217;s serial number when ordering)<\/p>\n<p>CUMMINS 4BT 3.9<br \/>\nSAMSUNG SE130LC-2<\/p>\n<p>HUOM, TARKISTA SY\u00d6TT\u00d6PUMPUN TYYPPI. K\u00c4Y MOOTTOREIHIN JOSSA ON JAKAJAPUMPPU<\/p>\n","protected":false},"excerpt":{"rendered":"<p>Tuote k\u00e4y seuraaviin koneisiin:(huom muista mainita koneesi valmistenumero tilauksesi yhteydess\u00e4) The product is in the following machines:(remember to mention your machine&#8217;s serial number when ordering) CUMMINS 4BT 3.9 SAMSUNG SE130LC-2 HUOM, TARKISTA SY\u00d6TT\u00d6PUMPUN TYYPPI. K\u00c4Y MOOTTOREIHIN JOSSA ON JAKAJAPUMPPU<\/p>\n","protected":false},"featured_media":50214,"template":"","meta":[],"product_cat":[3914],"product_tag":[],"class_list":{"0":"post-50213","1":"product","2":"type-product","3":"status-publish","4":"has-post-thumbnail","6":"product_cat-moottorin-osat-se-130-lc-2","7":"product_shipping_class-4724","9":"first","10":"instock","11":"taxable","12":"shipping-taxable","13":"purchasable","14":"product-type-simple"},"_links":{"self":[{"href":"https:\/\/www.finmasiko.fi\/verkkokauppa\/catalog\/wp-json\/wp\/v2\/product\/50213","targetHints":{"allow":["GET"]}}],"collection":[{"href":"https:\/\/www.finmasiko.fi\/verkkokauppa\/catalog\/wp-json\/wp\/v2\/product"}],"about":[{"href":"https:\/\/www.finmasiko.fi\/verkkokauppa\/catalog\/wp-json\/wp\/v2\/types\/product"}],"wp:featuredmedia":[{"embeddable":true,"href":"https:\/\/www.finmasiko.fi\/verkkokauppa\/catalog\/wp-json\/wp\/v2\/media\/50214"}],"wp:attachment":[{"href":"https:\/\/www.finmasiko.fi\/verkkokauppa\/catalog\/wp-json\/wp\/v2\/media?parent=50213"}],"wp:term":[{"taxonomy":"product_cat","embeddable":true,"href":"https:\/\/www.finmasiko.fi\/verkkokauppa\/catalog\/wp-json\/wp\/v2\/product_cat?post=50213"},{"taxonomy":"product_tag","embeddable":true,"href":"https:\/\/www.finmasiko.fi\/verkkokauppa\/catalog\/wp-json\/wp\/v2\/product_tag?post=50213"}],"curies":[{"name":"wp","href":"https:\/\/api.w.org\/{rel}","templated":true}]}}