{"id":49925,"date":"2022-01-18T09:05:56","date_gmt":"2022-01-18T07:05:56","guid":{"rendered":"https:\/\/www.finmasiko.fi\/verkkokauppa\/catalog\/?post_type=product&#038;p=49925"},"modified":"2026-04-14T16:07:59","modified_gmt":"2026-04-14T13:07:59","slug":"kaantomoottori-14552686","status":"publish","type":"product","link":"https:\/\/www.finmasiko.fi\/verkkokauppa\/catalog\/tuote\/kaantomoottori-14552686\/","title":{"rendered":"K\u00e4\u00e4nt\u00f6moottori &#8211; 14552686"},"content":{"rendered":"<p>Uusi Flutekin k\u00e4\u00e4nt\u00f6moottori<\/p>\n<p>Tuote k\u00e4y seuraaviin koneisiin:(huom muista mainita koneesi valmistenumero tilauksesi yhteydess\u00e4)<br \/>\nThe product is in the following machines:(remember to mention your machine&#8217;s serial number when ordering)<\/p>\n<p>Volvo EC200B<br \/>\nVolvo EC210BLC<br \/>\nVolvo EC210BLR<br \/>\nVolvo EC210BNLC<br \/>\nVolvo EC210CL<br \/>\nVolvo EC210CLD<br \/>\nVolvo EC210CLR<br \/>\nVolvo EC210CNL<br \/>\nVolvo EC220DL<br \/>\nVolvo EC220DNL<br \/>\nVolvo EC220D<br \/>\nVolvo EC220EL<br \/>\nVolvo EC220ENL<br \/>\nVolvo EC235CLD<br \/>\nVolvo EC235DNL<br \/>\nVolvo ECR235CL<br \/>\nVolvo ECR235DL<\/p>\n<p>Volvo EW180C<br \/>\nVolvo EW180D<br \/>\nVolvo EW205D<\/p>\n<p>Volvo FC2121C<br \/>\nVolvo EC2421C<\/p>\n<p>&nbsp;<\/p>\n","protected":false},"excerpt":{"rendered":"<p>Uusi Flutekin k\u00e4\u00e4nt\u00f6moottori Tuote k\u00e4y seuraaviin koneisiin:(huom muista mainita koneesi valmistenumero tilauksesi yhteydess\u00e4) The product is in the following machines:(remember to mention your machine&#8217;s serial number when ordering) Volvo EC200B Volvo EC210BLC Volvo EC210BLR Volvo EC210BNLC Volvo EC210CL Volvo EC210CLD Volvo EC210CLR Volvo EC210CNL Volvo EC220DL Volvo EC220DNL Volvo EC220D Volvo EC220EL Volvo EC220ENL Volvo [&hellip;]<\/p>\n","protected":false},"featured_media":29099,"template":"","meta":[],"product_cat":[4820,4819,4113,4127,4169,4183,4505,4519,4757],"product_tag":[],"class_list":{"0":"post-49925","1":"product","2":"type-product","3":"status-publish","4":"has-post-thumbnail","6":"product_cat-ec200b","7":"product_cat-ec235dnl","8":"product_cat-hydrauliikka-ec210blc","9":"product_cat-hydrauliikka-ec210cl","10":"product_cat-hydrauliikka-ec220dl","11":"product_cat-hydrauliikka-ec235cld","12":"product_cat-hydrauliikka-ecr235cl","13":"product_cat-hydrauliikka-ecr235dl","14":"product_cat-hydrauliikka-ec220el","15":"product_shipping_class-4726","17":"first","18":"instock","19":"sold-individually","20":"taxable","21":"shipping-taxable","22":"product-type-simple"},"_links":{"self":[{"href":"https:\/\/www.finmasiko.fi\/verkkokauppa\/catalog\/wp-json\/wp\/v2\/product\/49925","targetHints":{"allow":["GET"]}}],"collection":[{"href":"https:\/\/www.finmasiko.fi\/verkkokauppa\/catalog\/wp-json\/wp\/v2\/product"}],"about":[{"href":"https:\/\/www.finmasiko.fi\/verkkokauppa\/catalog\/wp-json\/wp\/v2\/types\/product"}],"wp:featuredmedia":[{"embeddable":true,"href":"https:\/\/www.finmasiko.fi\/verkkokauppa\/catalog\/wp-json\/wp\/v2\/media\/29099"}],"wp:attachment":[{"href":"https:\/\/www.finmasiko.fi\/verkkokauppa\/catalog\/wp-json\/wp\/v2\/media?parent=49925"}],"wp:term":[{"taxonomy":"product_cat","embeddable":true,"href":"https:\/\/www.finmasiko.fi\/verkkokauppa\/catalog\/wp-json\/wp\/v2\/product_cat?post=49925"},{"taxonomy":"product_tag","embeddable":true,"href":"https:\/\/www.finmasiko.fi\/verkkokauppa\/catalog\/wp-json\/wp\/v2\/product_tag?post=49925"}],"curies":[{"name":"wp","href":"https:\/\/api.w.org\/{rel}","templated":true}]}}