{"id":49923,"date":"2022-01-17T14:58:39","date_gmt":"2022-01-17T12:58:39","guid":{"rendered":"https:\/\/www.finmasiko.fi\/verkkokauppa\/catalog\/?post_type=product&#038;p=49923"},"modified":"2026-04-14T16:08:06","modified_gmt":"2026-04-14T13:08:06","slug":"hydrauliikkapumppu-14555190-14685297","status":"publish","type":"product","link":"https:\/\/www.finmasiko.fi\/verkkokauppa\/catalog\/tuote\/hydrauliikkapumppu-14555190-14685297\/","title":{"rendered":"Hydrauliikkapumppu &#8211; 14555190 \/ 14685297"},"content":{"rendered":"<p>Uusi Volvon alkuper\u00e4inen pumppu<\/p>\n<p>Tuote k\u00e4y seuraaviin koneisiin:(huom muista mainita koneesi valmistenumero tilauksesi yhteydess\u00e4)<br \/>\nThe product is in the following machines:(remember to mention your machine&#8217;s serial number when ordering)<\/p>\n<p>Volvo EC140CL<br \/>\nVolvo EC140CLM<\/p>\n<p>&nbsp;<\/p>\n","protected":false},"excerpt":{"rendered":"<p>Uusi Volvon alkuper\u00e4inen pumppu Tuote k\u00e4y seuraaviin koneisiin:(huom muista mainita koneesi valmistenumero tilauksesi yhteydess\u00e4) The product is in the following machines:(remember to mention your machine&#8217;s serial number when ordering) Volvo EC140CL Volvo EC140CLM &nbsp;<\/p>\n","protected":false},"featured_media":28932,"template":"","meta":[],"product_cat":[3959,3973],"product_tag":[],"class_list":{"0":"post-49923","1":"product","2":"type-product","3":"status-publish","4":"has-post-thumbnail","6":"product_cat-hydrauliikka-ec140cl","7":"product_cat-hydrauliikka-ec140clm","8":"product_shipping_class-4726","10":"first","11":"instock","12":"taxable","13":"shipping-taxable","14":"product-type-simple"},"_links":{"self":[{"href":"https:\/\/www.finmasiko.fi\/verkkokauppa\/catalog\/wp-json\/wp\/v2\/product\/49923","targetHints":{"allow":["GET"]}}],"collection":[{"href":"https:\/\/www.finmasiko.fi\/verkkokauppa\/catalog\/wp-json\/wp\/v2\/product"}],"about":[{"href":"https:\/\/www.finmasiko.fi\/verkkokauppa\/catalog\/wp-json\/wp\/v2\/types\/product"}],"wp:featuredmedia":[{"embeddable":true,"href":"https:\/\/www.finmasiko.fi\/verkkokauppa\/catalog\/wp-json\/wp\/v2\/media\/28932"}],"wp:attachment":[{"href":"https:\/\/www.finmasiko.fi\/verkkokauppa\/catalog\/wp-json\/wp\/v2\/media?parent=49923"}],"wp:term":[{"taxonomy":"product_cat","embeddable":true,"href":"https:\/\/www.finmasiko.fi\/verkkokauppa\/catalog\/wp-json\/wp\/v2\/product_cat?post=49923"},{"taxonomy":"product_tag","embeddable":true,"href":"https:\/\/www.finmasiko.fi\/verkkokauppa\/catalog\/wp-json\/wp\/v2\/product_tag?post=49923"}],"curies":[{"name":"wp","href":"https:\/\/api.w.org\/{rel}","templated":true}]}}