{"id":49594,"date":"2020-10-07T13:29:20","date_gmt":"2020-10-07T10:29:20","guid":{"rendered":"https:\/\/www.finmasiko.fi\/verkkokauppa\/catalog\/?post_type=product&#038;p=49594"},"modified":"2026-04-16T16:19:04","modified_gmt":"2026-04-16T13:19:04","slug":"lammityslaitteen-puhallusmoottori-11n6-90700","status":"publish","type":"product","link":"https:\/\/www.finmasiko.fi\/verkkokauppa\/catalog\/tuote\/lammityslaitteen-puhallusmoottori-11n6-90700\/","title":{"rendered":"L\u00e4mmityslaitteen puhallusmoottori &#8211; 11N6-90700"},"content":{"rendered":"<p>Alkuper\u00e4inen Hyundai-puhallinmoottori.<\/p>\n<p>K\u00e4y l\u00e4hes kaikkiin 7- ja 9 sarjan Hyundai-koneisiin.<br \/>\nHuom muista mainita koneesi malli ja valmistenumero tilauksesi yhteydess\u00e4.<\/p>\n","protected":false},"excerpt":{"rendered":"<p>Alkuper\u00e4inen Hyundai-puhallinmoottori. K\u00e4y l\u00e4hes kaikkiin 7- ja 9 sarjan Hyundai-koneisiin. Huom muista mainita koneesi malli ja valmistenumero tilauksesi yhteydess\u00e4.<\/p>\n","protected":false},"featured_media":49595,"template":"","meta":[],"product_cat":[2282,2674,2660,2646,2632,2618,2604,2576,2562,2548,2534,2520,2506,2492,2464,2450,2436,2422,2408,2394,2380,2366,2352,2338,2324,2310,2296,2268],"product_tag":[],"class_list":{"0":"post-49594","1":"product","2":"type-product","3":"status-publish","4":"has-post-thumbnail","6":"product_cat-lammitys-ilmastointi-r-110-7a","7":"product_cat-lammitys-ilmastointi-r520lc-9","8":"product_cat-lammitys-ilmastointi-r480lc-9","9":"product_cat-lammitys-ilmastointi-r380lc-9","10":"product_cat-lammitys-ilmastointi-r320lc-9","11":"product_cat-lammitys-ilmastointi-r250lc-9","12":"product_cat-lammitys-ilmastointi-r290lc-9","13":"product_cat-lammitys-ilmastointi-r210nlc-9","14":"product_cat-lammitys-ilmastointi-r210lc-9","15":"product_cat-lammitys-ilmastointi-r210w-9","16":"product_cat-lammitys-ilmastointi-r180lc-9","17":"product_cat-lammitys-ilmastointi-r170w-9","18":"product_cat-lammitys-ilmastointi-r160lc-9","19":"product_cat-lammitys-ilmastointi-r140w-9","20":"product_cat-lammitys-ilmastointi-r140lc-9","21":"product_cat-lammitys-ilmastointi-r290lc-7a","22":"product_cat-lammitys-ilmastointi-r290lc-7","23":"product_cat-lammitys-ilmastointi-r250lc-7a","24":"product_cat-lammitys-ilmastointi-r250lc-7","25":"product_cat-lammitys-ilmastointi-r210lc-7a","26":"product_cat-lammitys-ilmastointi-r210lc-7","27":"product_cat-lammitys-ilmastointi-r180lc-7a","28":"product_cat-lammitys-ilmastointi-r180lc-7","29":"product_cat-lammitys-ilmastointi-r160lc-7a","30":"product_cat-lammitys-ilmastointi-r160lc-7","31":"product_cat-lammitys-ilmastointi-r140lc-7a","32":"product_cat-lammitys-ilmastointi-r140lc-7","33":"product_cat-lammitys-ilmastointi","34":"product_shipping_class-4724","36":"first","37":"instock","38":"taxable","39":"shipping-taxable","40":"purchasable","41":"product-type-simple"},"_links":{"self":[{"href":"https:\/\/www.finmasiko.fi\/verkkokauppa\/catalog\/wp-json\/wp\/v2\/product\/49594","targetHints":{"allow":["GET"]}}],"collection":[{"href":"https:\/\/www.finmasiko.fi\/verkkokauppa\/catalog\/wp-json\/wp\/v2\/product"}],"about":[{"href":"https:\/\/www.finmasiko.fi\/verkkokauppa\/catalog\/wp-json\/wp\/v2\/types\/product"}],"wp:featuredmedia":[{"embeddable":true,"href":"https:\/\/www.finmasiko.fi\/verkkokauppa\/catalog\/wp-json\/wp\/v2\/media\/49595"}],"wp:attachment":[{"href":"https:\/\/www.finmasiko.fi\/verkkokauppa\/catalog\/wp-json\/wp\/v2\/media?parent=49594"}],"wp:term":[{"taxonomy":"product_cat","embeddable":true,"href":"https:\/\/www.finmasiko.fi\/verkkokauppa\/catalog\/wp-json\/wp\/v2\/product_cat?post=49594"},{"taxonomy":"product_tag","embeddable":true,"href":"https:\/\/www.finmasiko.fi\/verkkokauppa\/catalog\/wp-json\/wp\/v2\/product_tag?post=49594"}],"curies":[{"name":"wp","href":"https:\/\/api.w.org\/{rel}","templated":true}]}}