{"id":49570,"date":"2020-08-04T09:53:35","date_gmt":"2020-08-04T06:53:35","guid":{"rendered":"https:\/\/www.finmasiko.fi\/verkkokauppa\/catalog\/?post_type=product&#038;p=49570"},"modified":"2026-04-30T16:24:36","modified_gmt":"2026-04-30T13:24:36","slug":"letku-470464","status":"publish","type":"product","link":"https:\/\/www.finmasiko.fi\/verkkokauppa\/catalog\/tuote\/letku-470464\/","title":{"rendered":"LETKU &#8211; 470464"},"content":{"rendered":"<p>Tuote k\u00e4y seuraaviin koneisiin:(huom muista mainita koneesi valmistenumero tilauksesi yhteydess\u00e4)<br \/>\nThe product is in the following machines:(remember to mention your machine&#8217;s serial number when ordering)<\/p>\n<p>PY\u00d6R\u00c4KUORMAAJAT\/WHEEL LOADERS<br \/>\nVOLVO L180<br \/>\nVOLVO L180C<br \/>\nVOLVO L180D<br \/>\nVOLVO L220D<\/p>\n<p>DUMPPERIT \/ ARTICULATED HAULERS<br \/>\nVOLVO A35<br \/>\nVOLVO A35C<br \/>\nVOLVO A40<\/p>\n<p>KAIVINKONEET\/EXCAVATORS<br \/>\nVOLVO\/\u00c5KERMAN EC450<br \/>\n\u00c5KERMAN EC620<br \/>\n\u00c5KERMAN EC650<\/p>\n","protected":false},"excerpt":{"rendered":"<p>Tuote k\u00e4y seuraaviin koneisiin:(huom muista mainita koneesi valmistenumero tilauksesi yhteydess\u00e4) The product is in the following machines:(remember to mention your machine&#8217;s serial number when ordering) PY\u00d6R\u00c4KUORMAAJAT\/WHEEL LOADERS VOLVO L180 VOLVO L180C VOLVO L180D VOLVO L220D DUMPPERIT \/ ARTICULATED HAULERS VOLVO A35 VOLVO A35C VOLVO A40 KAIVINKONEET\/EXCAVATORS VOLVO\/\u00c5KERMAN EC450 \u00c5KERMAN EC620 \u00c5KERMAN EC650<\/p>\n","protected":false},"featured_media":49571,"template":"","meta":[],"product_cat":[4696,4697,4698,4706,4707,3224,3238,3252,3308],"product_tag":[],"class_list":{"0":"post-49570","1":"product","2":"type-product","3":"status-publish","4":"has-post-thumbnail","6":"product_cat-a35-volvo-bm","7":"product_cat-a35c-volvo","8":"product_cat-a35c-volvo-bm","9":"product_cat-a40-volvo","10":"product_cat-a40-volvo-bm","11":"product_cat-moottorin-osat-l180","12":"product_cat-moottorin-osat-l180c","13":"product_cat-moottorin-osat-l180d","14":"product_cat-moottorin-osat-l220d","15":"product_shipping_class-4724","17":"first","18":"outofstock","19":"sold-individually","20":"taxable","21":"shipping-taxable","22":"purchasable","23":"product-type-simple"},"_links":{"self":[{"href":"https:\/\/www.finmasiko.fi\/verkkokauppa\/catalog\/wp-json\/wp\/v2\/product\/49570","targetHints":{"allow":["GET"]}}],"collection":[{"href":"https:\/\/www.finmasiko.fi\/verkkokauppa\/catalog\/wp-json\/wp\/v2\/product"}],"about":[{"href":"https:\/\/www.finmasiko.fi\/verkkokauppa\/catalog\/wp-json\/wp\/v2\/types\/product"}],"wp:featuredmedia":[{"embeddable":true,"href":"https:\/\/www.finmasiko.fi\/verkkokauppa\/catalog\/wp-json\/wp\/v2\/media\/49571"}],"wp:attachment":[{"href":"https:\/\/www.finmasiko.fi\/verkkokauppa\/catalog\/wp-json\/wp\/v2\/media?parent=49570"}],"wp:term":[{"taxonomy":"product_cat","embeddable":true,"href":"https:\/\/www.finmasiko.fi\/verkkokauppa\/catalog\/wp-json\/wp\/v2\/product_cat?post=49570"},{"taxonomy":"product_tag","embeddable":true,"href":"https:\/\/www.finmasiko.fi\/verkkokauppa\/catalog\/wp-json\/wp\/v2\/product_tag?post=49570"}],"curies":[{"name":"wp","href":"https:\/\/api.w.org\/{rel}","templated":true}]}}