{"id":48080,"date":"2020-02-19T09:22:36","date_gmt":"2020-02-19T07:22:36","guid":{"rendered":"https:\/\/www.finmasiko.fi\/verkkokauppa\/catalog\/?post_type=product&#038;p=48080"},"modified":"2026-04-17T16:12:05","modified_gmt":"2026-04-17T13:12:05","slug":"lampoanturi-sisatila-14514330","status":"publish","type":"product","link":"https:\/\/www.finmasiko.fi\/verkkokauppa\/catalog\/tuote\/lampoanturi-sisatila-14514330\/","title":{"rendered":"L\u00e4mp\u00f6anturi sis\u00e4tila &#8211; 14514330"},"content":{"rendered":"<p>Ohjaanmon sis\u00e4l\u00e4mp\u00f6tila-anturi.<\/p>\n","protected":false},"excerpt":{"rendered":"<p>Ohjaanmon sis\u00e4l\u00e4mp\u00f6tila-anturi.<\/p>\n","protected":false},"featured_media":48081,"template":"","meta":[],"product_cat":[3907,2685],"product_tag":[],"class_list":{"0":"post-48080","1":"product","2":"type-product","3":"status-publish","4":"has-post-thumbnail","6":"product_cat-kaikki-volvo-kaivinkoneiden-varaosat","7":"product_cat-kaikki-volvo-pyorakoneen-varaosat","8":"product_shipping_class-4724","10":"first","11":"instock","12":"taxable","13":"shipping-taxable","14":"purchasable","15":"product-type-simple"},"_links":{"self":[{"href":"https:\/\/www.finmasiko.fi\/verkkokauppa\/catalog\/wp-json\/wp\/v2\/product\/48080","targetHints":{"allow":["GET"]}}],"collection":[{"href":"https:\/\/www.finmasiko.fi\/verkkokauppa\/catalog\/wp-json\/wp\/v2\/product"}],"about":[{"href":"https:\/\/www.finmasiko.fi\/verkkokauppa\/catalog\/wp-json\/wp\/v2\/types\/product"}],"wp:featuredmedia":[{"embeddable":true,"href":"https:\/\/www.finmasiko.fi\/verkkokauppa\/catalog\/wp-json\/wp\/v2\/media\/48081"}],"wp:attachment":[{"href":"https:\/\/www.finmasiko.fi\/verkkokauppa\/catalog\/wp-json\/wp\/v2\/media?parent=48080"}],"wp:term":[{"taxonomy":"product_cat","embeddable":true,"href":"https:\/\/www.finmasiko.fi\/verkkokauppa\/catalog\/wp-json\/wp\/v2\/product_cat?post=48080"},{"taxonomy":"product_tag","embeddable":true,"href":"https:\/\/www.finmasiko.fi\/verkkokauppa\/catalog\/wp-json\/wp\/v2\/product_tag?post=48080"}],"curies":[{"name":"wp","href":"https:\/\/api.w.org\/{rel}","templated":true}]}}