{"id":29449,"date":"2019-05-29T10:13:59","date_gmt":"2019-05-29T07:13:59","guid":{"rendered":"https:\/\/www.finmasiko.fi\/verkkokauppa\/catalog\/?post_type=product&#038;p=29449"},"modified":"2026-04-17T16:16:23","modified_gmt":"2026-04-17T13:16:23","slug":"kumimatto-14568567","status":"publish","type":"product","link":"https:\/\/www.finmasiko.fi\/verkkokauppa\/catalog\/tuote\/kumimatto-14568567\/","title":{"rendered":"Kumimatto &#8211; 14568567"},"content":{"rendered":"<p>T\u00e4m\u00e4 on paksua kumia. Paino noin 5kg. Mitat l\u00f6yd\u00e4t kuvasta. Matto k\u00e4y useisiin ohjaamoihin, sill\u00e4 mattoa on helppo leikata sopivaksi.<\/p>\n","protected":false},"excerpt":{"rendered":"<p>T\u00e4m\u00e4 on paksua kumia. Paino noin 5kg. Mitat l\u00f6yd\u00e4t kuvasta. Matto k\u00e4y useisiin ohjaamoihin, sill\u00e4 mattoa on helppo leikata sopivaksi.<\/p>\n","protected":false},"featured_media":29450,"template":"","meta":[],"product_cat":[3907],"product_tag":[],"class_list":{"0":"post-29449","1":"product","2":"type-product","3":"status-publish","4":"has-post-thumbnail","6":"product_cat-kaikki-volvo-kaivinkoneiden-varaosat","7":"product_shipping_class-4724","9":"first","10":"instock","11":"taxable","12":"shipping-taxable","13":"purchasable","14":"product-type-simple"},"_links":{"self":[{"href":"https:\/\/www.finmasiko.fi\/verkkokauppa\/catalog\/wp-json\/wp\/v2\/product\/29449","targetHints":{"allow":["GET"]}}],"collection":[{"href":"https:\/\/www.finmasiko.fi\/verkkokauppa\/catalog\/wp-json\/wp\/v2\/product"}],"about":[{"href":"https:\/\/www.finmasiko.fi\/verkkokauppa\/catalog\/wp-json\/wp\/v2\/types\/product"}],"wp:featuredmedia":[{"embeddable":true,"href":"https:\/\/www.finmasiko.fi\/verkkokauppa\/catalog\/wp-json\/wp\/v2\/media\/29450"}],"wp:attachment":[{"href":"https:\/\/www.finmasiko.fi\/verkkokauppa\/catalog\/wp-json\/wp\/v2\/media?parent=29449"}],"wp:term":[{"taxonomy":"product_cat","embeddable":true,"href":"https:\/\/www.finmasiko.fi\/verkkokauppa\/catalog\/wp-json\/wp\/v2\/product_cat?post=29449"},{"taxonomy":"product_tag","embeddable":true,"href":"https:\/\/www.finmasiko.fi\/verkkokauppa\/catalog\/wp-json\/wp\/v2\/product_tag?post=29449"}],"curies":[{"name":"wp","href":"https:\/\/api.w.org\/{rel}","templated":true}]}}