{"id":28471,"date":"2018-11-28T15:50:41","date_gmt":"2018-11-28T13:50:41","guid":{"rendered":"https:\/\/www.finmasiko.fi\/verkkokauppa\/catalog\/kauppa\/tuulilasi-11007976\/"},"modified":"2026-04-17T15:58:36","modified_gmt":"2026-04-17T12:58:36","slug":"tuulilasi-11007976","status":"publish","type":"product","link":"https:\/\/www.finmasiko.fi\/verkkokauppa\/catalog\/tuote\/tuulilasi-11007976\/","title":{"rendered":"Tuulilasi &#8211; 11007976"},"content":{"rendered":"<p>VOLVO, B C D E-<br \/>\npy\u00f6r\u00e4koneen tuulilasi<\/p>\n<p>Tuote k\u00e4y seuraaviin koneisiin:<br \/>\n(huom muista mainita koneesi valmistenumero tilauksesi yhteydess\u00e4)<\/p>\n<p>The product is in the following machines:<br \/>\n(remember to mention your machine&#8217;s serial number when ordering)<\/p>\n<p>L50C<br \/>\nL50D<br \/>\nL50E<br \/>\nL60E<br \/>\nL70B<br \/>\nL70C<br \/>\nL70D<br \/>\nL70E<br \/>\nL90C<br \/>\nL90D<br \/>\nL90E<br \/>\nL110E<br \/>\nL120C<br \/>\nL120D<br \/>\nL120E<br \/>\nL150<br \/>\nL150C<br \/>\nL150D<br \/>\nL150E<br \/>\nL180C<br \/>\nL180D<br \/>\nL180E<br \/>\nL220D<br \/>\nL220E<br \/>\nL330C<br \/>\nL330D<br \/>\nL330E<\/p>\n<p>&nbsp;<\/p>\n","protected":false},"excerpt":{"rendered":"<p>VOLVO, B C D E- py\u00f6r\u00e4koneen tuulilasi Tuote k\u00e4y seuraaviin koneisiin: (huom muista mainita koneesi valmistenumero tilauksesi yhteydess\u00e4) The product is in the following machines: (remember to mention your machine&#8217;s serial number when ordering) L50C L50D L50E L60E L70B L70C L70D L70E L90C L90D L90E L110E L120C L120D L120E L150 L150C L150D L150E L180C L180D [&hellip;]<\/p>\n","protected":false},"featured_media":29132,"template":"","meta":[],"product_cat":[2685,3081,3403,3389,3375,3319,3305,3263,3249,3235,3179,3165,3151,3137,3095,2829,2717,2731,2745,2759,2773,2815,3067,2843,2857,2913,2927,2941,2955,2997,3053],"product_tag":[],"class_list":{"0":"post-28471","1":"product","2":"type-product","3":"status-publish","4":"has-post-thumbnail","6":"product_cat-kaikki-volvo-pyorakoneen-varaosat","7":"product_cat-ohjaamo-lasit-l120d","8":"product_cat-ohjaamo-lasit-l330e","9":"product_cat-ohjaamo-lasit-l330d","10":"product_cat-ohjaamo-lasit-l330c","11":"product_cat-ohjaamo-lasit-l220e","12":"product_cat-ohjaamo-lasit-l220d","13":"product_cat-ohjaamo-lasit-l180e","14":"product_cat-ohjaamo-lasit-l180d","15":"product_cat-ohjaamo-lasit-l180c","16":"product_cat-ohjaamo-lasit-l150e","17":"product_cat-ohjaamo-lasit-l150d","18":"product_cat-ohjaamo-lasit-l150c","19":"product_cat-ohjaamo-lasit-l150","20":"product_cat-ohjaamo-lasit-l120e","21":"product_cat-ohjaamo-lasit-l70c","22":"product_cat-ohjaamo-lasit-l50b","23":"product_cat-ohjaamo-lasit-l50c","24":"product_cat-ohjaamo-lasit-l50d","25":"product_cat-ohjaamo-lasit-l50e","26":"product_cat-ohjaamo-lasit-l60e","27":"product_cat-ohjaamo-lasit-l70b","28":"product_cat-ohjaamo-lasit-l120c","29":"product_cat-ohjaamo-lasit-l70d","30":"product_cat-ohjaamo-lasit-l70e","31":"product_cat-ohjaamo-lasit-l90b","32":"product_cat-ohjaamo-lasit-l90c","33":"product_cat-ohjaamo-lasit-l90d","34":"product_cat-ohjaamo-lasit-l90e","35":"product_cat-ohjaamo-lasit-l110e","36":"product_cat-ohjaamo-lasit-l120b","37":"product_shipping_class-4727","39":"first","40":"outofstock","41":"sold-individually","42":"taxable","43":"shipping-taxable","44":"product-type-simple"},"_links":{"self":[{"href":"https:\/\/www.finmasiko.fi\/verkkokauppa\/catalog\/wp-json\/wp\/v2\/product\/28471","targetHints":{"allow":["GET"]}}],"collection":[{"href":"https:\/\/www.finmasiko.fi\/verkkokauppa\/catalog\/wp-json\/wp\/v2\/product"}],"about":[{"href":"https:\/\/www.finmasiko.fi\/verkkokauppa\/catalog\/wp-json\/wp\/v2\/types\/product"}],"wp:featuredmedia":[{"embeddable":true,"href":"https:\/\/www.finmasiko.fi\/verkkokauppa\/catalog\/wp-json\/wp\/v2\/media\/29132"}],"wp:attachment":[{"href":"https:\/\/www.finmasiko.fi\/verkkokauppa\/catalog\/wp-json\/wp\/v2\/media?parent=28471"}],"wp:term":[{"taxonomy":"product_cat","embeddable":true,"href":"https:\/\/www.finmasiko.fi\/verkkokauppa\/catalog\/wp-json\/wp\/v2\/product_cat?post=28471"},{"taxonomy":"product_tag","embeddable":true,"href":"https:\/\/www.finmasiko.fi\/verkkokauppa\/catalog\/wp-json\/wp\/v2\/product_tag?post=28471"}],"curies":[{"name":"wp","href":"https:\/\/api.w.org\/{rel}","templated":true}]}}