{"id":28439,"date":"2018-11-28T15:50:36","date_gmt":"2018-11-28T13:50:36","guid":{"rendered":"https:\/\/www.finmasiko.fi\/verkkokauppa\/catalog\/kauppa\/paisuntasailio-1676400\/"},"modified":"2026-04-17T16:21:30","modified_gmt":"2026-04-17T13:21:30","slug":"paisuntasailio-1676400","status":"publish","type":"product","link":"https:\/\/www.finmasiko.fi\/verkkokauppa\/catalog\/tuote\/paisuntasailio-1676400\/","title":{"rendered":"Paisuntas\u00e4ili\u00f6 &#8211; 1676400"},"content":{"rendered":"<p>Tuote k\u00e4y seuraaviin koneisiin:<br \/>\n(huom muista mainita koneesi valmistenumero tilauksesi yhteydess\u00e4)<\/p>\n<p>The product is in the following machines:<br \/>\n(remember to mention your machine&#8217;s serial number when ordering)<\/p>\n<p>All Volvo Wheel-loader parts<br \/>\nL150E<br \/>\nL150F<br \/>\nL180E<br \/>\nL180F<br \/>\nL220E<br \/>\nL220F<\/p>\n","protected":false},"excerpt":{"rendered":"<p>Tuote k\u00e4y seuraaviin koneisiin: (huom muista mainita koneesi valmistenumero tilauksesi yhteydess\u00e4) The product is in the following machines: (remember to mention your machine&#8217;s serial number when ordering) All Volvo Wheel-loader parts L150E L150F L180E L180F L220E L220F<\/p>\n","protected":false},"featured_media":29107,"template":"","meta":[],"product_cat":[2685,3182,3196,3266,3280,3322,3336],"product_tag":[],"class_list":{"0":"post-28439","1":"product","2":"type-product","3":"status-publish","4":"has-post-thumbnail","6":"product_cat-kaikki-volvo-pyorakoneen-varaosat","7":"product_cat-moottorin-osat-l150e","8":"product_cat-moottorin-osat-l150f","9":"product_cat-moottorin-osat-l180e","10":"product_cat-moottorin-osat-l180f","11":"product_cat-moottorin-osat-l220e","12":"product_cat-moottorin-osat-l220f","13":"product_shipping_class-4724","15":"first","16":"instock","17":"taxable","18":"shipping-taxable","19":"purchasable","20":"product-type-simple"},"_links":{"self":[{"href":"https:\/\/www.finmasiko.fi\/verkkokauppa\/catalog\/wp-json\/wp\/v2\/product\/28439","targetHints":{"allow":["GET"]}}],"collection":[{"href":"https:\/\/www.finmasiko.fi\/verkkokauppa\/catalog\/wp-json\/wp\/v2\/product"}],"about":[{"href":"https:\/\/www.finmasiko.fi\/verkkokauppa\/catalog\/wp-json\/wp\/v2\/types\/product"}],"wp:featuredmedia":[{"embeddable":true,"href":"https:\/\/www.finmasiko.fi\/verkkokauppa\/catalog\/wp-json\/wp\/v2\/media\/29107"}],"wp:attachment":[{"href":"https:\/\/www.finmasiko.fi\/verkkokauppa\/catalog\/wp-json\/wp\/v2\/media?parent=28439"}],"wp:term":[{"taxonomy":"product_cat","embeddable":true,"href":"https:\/\/www.finmasiko.fi\/verkkokauppa\/catalog\/wp-json\/wp\/v2\/product_cat?post=28439"},{"taxonomy":"product_tag","embeddable":true,"href":"https:\/\/www.finmasiko.fi\/verkkokauppa\/catalog\/wp-json\/wp\/v2\/product_tag?post=28439"}],"curies":[{"name":"wp","href":"https:\/\/api.w.org\/{rel}","templated":true}]}}