{"id":28429,"date":"2018-11-28T15:50:34","date_gmt":"2018-11-28T13:50:34","guid":{"rendered":"https:\/\/www.finmasiko.fi\/verkkokauppa\/catalog\/kauppa\/paisuntasailio-17214674\/"},"modified":"2026-04-14T16:14:20","modified_gmt":"2026-04-14T13:14:20","slug":"paisuntasailio-17214674","status":"publish","type":"product","link":"https:\/\/www.finmasiko.fi\/verkkokauppa\/catalog\/tuote\/paisuntasailio-17214674\/","title":{"rendered":"Paisuntas\u00e4ili\u00f6 &#8211; 17214674"},"content":{"rendered":"<p>Tuote k\u00e4y seuraaviin koneisiin:<br \/>\n(huom muista mainita koneesi valmistenumero tilauksesi yhteydess\u00e4)<\/p>\n<p>The product is in the following machines:<br \/>\n(remember to mention your machine&#8217;s serial number when ordering)<\/p>\n<p>All Volvo Wheel-loader parts<br \/>\nL60F<br \/>\nL60G<br \/>\nL70F<br \/>\nL70G<br \/>\nL90F<br \/>\nL90G<\/p>\n","protected":false},"excerpt":{"rendered":"<p>Tuote k\u00e4y seuraaviin koneisiin: (huom muista mainita koneesi valmistenumero tilauksesi yhteydess\u00e4) The product is in the following machines: (remember to mention your machine&#8217;s serial number when ordering) All Volvo Wheel-loader parts L60F L60G L70F L70G L90F L90G<\/p>\n","protected":false},"featured_media":29098,"template":"","meta":[],"product_cat":[2685,2692,2790,2874,2888,2972,2986],"product_tag":[],"class_list":{"0":"post-28429","1":"product","2":"type-product","3":"status-publish","4":"has-post-thumbnail","6":"product_cat-kaikki-volvo-pyorakoneen-varaosat","7":"product_cat-moottorin-osat-l60f","8":"product_cat-moottorin-osat-l60g","9":"product_cat-moottorin-osat-l70f","10":"product_cat-moottorin-osat-l70g","11":"product_cat-moottorin-osat-l90f","12":"product_cat-moottorin-osat-l90g","13":"product_shipping_class-4724","15":"first","16":"instock","17":"taxable","18":"shipping-taxable","19":"purchasable","20":"product-type-simple"},"_links":{"self":[{"href":"https:\/\/www.finmasiko.fi\/verkkokauppa\/catalog\/wp-json\/wp\/v2\/product\/28429","targetHints":{"allow":["GET"]}}],"collection":[{"href":"https:\/\/www.finmasiko.fi\/verkkokauppa\/catalog\/wp-json\/wp\/v2\/product"}],"about":[{"href":"https:\/\/www.finmasiko.fi\/verkkokauppa\/catalog\/wp-json\/wp\/v2\/types\/product"}],"wp:featuredmedia":[{"embeddable":true,"href":"https:\/\/www.finmasiko.fi\/verkkokauppa\/catalog\/wp-json\/wp\/v2\/media\/29098"}],"wp:attachment":[{"href":"https:\/\/www.finmasiko.fi\/verkkokauppa\/catalog\/wp-json\/wp\/v2\/media?parent=28429"}],"wp:term":[{"taxonomy":"product_cat","embeddable":true,"href":"https:\/\/www.finmasiko.fi\/verkkokauppa\/catalog\/wp-json\/wp\/v2\/product_cat?post=28429"},{"taxonomy":"product_tag","embeddable":true,"href":"https:\/\/www.finmasiko.fi\/verkkokauppa\/catalog\/wp-json\/wp\/v2\/product_tag?post=28429"}],"curies":[{"name":"wp","href":"https:\/\/api.w.org\/{rel}","templated":true}]}}