{"id":28405,"date":"2018-11-28T15:50:29","date_gmt":"2018-11-28T13:50:29","guid":{"rendered":"https:\/\/www.finmasiko.fi\/verkkokauppa\/catalog\/kauppa\/vaihteiston-lampoanturi-11419485\/"},"modified":"2026-04-17T16:04:53","modified_gmt":"2026-04-17T13:04:53","slug":"vaihteiston-lampoanturi-11419485","status":"publish","type":"product","link":"https:\/\/www.finmasiko.fi\/verkkokauppa\/catalog\/tuote\/vaihteiston-lampoanturi-11419485\/","title":{"rendered":"Vaihteiston l\u00e4mp\u00f6anturi &#8211; 11419485"},"content":{"rendered":"<p>Tuote k\u00e4y seuraaviin koneisiin:<br \/>\n(huom muista mainita koneesi valmistenumero tilauksesi yhteydess\u00e4)<\/p>\n<p>The product is in the following machines:<br \/>\n(remember to mention your machine&#8217;s serial number when ordering)<\/p>\n<p>All Volvo Wheel-loader parts<br \/>\nL50E<br \/>\nL60E<br \/>\nL70E<br \/>\nL90E<br \/>\nL110E<br \/>\nL120E<br \/>\nL150E<br \/>\nL180E<br \/>\nL220E<\/p>\n","protected":false},"excerpt":{"rendered":"<p>Tuote k\u00e4y seuraaviin koneisiin: (huom muista mainita koneesi valmistenumero tilauksesi yhteydess\u00e4) The product is in the following machines: (remember to mention your machine&#8217;s serial number when ordering) All Volvo Wheel-loader parts L50E L60E L70E L90E L110E L120E L150E L180E L220E<\/p>\n","protected":false},"featured_media":29075,"template":"","meta":[],"product_cat":[2685,2761,2775,2859,2957,2999,3097,3181,3265,3321],"product_tag":[],"class_list":{"0":"post-28405","1":"product","2":"type-product","3":"status-publish","4":"has-post-thumbnail","6":"product_cat-kaikki-volvo-pyorakoneen-varaosat","7":"product_cat-sahko-osat-laturit-startit-releet-valot-l50e","8":"product_cat-sahko-osat-laturit-startit-releet-valot-l60e","9":"product_cat-sahko-osat-laturit-startit-releet-valot-l70e","10":"product_cat-sahko-osat-laturit-startit-releet-valot-l90e","11":"product_cat-sahko-osat-laturit-startit-releet-valot-l110e","12":"product_cat-sahko-osat-laturit-startit-releet-valot-l120e","13":"product_cat-sahko-osat-laturit-startit-releet-valot-l150e","14":"product_cat-sahko-osat-laturit-startit-releet-valot-l180e","15":"product_cat-sahko-osat-laturit-startit-releet-valot-l220e","16":"product_shipping_class-4724","18":"first","19":"outofstock","20":"taxable","21":"shipping-taxable","22":"purchasable","23":"product-type-simple"},"_links":{"self":[{"href":"https:\/\/www.finmasiko.fi\/verkkokauppa\/catalog\/wp-json\/wp\/v2\/product\/28405","targetHints":{"allow":["GET"]}}],"collection":[{"href":"https:\/\/www.finmasiko.fi\/verkkokauppa\/catalog\/wp-json\/wp\/v2\/product"}],"about":[{"href":"https:\/\/www.finmasiko.fi\/verkkokauppa\/catalog\/wp-json\/wp\/v2\/types\/product"}],"wp:featuredmedia":[{"embeddable":true,"href":"https:\/\/www.finmasiko.fi\/verkkokauppa\/catalog\/wp-json\/wp\/v2\/media\/29075"}],"wp:attachment":[{"href":"https:\/\/www.finmasiko.fi\/verkkokauppa\/catalog\/wp-json\/wp\/v2\/media?parent=28405"}],"wp:term":[{"taxonomy":"product_cat","embeddable":true,"href":"https:\/\/www.finmasiko.fi\/verkkokauppa\/catalog\/wp-json\/wp\/v2\/product_cat?post=28405"},{"taxonomy":"product_tag","embeddable":true,"href":"https:\/\/www.finmasiko.fi\/verkkokauppa\/catalog\/wp-json\/wp\/v2\/product_tag?post=28405"}],"curies":[{"name":"wp","href":"https:\/\/api.w.org\/{rel}","templated":true}]}}