{"id":28399,"date":"2018-11-28T15:50:28","date_gmt":"2018-11-28T13:50:28","guid":{"rendered":"https:\/\/www.finmasiko.fi\/verkkokauppa\/catalog\/kauppa\/moottorinlampoanturi-11039193\/"},"modified":"2026-04-17T16:00:03","modified_gmt":"2026-04-17T13:00:03","slug":"moottorinlampoanturi-11039193","status":"publish","type":"product","link":"https:\/\/www.finmasiko.fi\/verkkokauppa\/catalog\/tuote\/moottorinlampoanturi-11039193\/","title":{"rendered":"Moottorinl\u00e4mp\u00f6anturi &#8211; 11039193"},"content":{"rendered":"<p>Tuote k\u00e4y seuraaviin koneisiin:<br \/>\n(huom muista mainita koneesi valmistenumero tilauksesi yhteydess\u00e4)<\/p>\n<p>The product is in the following machines:<br \/>\n(remember to mention your machine&#8217;s serial number when ordering)<\/p>\n<p>All Volvo Wheel-loader parts<br \/>\nL50D<br \/>\nL70B<br \/>\nL70C<br \/>\nL70D<br \/>\nL90B<br \/>\nL90C<br \/>\nL90D<br \/>\nL110E<br \/>\nL120B<br \/>\nL120C<br \/>\nL120D<br \/>\nL150<br \/>\nL150C<br \/>\nL150D<br \/>\nL150E<br \/>\nL180<br \/>\nL180C<br \/>\nL180D<br \/>\nL220D<\/p>\n","protected":false},"excerpt":{"rendered":"<p>Tuote k\u00e4y seuraaviin koneisiin: (huom muista mainita koneesi valmistenumero tilauksesi yhteydess\u00e4) The product is in the following machines: (remember to mention your machine&#8217;s serial number when ordering) All Volvo Wheel-loader parts L50D L70B L70C L70D L90B L90C L90D L110E L120B L120C L120D L150 L150C L150D L150E L180 L180C L180D L220D<\/p>\n","protected":false},"featured_media":29069,"template":"","meta":[],"product_cat":[2685,2747,3307,3251,3237,3223,3181,3167,3153,3139,3083,3069,3055,2999,2943,2929,2915,2845,2831,2817],"product_tag":[],"class_list":{"0":"post-28399","1":"product","2":"type-product","3":"status-publish","4":"has-post-thumbnail","6":"product_cat-kaikki-volvo-pyorakoneen-varaosat","7":"product_cat-sahko-osat-laturit-startit-releet-valot-l50d","8":"product_cat-sahko-osat-laturit-startit-releet-valot-l220d","9":"product_cat-sahko-osat-laturit-startit-releet-valot-l180d","10":"product_cat-sahko-osat-laturit-startit-releet-valot-l180c","11":"product_cat-sahko-osat-laturit-startit-releet-valot-l180","12":"product_cat-sahko-osat-laturit-startit-releet-valot-l150e","13":"product_cat-sahko-osat-laturit-startit-releet-valot-l150d","14":"product_cat-sahko-osat-laturit-startit-releet-valot-l150c","15":"product_cat-sahko-osat-laturit-startit-releet-valot-l150","16":"product_cat-sahko-osat-laturit-startit-releet-valot-l120d","17":"product_cat-sahko-osat-laturit-startit-releet-valot-l120c","18":"product_cat-sahko-osat-laturit-startit-releet-valot-l120b","19":"product_cat-sahko-osat-laturit-startit-releet-valot-l110e","20":"product_cat-sahko-osat-laturit-startit-releet-valot-l90d","21":"product_cat-sahko-osat-laturit-startit-releet-valot-l90c","22":"product_cat-sahko-osat-laturit-startit-releet-valot-l90b","23":"product_cat-sahko-osat-laturit-startit-releet-valot-l70d","24":"product_cat-sahko-osat-laturit-startit-releet-valot-l70c","25":"product_cat-sahko-osat-laturit-startit-releet-valot-l70b","26":"product_shipping_class-4724","28":"first","29":"instock","30":"taxable","31":"shipping-taxable","32":"purchasable","33":"product-type-simple"},"_links":{"self":[{"href":"https:\/\/www.finmasiko.fi\/verkkokauppa\/catalog\/wp-json\/wp\/v2\/product\/28399","targetHints":{"allow":["GET"]}}],"collection":[{"href":"https:\/\/www.finmasiko.fi\/verkkokauppa\/catalog\/wp-json\/wp\/v2\/product"}],"about":[{"href":"https:\/\/www.finmasiko.fi\/verkkokauppa\/catalog\/wp-json\/wp\/v2\/types\/product"}],"wp:featuredmedia":[{"embeddable":true,"href":"https:\/\/www.finmasiko.fi\/verkkokauppa\/catalog\/wp-json\/wp\/v2\/media\/29069"}],"wp:attachment":[{"href":"https:\/\/www.finmasiko.fi\/verkkokauppa\/catalog\/wp-json\/wp\/v2\/media?parent=28399"}],"wp:term":[{"taxonomy":"product_cat","embeddable":true,"href":"https:\/\/www.finmasiko.fi\/verkkokauppa\/catalog\/wp-json\/wp\/v2\/product_cat?post=28399"},{"taxonomy":"product_tag","embeddable":true,"href":"https:\/\/www.finmasiko.fi\/verkkokauppa\/catalog\/wp-json\/wp\/v2\/product_tag?post=28399"}],"curies":[{"name":"wp","href":"https:\/\/api.w.org\/{rel}","templated":true}]}}