{"id":28385,"date":"2018-11-28T15:50:26","date_gmt":"2018-11-28T13:50:26","guid":{"rendered":"https:\/\/www.finmasiko.fi\/verkkokauppa\/catalog\/kauppa\/paisuntasailio-1675922\/"},"modified":"2026-04-29T16:15:19","modified_gmt":"2026-04-29T13:15:19","slug":"paisuntasailio-1675922","status":"publish","type":"product","link":"https:\/\/www.finmasiko.fi\/verkkokauppa\/catalog\/tuote\/paisuntasailio-1675922\/","title":{"rendered":"Paisuntas\u00e4ili\u00f6 &#8211; 1675922"},"content":{"rendered":"<p>Tuote k\u00e4y seuraaviin koneisiin:<br \/>\n(huom muista mainita koneesi valmistenumero tilauksesi yhteydess\u00e4)<\/p>\n<p>The product is in the following machines:<br \/>\n(remember to mention your machine&#8217;s serial number when ordering)<\/p>\n<p>EC330BLC<br \/>\nEC360BLC<br \/>\nEC460BLC<\/p>\n<p>ALL VOLVO ARTICULATED HAULER PARTS<br \/>\nA25D VOLVO<br \/>\nA25D 4&#215;4 VOLVO<br \/>\nA25E VOLVO<br \/>\nA25E 4&#215;4 VOLVO<br \/>\nA30D VOLVO<br \/>\nA30E VOLVO<br \/>\nA35D VOLVO<br \/>\nA35E VOLVO<br \/>\nA40D VOLVO<br \/>\nA40E VOLVO<\/p>\n","protected":false},"excerpt":{"rendered":"<p>Tuote k\u00e4y seuraaviin koneisiin: (huom muista mainita koneesi valmistenumero tilauksesi yhteydess\u00e4) The product is in the following machines: (remember to mention your machine&#8217;s serial number when ordering) EC330BLC EC360BLC EC460BLC ALL VOLVO ARTICULATED HAULER PARTS A25D VOLVO A25D 4&#215;4 VOLVO A25E VOLVO A25E 4&#215;4 VOLVO A30D VOLVO A30E VOLVO A35D VOLVO A35E VOLVO A40D VOLVO [&hellip;]<\/p>\n","protected":false},"featured_media":29056,"template":"","meta":[],"product_cat":[4684,4683,4686,4685,4692,4693,4699,4700,4708,4709,3907,4306,4362,4418],"product_tag":[],"class_list":{"0":"post-28385","1":"product","2":"type-product","3":"status-publish","4":"has-post-thumbnail","6":"product_cat-a25d-4x4-volvo","7":"product_cat-a25d-volvo","8":"product_cat-a25e-4x4-volvo","9":"product_cat-a25e-volvo","10":"product_cat-a30d-volvo","11":"product_cat-a30e-volvo","12":"product_cat-a35d-volvo","13":"product_cat-a35e-volvo","14":"product_cat-a40d-volvo","15":"product_cat-a40e-volvo","16":"product_cat-kaikki-volvo-kaivinkoneiden-varaosat","17":"product_cat-moottorin-osat-ec330blc","18":"product_cat-moottorin-osat-ec360blc","19":"product_cat-moottorin-osat-ec460blc","20":"product_shipping_class-4724","22":"first","23":"instock","24":"taxable","25":"shipping-taxable","26":"purchasable","27":"product-type-simple"},"_links":{"self":[{"href":"https:\/\/www.finmasiko.fi\/verkkokauppa\/catalog\/wp-json\/wp\/v2\/product\/28385","targetHints":{"allow":["GET"]}}],"collection":[{"href":"https:\/\/www.finmasiko.fi\/verkkokauppa\/catalog\/wp-json\/wp\/v2\/product"}],"about":[{"href":"https:\/\/www.finmasiko.fi\/verkkokauppa\/catalog\/wp-json\/wp\/v2\/types\/product"}],"wp:featuredmedia":[{"embeddable":true,"href":"https:\/\/www.finmasiko.fi\/verkkokauppa\/catalog\/wp-json\/wp\/v2\/media\/29056"}],"wp:attachment":[{"href":"https:\/\/www.finmasiko.fi\/verkkokauppa\/catalog\/wp-json\/wp\/v2\/media?parent=28385"}],"wp:term":[{"taxonomy":"product_cat","embeddable":true,"href":"https:\/\/www.finmasiko.fi\/verkkokauppa\/catalog\/wp-json\/wp\/v2\/product_cat?post=28385"},{"taxonomy":"product_tag","embeddable":true,"href":"https:\/\/www.finmasiko.fi\/verkkokauppa\/catalog\/wp-json\/wp\/v2\/product_tag?post=28385"}],"curies":[{"name":"wp","href":"https:\/\/api.w.org\/{rel}","templated":true}]}}