{"id":28372,"date":"2018-11-28T15:50:24","date_gmt":"2018-11-28T13:50:24","guid":{"rendered":"https:\/\/www.finmasiko.fi\/verkkokauppa\/catalog\/kauppa\/virtalukon-pohja-1578121\/"},"modified":"2026-04-21T16:39:14","modified_gmt":"2026-04-21T13:39:14","slug":"virtalukon-pohja-1578121","status":"publish","type":"product","link":"https:\/\/www.finmasiko.fi\/verkkokauppa\/catalog\/tuote\/virtalukon-pohja-1578121\/","title":{"rendered":"Virtalukon pohja &#8211; 1578121"},"content":{"rendered":"<p>Tarkista tilatessa mik\u00e4 virtalukko koneessasi on. Valkea vai musta virtalukon pohja?<\/p>\n<p>Tuote k\u00e4y seuraaviin koneisiin:<br \/>\n(huom muista mainita koneesi valmistenumero tilauksesi yhteydess\u00e4)<\/p>\n<p>The product is in the following machines:<br \/>\n(remember to mention your machine&#8217;s serial number when ordering)<\/p>\n<p>L30<br \/>\nL50<br \/>\nL70<br \/>\nL90<br \/>\nL120<br \/>\nL160<\/p>\n<p>5350B<br \/>\n5350B 4X4<br \/>\n5350B 6X4<br \/>\nA20<br \/>\nA20 6X4 (HYTIN NUMEROON -2516 ASTI)<br \/>\nA25<br \/>\nA25 4X4<br \/>\nA25 6X4<br \/>\nA30 (HYTIN NUMEROON -1106 ASTI)<br \/>\nA35 (SARJANUMEROON -1700 ASTI)<\/p>\n","protected":false},"excerpt":{"rendered":"<p>Tarkista tilatessa mik\u00e4 virtalukko koneessasi on. Valkea vai musta virtalukon pohja? Tuote k\u00e4y seuraaviin koneisiin: (huom muista mainita koneesi valmistenumero tilauksesi yhteydess\u00e4) The product is in the following machines: (remember to mention your machine&#8217;s serial number when ordering) L30 L50 L70 L90 L120 L160 5350B 5350B 4X4 5350B 6X4 A20 A20 6X4 (HYTIN NUMEROON -2516 [&hellip;]<\/p>\n","protected":false},"featured_media":29042,"template":"","meta":[],"product_cat":[4668,4669,4667,4671,4670,4675,4676,4674,4689,4696,2685,4750,3041,2901,2803,2705],"product_tag":[],"class_list":{"0":"post-28372","1":"product","2":"type-product","3":"status-publish","4":"has-post-thumbnail","6":"product_cat-5350b-4x4-volvo-bm","7":"product_cat-5350b-6x4-volvo-bm","8":"product_cat-5350b-volvo-bm","9":"product_cat-a20-6x4-volvo-bm","10":"product_cat-a20-volvo-bm","11":"product_cat-a25-4x4-volvo-bm","12":"product_cat-a25-6x4-volvo-bm","13":"product_cat-a25-volvo-bm","14":"product_cat-a30-volvo-bm","15":"product_cat-a35-volvo-bm","16":"product_cat-kaikki-volvo-pyorakoneen-varaosat","17":"product_cat-sahko-osat-laturit-startit-releet-valot-l160","18":"product_cat-sahko-osat-laturit-startit-releet-valot-l120","19":"product_cat-sahko-osat-laturit-startit-releet-valot-l90","20":"product_cat-sahko-osat-laturit-startit-releet-valot-l70","21":"product_cat-sahko-osat-laturit-startit-releet-valot-l50","22":"product_shipping_class-4724","24":"first","25":"outofstock","26":"taxable","27":"shipping-taxable","28":"purchasable","29":"product-type-simple"},"_links":{"self":[{"href":"https:\/\/www.finmasiko.fi\/verkkokauppa\/catalog\/wp-json\/wp\/v2\/product\/28372","targetHints":{"allow":["GET"]}}],"collection":[{"href":"https:\/\/www.finmasiko.fi\/verkkokauppa\/catalog\/wp-json\/wp\/v2\/product"}],"about":[{"href":"https:\/\/www.finmasiko.fi\/verkkokauppa\/catalog\/wp-json\/wp\/v2\/types\/product"}],"wp:featuredmedia":[{"embeddable":true,"href":"https:\/\/www.finmasiko.fi\/verkkokauppa\/catalog\/wp-json\/wp\/v2\/media\/29042"}],"wp:attachment":[{"href":"https:\/\/www.finmasiko.fi\/verkkokauppa\/catalog\/wp-json\/wp\/v2\/media?parent=28372"}],"wp:term":[{"taxonomy":"product_cat","embeddable":true,"href":"https:\/\/www.finmasiko.fi\/verkkokauppa\/catalog\/wp-json\/wp\/v2\/product_cat?post=28372"},{"taxonomy":"product_tag","embeddable":true,"href":"https:\/\/www.finmasiko.fi\/verkkokauppa\/catalog\/wp-json\/wp\/v2\/product_tag?post=28372"}],"curies":[{"name":"wp","href":"https:\/\/api.w.org\/{rel}","templated":true}]}}