{"id":28344,"date":"2018-11-28T15:50:17","date_gmt":"2018-11-28T13:50:17","guid":{"rendered":"https:\/\/www.finmasiko.fi\/verkkokauppa\/catalog\/kauppa\/vesipumppu-td61-td73-20575653\/"},"modified":"2026-04-17T16:24:20","modified_gmt":"2026-04-17T13:24:20","slug":"vesipumppu-td61-td73-20575653","status":"publish","type":"product","link":"https:\/\/www.finmasiko.fi\/verkkokauppa\/catalog\/tuote\/vesipumppu-td61-td73-20575653\/","title":{"rendered":"Vesipumppu TD61-TD73 &#8211; 20575653"},"content":{"rendered":"<p>Mukana tulee kuvassa olevat asennustiivisteet. Jos tarvitset muita tiivisteit\u00e4, esim termostaattikopalle, olethan yhteydess\u00e4 asiakaspalveluun.<\/p>\n<p>Tuote k\u00e4y seuraaviin koneisiin:<br \/>\n(huom muista mainita koneesi valmistenumero tilauksesi yhteydess\u00e4)<\/p>\n<p>The product is in the following machines:<br \/>\n(remember to mention your machine&#8217;s serial number when ordering)<\/p>\n<p>All Volvo Wheel-loader parts<br \/>\nL70B<br \/>\nL70C<br \/>\nL70D<br \/>\nL90<br \/>\nL90B<br \/>\nL90C<br \/>\nL90D<br \/>\nL120<br \/>\nL120B<br \/>\nL120C<\/p>\n","protected":false},"excerpt":{"rendered":"<p>Mukana tulee kuvassa olevat asennustiivisteet. Jos tarvitset muita tiivisteit\u00e4, esim termostaattikopalle, olethan yhteydess\u00e4 asiakaspalveluun. Tuote k\u00e4y seuraaviin koneisiin: (huom muista mainita koneesi valmistenumero tilauksesi yhteydess\u00e4) The product is in the following machines: (remember to mention your machine&#8217;s serial number when ordering) All Volvo Wheel-loader parts L70B L70C L70D L90 L90B L90C L90D L120 L120B L120C<\/p>\n","protected":false},"featured_media":134887,"template":"","meta":[],"product_cat":[2685,2818,2832,2846,2902,2916,2930,2944,3042,3056,3070],"product_tag":[],"class_list":{"0":"post-28344","1":"product","2":"type-product","3":"status-publish","4":"has-post-thumbnail","6":"product_cat-kaikki-volvo-pyorakoneen-varaosat","7":"product_cat-moottorin-osat-l70b","8":"product_cat-moottorin-osat-l70c","9":"product_cat-moottorin-osat-l70d","10":"product_cat-moottorin-osat-l90","11":"product_cat-moottorin-osat-l90b","12":"product_cat-moottorin-osat-l90c","13":"product_cat-moottorin-osat-l90d","14":"product_cat-moottorin-osat-l120","15":"product_cat-moottorin-osat-l120b","16":"product_cat-moottorin-osat-l120c","17":"product_shipping_class-4724","19":"first","20":"instock","21":"taxable","22":"shipping-taxable","23":"purchasable","24":"product-type-simple"},"_links":{"self":[{"href":"https:\/\/www.finmasiko.fi\/verkkokauppa\/catalog\/wp-json\/wp\/v2\/product\/28344","targetHints":{"allow":["GET"]}}],"collection":[{"href":"https:\/\/www.finmasiko.fi\/verkkokauppa\/catalog\/wp-json\/wp\/v2\/product"}],"about":[{"href":"https:\/\/www.finmasiko.fi\/verkkokauppa\/catalog\/wp-json\/wp\/v2\/types\/product"}],"wp:featuredmedia":[{"embeddable":true,"href":"https:\/\/www.finmasiko.fi\/verkkokauppa\/catalog\/wp-json\/wp\/v2\/media\/134887"}],"wp:attachment":[{"href":"https:\/\/www.finmasiko.fi\/verkkokauppa\/catalog\/wp-json\/wp\/v2\/media?parent=28344"}],"wp:term":[{"taxonomy":"product_cat","embeddable":true,"href":"https:\/\/www.finmasiko.fi\/verkkokauppa\/catalog\/wp-json\/wp\/v2\/product_cat?post=28344"},{"taxonomy":"product_tag","embeddable":true,"href":"https:\/\/www.finmasiko.fi\/verkkokauppa\/catalog\/wp-json\/wp\/v2\/product_tag?post=28344"}],"curies":[{"name":"wp","href":"https:\/\/api.w.org\/{rel}","templated":true}]}}