{"id":28339,"date":"2018-11-28T15:50:15","date_gmt":"2018-11-28T13:50:15","guid":{"rendered":"https:\/\/www.finmasiko.fi\/verkkokauppa\/catalog\/kauppa\/paisuntasailion-korkki-1542591\/"},"modified":"2026-04-17T16:20:49","modified_gmt":"2026-04-17T13:20:49","slug":"paisuntasailion-korkki-1542591","status":"publish","type":"product","link":"https:\/\/www.finmasiko.fi\/verkkokauppa\/catalog\/tuote\/paisuntasailion-korkki-1542591\/","title":{"rendered":"Paisuntas\u00e4ili\u00f6n korkki &#8211; 1542591"},"content":{"rendered":"<p>Tuote k\u00e4y seuraaviin koneisiin:<br \/>\n(huom muista mainita koneesi valmistenumero tilauksesi yhteydess\u00e4)<\/p>\n<p>The product is in the following machines:<br \/>\n(remember to mention your machine&#8217;s serial number when ordering)<\/p>\n<p>All Volvo Wheel-loader parts<br \/>\nL50<br \/>\nL50B<br \/>\nL50C<br \/>\nL50D<br \/>\nL50E<br \/>\nL60E<br \/>\nL70<br \/>\nL70B<br \/>\nL70C<br \/>\nL70D<br \/>\nL70E<br \/>\nL90<br \/>\nL90B<br \/>\nL90C<br \/>\nL90D<br \/>\nL90E<br \/>\nL110E<br \/>\nL120<br \/>\nL120B<br \/>\nL120C<br \/>\nL120D<br \/>\nL120E<br \/>\nL150<br \/>\nL150C<br \/>\nL150D<\/p>\n","protected":false},"excerpt":{"rendered":"<p>Tuote k\u00e4y seuraaviin koneisiin: (huom muista mainita koneesi valmistenumero tilauksesi yhteydess\u00e4) The product is in the following machines: (remember to mention your machine&#8217;s serial number when ordering) All Volvo Wheel-loader parts L50 L50B L50C L50D L50E L60E L70 L70B L70C L70D L70E L90 L90B L90C L90D L90E L110E L120 L120B L120C L120D L120E L150 L150C [&hellip;]<\/p>\n","protected":false},"featured_media":29026,"template":"","meta":[],"product_cat":[2685,2706,3168,3154,3140,3098,3084,3070,3056,3042,3000,2958,2944,2930,2916,2902,2860,2846,2832,2818,2804,2776,2762,2748,2734,2720],"product_tag":[],"class_list":{"0":"post-28339","1":"product","2":"type-product","3":"status-publish","4":"has-post-thumbnail","6":"product_cat-kaikki-volvo-pyorakoneen-varaosat","7":"product_cat-moottorin-osat-l50","8":"product_cat-moottorin-osat-l150d","9":"product_cat-moottorin-osat-l150c","10":"product_cat-moottorin-osat-l150","11":"product_cat-moottorin-osat-l120e","12":"product_cat-moottorin-osat-l120d","13":"product_cat-moottorin-osat-l120c","14":"product_cat-moottorin-osat-l120b","15":"product_cat-moottorin-osat-l120","16":"product_cat-moottorin-osat-l110e","17":"product_cat-moottorin-osat-l90e","18":"product_cat-moottorin-osat-l90d","19":"product_cat-moottorin-osat-l90c","20":"product_cat-moottorin-osat-l90b","21":"product_cat-moottorin-osat-l90","22":"product_cat-moottorin-osat-l70e","23":"product_cat-moottorin-osat-l70d","24":"product_cat-moottorin-osat-l70c","25":"product_cat-moottorin-osat-l70b","26":"product_cat-moottorin-osat-l70","27":"product_cat-moottorin-osat-l60e","28":"product_cat-moottorin-osat-l50e","29":"product_cat-moottorin-osat-l50d","30":"product_cat-moottorin-osat-l50c","31":"product_cat-moottorin-osat-l50b","32":"product_shipping_class-4724","34":"first","35":"instock","36":"taxable","37":"shipping-taxable","38":"purchasable","39":"product-type-simple"},"_links":{"self":[{"href":"https:\/\/www.finmasiko.fi\/verkkokauppa\/catalog\/wp-json\/wp\/v2\/product\/28339","targetHints":{"allow":["GET"]}}],"collection":[{"href":"https:\/\/www.finmasiko.fi\/verkkokauppa\/catalog\/wp-json\/wp\/v2\/product"}],"about":[{"href":"https:\/\/www.finmasiko.fi\/verkkokauppa\/catalog\/wp-json\/wp\/v2\/types\/product"}],"wp:featuredmedia":[{"embeddable":true,"href":"https:\/\/www.finmasiko.fi\/verkkokauppa\/catalog\/wp-json\/wp\/v2\/media\/29026"}],"wp:attachment":[{"href":"https:\/\/www.finmasiko.fi\/verkkokauppa\/catalog\/wp-json\/wp\/v2\/media?parent=28339"}],"wp:term":[{"taxonomy":"product_cat","embeddable":true,"href":"https:\/\/www.finmasiko.fi\/verkkokauppa\/catalog\/wp-json\/wp\/v2\/product_cat?post=28339"},{"taxonomy":"product_tag","embeddable":true,"href":"https:\/\/www.finmasiko.fi\/verkkokauppa\/catalog\/wp-json\/wp\/v2\/product_tag?post=28339"}],"curies":[{"name":"wp","href":"https:\/\/api.w.org\/{rel}","templated":true}]}}