{"id":28338,"date":"2018-11-28T15:50:15","date_gmt":"2018-11-28T13:50:15","guid":{"rendered":"https:\/\/www.finmasiko.fi\/verkkokauppa\/catalog\/kauppa\/kasijarrukenkasarja-11998783\/"},"modified":"2026-05-08T16:23:40","modified_gmt":"2026-05-08T13:23:40","slug":"kasijarrukenkasarja-11998783","status":"publish","type":"product","link":"https:\/\/www.finmasiko.fi\/verkkokauppa\/catalog\/tuote\/kasijarrukenkasarja-11998783\/","title":{"rendered":"K\u00e4sijarrukenk\u00e4sarja &#8211; 11998783"},"content":{"rendered":"<p>Tuote k\u00e4y seuraaviin koneisiin:<br \/>\n(huom muista mainita koneesi valmistenumero tilauksesi yhteydess\u00e4)<\/p>\n<p>The product is in the following machines:<br \/>\n(remember to mention your machine&#8217;s serial number when ordering)<\/p>\n<p>L50B<br \/>\nL50C<br \/>\nL50D<br \/>\nL50E<br \/>\nL70B<br \/>\nL70C<br \/>\nL70D<\/p>\n","protected":false},"excerpt":{"rendered":"<p>Tuote k\u00e4y seuraaviin koneisiin: (huom muista mainita koneesi valmistenumero tilauksesi yhteydess\u00e4) The product is in the following machines: (remember to mention your machine&#8217;s serial number when ordering) L50B L50C L50D L50E L70B L70C L70D<\/p>\n","protected":false},"featured_media":29025,"template":"","meta":[],"product_cat":[2727,2741,2755,2769,2825,2839,2853,2685],"product_tag":[],"class_list":{"0":"post-28338","1":"product","2":"type-product","3":"status-publish","4":"has-post-thumbnail","6":"product_cat-akselisto-jarrut-l50b","7":"product_cat-akselisto-jarrut-l50c","8":"product_cat-akselisto-jarrut-l50d","9":"product_cat-akselisto-jarrut-l50e","10":"product_cat-akselisto-jarrut-l70b","11":"product_cat-akselisto-jarrut-l70c","12":"product_cat-akselisto-jarrut-l70d","13":"product_cat-kaikki-volvo-pyorakoneen-varaosat","14":"product_shipping_class-4724","16":"first","17":"outofstock","18":"taxable","19":"shipping-taxable","20":"purchasable","21":"product-type-simple"},"_links":{"self":[{"href":"https:\/\/www.finmasiko.fi\/verkkokauppa\/catalog\/wp-json\/wp\/v2\/product\/28338","targetHints":{"allow":["GET"]}}],"collection":[{"href":"https:\/\/www.finmasiko.fi\/verkkokauppa\/catalog\/wp-json\/wp\/v2\/product"}],"about":[{"href":"https:\/\/www.finmasiko.fi\/verkkokauppa\/catalog\/wp-json\/wp\/v2\/types\/product"}],"wp:featuredmedia":[{"embeddable":true,"href":"https:\/\/www.finmasiko.fi\/verkkokauppa\/catalog\/wp-json\/wp\/v2\/media\/29025"}],"wp:attachment":[{"href":"https:\/\/www.finmasiko.fi\/verkkokauppa\/catalog\/wp-json\/wp\/v2\/media?parent=28338"}],"wp:term":[{"taxonomy":"product_cat","embeddable":true,"href":"https:\/\/www.finmasiko.fi\/verkkokauppa\/catalog\/wp-json\/wp\/v2\/product_cat?post=28338"},{"taxonomy":"product_tag","embeddable":true,"href":"https:\/\/www.finmasiko.fi\/verkkokauppa\/catalog\/wp-json\/wp\/v2\/product_tag?post=28338"}],"curies":[{"name":"wp","href":"https:\/\/api.w.org\/{rel}","templated":true}]}}