{"id":28309,"date":"2018-11-28T15:50:09","date_gmt":"2018-11-28T13:50:09","guid":{"rendered":"https:\/\/www.finmasiko.fi\/verkkokauppa\/catalog\/kauppa\/planeettapyorasto-7117-34200\/"},"modified":"2026-04-17T16:39:51","modified_gmt":"2026-04-17T13:39:51","slug":"planeettapyorasto-7117-34200","status":"publish","type":"product","link":"https:\/\/www.finmasiko.fi\/verkkokauppa\/catalog\/tuote\/planeettapyorasto-7117-34200\/","title":{"rendered":"Planeettapy\u00f6r\u00e4st\u00f6 &#8211; 7117-34200"},"content":{"rendered":"<p>KYSY TARJOUS!<\/p>\n<p>Tuote k\u00e4y seuraaviin koneisiin:<br \/>\n(huom muista mainita koneesi valmistenumero tilauksesi yhteydess\u00e4)<\/p>\n<p>VOLVO \/ SAMSUNG &gt; EC240LC<br \/>\nVOLVO \/ SAMSUNG &gt; EC240BLC<br \/>\nVOLVO \/ SAMSUNG &gt; EC240CL<br \/>\nVOLVO \/ SAMSUNG &gt; SE 240 LC-3<\/p>\n","protected":false},"excerpt":{"rendered":"<p>KYSY TARJOUS! Tuote k\u00e4y seuraaviin koneisiin: (huom muista mainita koneesi valmistenumero tilauksesi yhteydess\u00e4) VOLVO \/ SAMSUNG &gt; EC240LC VOLVO \/ SAMSUNG &gt; EC240BLC VOLVO \/ SAMSUNG &gt; EC240CL VOLVO \/ SAMSUNG &gt; SE 240 LC-3<\/p>\n","protected":false},"featured_media":28996,"template":"","meta":[],"product_cat":[3907,4200,4214,4228,4620],"product_tag":[],"class_list":{"0":"post-28309","1":"product","2":"type-product","3":"status-publish","4":"has-post-thumbnail","6":"product_cat-kaikki-volvo-kaivinkoneiden-varaosat","7":"product_cat-voimansiirto-ec240lc","8":"product_cat-voimansiirto-ec240blc","9":"product_cat-voimansiirto-ec240cl","10":"product_cat-voimansiirto-se-240-lc-3","11":"product_shipping_class-4724","13":"first","14":"instock","15":"taxable","16":"shipping-taxable","17":"purchasable","18":"product-type-simple"},"_links":{"self":[{"href":"https:\/\/www.finmasiko.fi\/verkkokauppa\/catalog\/wp-json\/wp\/v2\/product\/28309","targetHints":{"allow":["GET"]}}],"collection":[{"href":"https:\/\/www.finmasiko.fi\/verkkokauppa\/catalog\/wp-json\/wp\/v2\/product"}],"about":[{"href":"https:\/\/www.finmasiko.fi\/verkkokauppa\/catalog\/wp-json\/wp\/v2\/types\/product"}],"wp:featuredmedia":[{"embeddable":true,"href":"https:\/\/www.finmasiko.fi\/verkkokauppa\/catalog\/wp-json\/wp\/v2\/media\/28996"}],"wp:attachment":[{"href":"https:\/\/www.finmasiko.fi\/verkkokauppa\/catalog\/wp-json\/wp\/v2\/media?parent=28309"}],"wp:term":[{"taxonomy":"product_cat","embeddable":true,"href":"https:\/\/www.finmasiko.fi\/verkkokauppa\/catalog\/wp-json\/wp\/v2\/product_cat?post=28309"},{"taxonomy":"product_tag","embeddable":true,"href":"https:\/\/www.finmasiko.fi\/verkkokauppa\/catalog\/wp-json\/wp\/v2\/product_tag?post=28309"}],"curies":[{"name":"wp","href":"https:\/\/api.w.org\/{rel}","templated":true}]}}