{"id":28292,"date":"2018-11-28T15:50:06","date_gmt":"2018-11-28T13:50:06","guid":{"rendered":"https:\/\/www.finmasiko.fi\/verkkokauppa\/catalog\/kauppa\/11039223-aisaston-automaatti-anturi\/"},"modified":"2026-04-30T15:51:52","modified_gmt":"2026-04-30T12:51:52","slug":"11039223-aisaston-automaatti-anturi","status":"publish","type":"product","link":"https:\/\/www.finmasiko.fi\/verkkokauppa\/catalog\/tuote\/11039223-aisaston-automaatti-anturi\/","title":{"rendered":"11039223 &#8211; Aisaston automaatti anturi"},"content":{"rendered":"<p>Tuote k\u00e4y seuraaviin koneisiin:<br \/>\n(huom muista mainita koneesi valmistenumero tilauksesi yhteydess\u00e4)<\/p>\n<p>Tuote k\u00e4y l\u00e4hes Tuote k\u00e4y seuraaviin koneisiin:<br \/>\n(huom muista mainita koneesi valmistenumero tilauksesi yhteydess\u00e4)<\/p>\n<p>The product is in the following machines:<br \/>\n(remember to mention your machine&#8217;s serial number when ordering)<\/p>\n<p>All Volvo Wheel-loader parts<br \/>\nL50B<br \/>\nL50C<br \/>\nL50D<br \/>\nL50E<br \/>\nL70<br \/>\nL70B<br \/>\nL70C<br \/>\nL70D<br \/>\nL90<br \/>\nL90B<br \/>\nL90C<br \/>\nL120<br \/>\nL120B<br \/>\nL120C<br \/>\nL150<br \/>\nL150C<br \/>\nL150D<br \/>\nL180<br \/>\nL180C<br \/>\nVOLVO py\u00f6r\u00e4koneisiin.<\/p>\n","protected":false},"excerpt":{"rendered":"<p>Tuote k\u00e4y seuraaviin koneisiin: (huom muista mainita koneesi valmistenumero tilauksesi yhteydess\u00e4) Tuote k\u00e4y l\u00e4hes Tuote k\u00e4y seuraaviin koneisiin: (huom muista mainita koneesi valmistenumero tilauksesi yhteydess\u00e4) The product is in the following machines: (remember to mention your machine&#8217;s serial number when ordering) All Volvo Wheel-loader parts L50B L50C L50D L50E L70 L70B L70C L70D L90 L90B [&hellip;]<\/p>\n","protected":false},"featured_media":28979,"template":"","meta":[],"product_cat":[2685,2828,3066,3052,3038,3136,2926,2912,2898,3150,2842,3164,2814,2800,3220,2758,2744,3234,2730,2716,2915,3153,3167,3139,3223,3069,3237,3055,3041,2929,2901,2845,2831,2817,2803,2761,2747,2733,2719],"product_tag":[],"class_list":{"0":"post-28292","1":"product","2":"type-product","3":"status-publish","4":"has-post-thumbnail","6":"product_cat-kaikki-volvo-pyorakoneen-varaosat","7":"product_cat-puomisto-tapit-helat-l70c","8":"product_cat-puomisto-tapit-helat-l120c","9":"product_cat-puomisto-tapit-helat-l120b","10":"product_cat-puomisto-tapit-helat-l120","11":"product_cat-puomisto-tapit-helat-l150","12":"product_cat-puomisto-tapit-helat-l90c","13":"product_cat-puomisto-tapit-helat-l90b","14":"product_cat-puomisto-tapit-helat-l90","15":"product_cat-puomisto-tapit-helat-l150c","16":"product_cat-puomisto-tapit-helat-l70d","17":"product_cat-puomisto-tapit-helat-l150d","18":"product_cat-puomisto-tapit-helat-l70b","19":"product_cat-puomisto-tapit-helat-l70","20":"product_cat-puomisto-tapit-helat-l180","21":"product_cat-puomisto-tapit-helat-l50e","22":"product_cat-puomisto-tapit-helat-l50d","23":"product_cat-puomisto-tapit-helat-l180c","24":"product_cat-puomisto-tapit-helat-l50c","25":"product_cat-puomisto-tapit-helat-l50b","26":"product_cat-sahko-osat-laturit-startit-releet-valot-l90b","27":"product_cat-sahko-osat-laturit-startit-releet-valot-l150c","28":"product_cat-sahko-osat-laturit-startit-releet-valot-l150d","29":"product_cat-sahko-osat-laturit-startit-releet-valot-l150","30":"product_cat-sahko-osat-laturit-startit-releet-valot-l180","31":"product_cat-sahko-osat-laturit-startit-releet-valot-l120c","32":"product_cat-sahko-osat-laturit-startit-releet-valot-l180c","33":"product_cat-sahko-osat-laturit-startit-releet-valot-l120b","34":"product_cat-sahko-osat-laturit-startit-releet-valot-l120","35":"product_cat-sahko-osat-laturit-startit-releet-valot-l90c","36":"product_cat-sahko-osat-laturit-startit-releet-valot-l90","37":"product_cat-sahko-osat-laturit-startit-releet-valot-l70d","38":"product_cat-sahko-osat-laturit-startit-releet-valot-l70c","39":"product_cat-sahko-osat-laturit-startit-releet-valot-l70b","40":"product_cat-sahko-osat-laturit-startit-releet-valot-l70","41":"product_cat-sahko-osat-laturit-startit-releet-valot-l50e","42":"product_cat-sahko-osat-laturit-startit-releet-valot-l50d","43":"product_cat-sahko-osat-laturit-startit-releet-valot-l50c","44":"product_cat-sahko-osat-laturit-startit-releet-valot-l50b","45":"product_shipping_class-4724","47":"first","48":"instock","49":"taxable","50":"shipping-taxable","51":"purchasable","52":"product-type-simple"},"_links":{"self":[{"href":"https:\/\/www.finmasiko.fi\/verkkokauppa\/catalog\/wp-json\/wp\/v2\/product\/28292","targetHints":{"allow":["GET"]}}],"collection":[{"href":"https:\/\/www.finmasiko.fi\/verkkokauppa\/catalog\/wp-json\/wp\/v2\/product"}],"about":[{"href":"https:\/\/www.finmasiko.fi\/verkkokauppa\/catalog\/wp-json\/wp\/v2\/types\/product"}],"wp:featuredmedia":[{"embeddable":true,"href":"https:\/\/www.finmasiko.fi\/verkkokauppa\/catalog\/wp-json\/wp\/v2\/media\/28979"}],"wp:attachment":[{"href":"https:\/\/www.finmasiko.fi\/verkkokauppa\/catalog\/wp-json\/wp\/v2\/media?parent=28292"}],"wp:term":[{"taxonomy":"product_cat","embeddable":true,"href":"https:\/\/www.finmasiko.fi\/verkkokauppa\/catalog\/wp-json\/wp\/v2\/product_cat?post=28292"},{"taxonomy":"product_tag","embeddable":true,"href":"https:\/\/www.finmasiko.fi\/verkkokauppa\/catalog\/wp-json\/wp\/v2\/product_tag?post=28292"}],"curies":[{"name":"wp","href":"https:\/\/api.w.org\/{rel}","templated":true}]}}