{"id":28232,"date":"2018-11-28T15:49:56","date_gmt":"2018-11-28T13:49:56","guid":{"rendered":"https:\/\/www.finmasiko.fi\/verkkokauppa\/catalog\/kauppa\/paineensaatoventtiili-11709755\/"},"modified":"2026-04-14T15:58:36","modified_gmt":"2026-04-14T12:58:36","slug":"paineensaatoventtiili-11709755","status":"publish","type":"product","link":"https:\/\/www.finmasiko.fi\/verkkokauppa\/catalog\/tuote\/paineensaatoventtiili-11709755\/","title":{"rendered":"Paineens\u00e4\u00e4t\u00f6venttiili &#8211; 11709755"},"content":{"rendered":"<p>Kysy tarjous!<br \/>\nMake inquiry!<\/p>\n<p>Tuote k\u00e4y seuraaviin koneisiin:(huom muista mainita koneesi valmistenumero tilauksesi yhteydess\u00e4)<br \/>\nThe product is in the following machines:(remember to mention your machine&#8217;s serial number when ordering)<\/p>\n<p>L90C<br \/>\nL90D<br \/>\nL120C<br \/>\nL120D<br \/>\nL150<br \/>\nL150C<br \/>\nL150D<br \/>\nL180<br \/>\nL180C<br \/>\nL180D<br \/>\nL330C<\/p>\n","protected":false},"excerpt":{"rendered":"<p>Kysy tarjous! Make inquiry! Tuote k\u00e4y seuraaviin koneisiin:(huom muista mainita koneesi valmistenumero tilauksesi yhteydess\u00e4) The product is in the following machines:(remember to mention your machine&#8217;s serial number when ordering) L90C L90D L120C L120D L150 L150C L150D L180 L180C L180D L330C<\/p>\n","protected":false},"featured_media":28925,"template":"","meta":[],"product_cat":[2933,2947,3059,3073,3087,3143,3157,3171,3227,3241,3255,3381,2685],"product_tag":[],"class_list":{"0":"post-28232","1":"product","2":"type-product","3":"status-publish","4":"has-post-thumbnail","6":"product_cat-hydrauliikka-l90c","7":"product_cat-hydrauliikka-l90d","8":"product_cat-hydrauliikka-l120b","9":"product_cat-hydrauliikka-l120c","10":"product_cat-hydrauliikka-l120d","11":"product_cat-hydrauliikka-l150","12":"product_cat-hydrauliikka-l150c","13":"product_cat-hydrauliikka-l150d","14":"product_cat-hydrauliikka-l180","15":"product_cat-hydrauliikka-l180c","16":"product_cat-hydrauliikka-l180d","17":"product_cat-hydrauliikka-l330c","18":"product_cat-kaikki-volvo-pyorakoneen-varaosat","19":"product_shipping_class-4724","21":"first","22":"instock","23":"taxable","24":"shipping-taxable","25":"purchasable","26":"product-type-simple"},"_links":{"self":[{"href":"https:\/\/www.finmasiko.fi\/verkkokauppa\/catalog\/wp-json\/wp\/v2\/product\/28232","targetHints":{"allow":["GET"]}}],"collection":[{"href":"https:\/\/www.finmasiko.fi\/verkkokauppa\/catalog\/wp-json\/wp\/v2\/product"}],"about":[{"href":"https:\/\/www.finmasiko.fi\/verkkokauppa\/catalog\/wp-json\/wp\/v2\/types\/product"}],"wp:featuredmedia":[{"embeddable":true,"href":"https:\/\/www.finmasiko.fi\/verkkokauppa\/catalog\/wp-json\/wp\/v2\/media\/28925"}],"wp:attachment":[{"href":"https:\/\/www.finmasiko.fi\/verkkokauppa\/catalog\/wp-json\/wp\/v2\/media?parent=28232"}],"wp:term":[{"taxonomy":"product_cat","embeddable":true,"href":"https:\/\/www.finmasiko.fi\/verkkokauppa\/catalog\/wp-json\/wp\/v2\/product_cat?post=28232"},{"taxonomy":"product_tag","embeddable":true,"href":"https:\/\/www.finmasiko.fi\/verkkokauppa\/catalog\/wp-json\/wp\/v2\/product_tag?post=28232"}],"curies":[{"name":"wp","href":"https:\/\/api.w.org\/{rel}","templated":true}]}}