{"id":28193,"date":"2018-11-28T15:49:51","date_gmt":"2018-11-28T13:49:51","guid":{"rendered":"https:\/\/www.finmasiko.fi\/verkkokauppa\/catalog\/kauppa\/sahkokela-11705493\/"},"modified":"2026-04-17T16:05:51","modified_gmt":"2026-04-17T13:05:51","slug":"sahkokela-11705493","status":"publish","type":"product","link":"https:\/\/www.finmasiko.fi\/verkkokauppa\/catalog\/tuote\/sahkokela-11705493\/","title":{"rendered":"S\u00e4hk\u00f6kela &#8211; 11705493"},"content":{"rendered":"<p>S\u00e4hk\u00f6kela vaihteenvalitsinventtiiliin.<br \/>\nCoil for range selector valve.<\/p>\n<p>Tuote k\u00e4y seuraaviin koneisiin:(huom muista mainita koneesi valmistenumero tilauksesi yhteydess\u00e4)<\/p>\n<p>The product is in the following machines:(remember to mention your machine&#8217;s serial number when ordering)<\/p>\n<p>L90E<br \/>\nL110E<br \/>\nL120E<br \/>\nL150E<br \/>\nL180E<br \/>\nL220D<br \/>\nL220E<\/p>\n","protected":false},"excerpt":{"rendered":"<p>S\u00e4hk\u00f6kela vaihteenvalitsinventtiiliin. Coil for range selector valve. Tuote k\u00e4y seuraaviin koneisiin:(huom muista mainita koneesi valmistenumero tilauksesi yhteydess\u00e4) The product is in the following machines:(remember to mention your machine&#8217;s serial number when ordering) L90E L110E L120E L150E L180E L220D L220E<\/p>\n","protected":false},"featured_media":28887,"template":"","meta":[],"product_cat":[2685,2957,2999,3097,3181,3265,3307,3321],"product_tag":[],"class_list":{"0":"post-28193","1":"product","2":"type-product","3":"status-publish","4":"has-post-thumbnail","6":"product_cat-kaikki-volvo-pyorakoneen-varaosat","7":"product_cat-sahko-osat-laturit-startit-releet-valot-l90e","8":"product_cat-sahko-osat-laturit-startit-releet-valot-l110e","9":"product_cat-sahko-osat-laturit-startit-releet-valot-l120e","10":"product_cat-sahko-osat-laturit-startit-releet-valot-l150e","11":"product_cat-sahko-osat-laturit-startit-releet-valot-l180e","12":"product_cat-sahko-osat-laturit-startit-releet-valot-l220d","13":"product_cat-sahko-osat-laturit-startit-releet-valot-l220e","14":"product_shipping_class-4724","16":"first","17":"instock","18":"taxable","19":"shipping-taxable","20":"purchasable","21":"product-type-simple"},"_links":{"self":[{"href":"https:\/\/www.finmasiko.fi\/verkkokauppa\/catalog\/wp-json\/wp\/v2\/product\/28193","targetHints":{"allow":["GET"]}}],"collection":[{"href":"https:\/\/www.finmasiko.fi\/verkkokauppa\/catalog\/wp-json\/wp\/v2\/product"}],"about":[{"href":"https:\/\/www.finmasiko.fi\/verkkokauppa\/catalog\/wp-json\/wp\/v2\/types\/product"}],"wp:featuredmedia":[{"embeddable":true,"href":"https:\/\/www.finmasiko.fi\/verkkokauppa\/catalog\/wp-json\/wp\/v2\/media\/28887"}],"wp:attachment":[{"href":"https:\/\/www.finmasiko.fi\/verkkokauppa\/catalog\/wp-json\/wp\/v2\/media?parent=28193"}],"wp:term":[{"taxonomy":"product_cat","embeddable":true,"href":"https:\/\/www.finmasiko.fi\/verkkokauppa\/catalog\/wp-json\/wp\/v2\/product_cat?post=28193"},{"taxonomy":"product_tag","embeddable":true,"href":"https:\/\/www.finmasiko.fi\/verkkokauppa\/catalog\/wp-json\/wp\/v2\/product_tag?post=28193"}],"curies":[{"name":"wp","href":"https:\/\/api.w.org\/{rel}","templated":true}]}}