{"id":28066,"date":"2018-11-28T15:49:30","date_gmt":"2018-11-28T13:49:30","guid":{"rendered":"https:\/\/www.finmasiko.fi\/verkkokauppa\/catalog\/kauppa\/kaivu-kauhasylinterin-tiivistesarja-14589132\/"},"modified":"2026-04-17T16:16:49","modified_gmt":"2026-04-17T13:16:49","slug":"kaivu-kauhasylinterin-tiivistesarja-14589132","status":"publish","type":"product","link":"https:\/\/www.finmasiko.fi\/verkkokauppa\/catalog\/tuote\/kaivu-kauhasylinterin-tiivistesarja-14589132\/","title":{"rendered":"Kaivu \/ kauhasylinterin tiivistesarja &#8211; 14589132"},"content":{"rendered":"<p>Tuote k\u00e4y seuraaviin koneisiin:<br \/>\n(huom muista mainita koneesi valmistenumero tilauksesi yhteydess\u00e4)<\/p>\n<p>Huom. t\u00e4m\u00e4 tiivistesarja k\u00e4y mallin mukaan joko kaivu tai kauhasylinteriin.<\/p>\n<p>EC140B<br \/>\nEC160B<br \/>\nEC210C<br \/>\nEC235C<br \/>\nEC210B<br \/>\nEC220D<\/p>\n","protected":false},"excerpt":{"rendered":"<p>Tuote k\u00e4y seuraaviin koneisiin: (huom muista mainita koneesi valmistenumero tilauksesi yhteydess\u00e4) Huom. t\u00e4m\u00e4 tiivistesarja k\u00e4y mallin mukaan joko kaivu tai kauhasylinteriin. EC140B EC160B EC210C EC235C EC210B EC220D<\/p>\n","protected":false},"featured_media":28767,"template":"","meta":[],"product_cat":[3907,3926,4024,4108,4122,4164,4178],"product_tag":[],"class_list":{"0":"post-28066","1":"product","2":"type-product","3":"status-publish","4":"has-post-thumbnail","6":"product_cat-kaikki-volvo-kaivinkoneiden-varaosat","7":"product_cat-sylinterit-tiivistesarjat-ec140blc","8":"product_cat-sylinterit-tiivistesarjat-ec160blc","9":"product_cat-sylinterit-tiivistesarjat-ec210blc","10":"product_cat-sylinterit-tiivistesarjat-ec210cl","11":"product_cat-sylinterit-tiivistesarjat-ec220dl","12":"product_cat-sylinterit-tiivistesarjat-ec235cld","13":"product_shipping_class-4724","15":"first","16":"instock","17":"taxable","18":"shipping-taxable","19":"purchasable","20":"product-type-simple"},"_links":{"self":[{"href":"https:\/\/www.finmasiko.fi\/verkkokauppa\/catalog\/wp-json\/wp\/v2\/product\/28066","targetHints":{"allow":["GET"]}}],"collection":[{"href":"https:\/\/www.finmasiko.fi\/verkkokauppa\/catalog\/wp-json\/wp\/v2\/product"}],"about":[{"href":"https:\/\/www.finmasiko.fi\/verkkokauppa\/catalog\/wp-json\/wp\/v2\/types\/product"}],"wp:featuredmedia":[{"embeddable":true,"href":"https:\/\/www.finmasiko.fi\/verkkokauppa\/catalog\/wp-json\/wp\/v2\/media\/28767"}],"wp:attachment":[{"href":"https:\/\/www.finmasiko.fi\/verkkokauppa\/catalog\/wp-json\/wp\/v2\/media?parent=28066"}],"wp:term":[{"taxonomy":"product_cat","embeddable":true,"href":"https:\/\/www.finmasiko.fi\/verkkokauppa\/catalog\/wp-json\/wp\/v2\/product_cat?post=28066"},{"taxonomy":"product_tag","embeddable":true,"href":"https:\/\/www.finmasiko.fi\/verkkokauppa\/catalog\/wp-json\/wp\/v2\/product_tag?post=28066"}],"curies":[{"name":"wp","href":"https:\/\/api.w.org\/{rel}","templated":true}]}}