{"id":28062,"date":"2018-11-28T15:49:29","date_gmt":"2018-11-28T13:49:29","guid":{"rendered":"https:\/\/www.finmasiko.fi\/verkkokauppa\/catalog\/kauppa\/kaannonmoottorin-tiivistesarja-14556029\/"},"modified":"2026-04-17T16:15:52","modified_gmt":"2026-04-17T13:15:52","slug":"kaannonmoottorin-tiivistesarja-14556029","status":"publish","type":"product","link":"https:\/\/www.finmasiko.fi\/verkkokauppa\/catalog\/tuote\/kaannonmoottorin-tiivistesarja-14556029\/","title":{"rendered":"K\u00e4\u00e4nn\u00f6nmoottorin tiivistesarja &#8211; 14556029"},"content":{"rendered":"<p>Tuote k\u00e4y seuraaviin koneisiin:<br \/>\n(huom muista mainita koneesi valmistenumero tilauksesi yhteydess\u00e4)<\/p>\n<p>EC240LC<br \/>\nEC240B<\/p>\n","protected":false},"excerpt":{"rendered":"<p>Tuote k\u00e4y seuraaviin koneisiin: (huom muista mainita koneesi valmistenumero tilauksesi yhteydess\u00e4) EC240LC EC240B<\/p>\n","protected":false},"featured_media":28767,"template":"","meta":[],"product_cat":[4197,4211,3907,4192,4206,4200,4214],"product_tag":[],"class_list":{"0":"post-28062","1":"product","2":"type-product","3":"status-publish","4":"has-post-thumbnail","6":"product_cat-hydrauliikka-ec240lc","7":"product_cat-hydrauliikka-ec240blc","8":"product_cat-kaikki-volvo-kaivinkoneiden-varaosat","9":"product_cat-sylinterit-tiivistesarjat-ec240lc","10":"product_cat-sylinterit-tiivistesarjat-ec240blc","11":"product_cat-voimansiirto-ec240lc","12":"product_cat-voimansiirto-ec240blc","13":"product_shipping_class-4724","15":"first","16":"outofstock","17":"taxable","18":"shipping-taxable","19":"purchasable","20":"product-type-simple"},"_links":{"self":[{"href":"https:\/\/www.finmasiko.fi\/verkkokauppa\/catalog\/wp-json\/wp\/v2\/product\/28062","targetHints":{"allow":["GET"]}}],"collection":[{"href":"https:\/\/www.finmasiko.fi\/verkkokauppa\/catalog\/wp-json\/wp\/v2\/product"}],"about":[{"href":"https:\/\/www.finmasiko.fi\/verkkokauppa\/catalog\/wp-json\/wp\/v2\/types\/product"}],"wp:featuredmedia":[{"embeddable":true,"href":"https:\/\/www.finmasiko.fi\/verkkokauppa\/catalog\/wp-json\/wp\/v2\/media\/28767"}],"wp:attachment":[{"href":"https:\/\/www.finmasiko.fi\/verkkokauppa\/catalog\/wp-json\/wp\/v2\/media?parent=28062"}],"wp:term":[{"taxonomy":"product_cat","embeddable":true,"href":"https:\/\/www.finmasiko.fi\/verkkokauppa\/catalog\/wp-json\/wp\/v2\/product_cat?post=28062"},{"taxonomy":"product_tag","embeddable":true,"href":"https:\/\/www.finmasiko.fi\/verkkokauppa\/catalog\/wp-json\/wp\/v2\/product_tag?post=28062"}],"curies":[{"name":"wp","href":"https:\/\/api.w.org\/{rel}","templated":true}]}}