{"id":28055,"date":"2018-11-28T15:49:27","date_gmt":"2018-11-28T13:49:27","guid":{"rendered":"https:\/\/www.finmasiko.fi\/verkkokauppa\/catalog\/kauppa\/keraaminen-vastus-14529286\/"},"modified":"2026-04-17T16:14:01","modified_gmt":"2026-04-17T13:14:01","slug":"keraaminen-vastus-14529286","status":"publish","type":"product","link":"https:\/\/www.finmasiko.fi\/verkkokauppa\/catalog\/tuote\/keraaminen-vastus-14529286\/","title":{"rendered":"Keraaminen vastus puhaltimen nopeuden s\u00e4\u00e4t\u00f6 &#8211; 14529286"},"content":{"rendered":"<p>Tuote k\u00e4y seuraaviin koneisiin:<br \/>\n(huom muista mainita koneesi valmistenumero tilauksesi yhteydess\u00e4)<\/p>\n<p>The product is in the following machines:<br \/>\n(remember to mention your machine&#8217;s serial number when ordering)<\/p>\n<p>EC210LC<br \/>\nEC210LR<br \/>\nEC240LC<br \/>\nEC290LC<br \/>\nEC360LC<br \/>\nEC460LC<br \/>\nSE 240 LC-3<br \/>\nSE 210 LC-3<\/p>\n","protected":false},"excerpt":{"rendered":"<p>Tuote k\u00e4y seuraaviin koneisiin: (huom muista mainita koneesi valmistenumero tilauksesi yhteydess\u00e4) The product is in the following machines: (remember to mention your machine&#8217;s serial number when ordering) EC210LC EC210LR EC240LC EC290LC EC360LC EC460LC SE 240 LC-3 SE 210 LC-3<\/p>\n","protected":false},"featured_media":28830,"template":"","meta":[],"product_cat":[3907,4140,4154,4196,4252,4350,4406,4616,4630],"product_tag":[],"class_list":{"0":"post-28055","1":"product","2":"type-product","3":"status-publish","4":"has-post-thumbnail","6":"product_cat-kaikki-volvo-kaivinkoneiden-varaosat","7":"product_cat-lammitys-ilmastointi-ec210lc","8":"product_cat-lammitys-ilmastointi-ec210lr","9":"product_cat-lammitys-ilmastointi-ec240lc","10":"product_cat-lammitys-ilmastointi-ec290lc","11":"product_cat-lammitys-ilmastointi-ec360lc","12":"product_cat-lammitys-ilmastointi-ec460lc","13":"product_cat-lammitys-ilmastointi-se-240-lc-3","14":"product_cat-lammitys-ilmastointi-se-210-lc-3","15":"product_shipping_class-4724","17":"first","18":"instock","19":"taxable","20":"shipping-taxable","21":"purchasable","22":"product-type-simple"},"_links":{"self":[{"href":"https:\/\/www.finmasiko.fi\/verkkokauppa\/catalog\/wp-json\/wp\/v2\/product\/28055","targetHints":{"allow":["GET"]}}],"collection":[{"href":"https:\/\/www.finmasiko.fi\/verkkokauppa\/catalog\/wp-json\/wp\/v2\/product"}],"about":[{"href":"https:\/\/www.finmasiko.fi\/verkkokauppa\/catalog\/wp-json\/wp\/v2\/types\/product"}],"wp:featuredmedia":[{"embeddable":true,"href":"https:\/\/www.finmasiko.fi\/verkkokauppa\/catalog\/wp-json\/wp\/v2\/media\/28830"}],"wp:attachment":[{"href":"https:\/\/www.finmasiko.fi\/verkkokauppa\/catalog\/wp-json\/wp\/v2\/media?parent=28055"}],"wp:term":[{"taxonomy":"product_cat","embeddable":true,"href":"https:\/\/www.finmasiko.fi\/verkkokauppa\/catalog\/wp-json\/wp\/v2\/product_cat?post=28055"},{"taxonomy":"product_tag","embeddable":true,"href":"https:\/\/www.finmasiko.fi\/verkkokauppa\/catalog\/wp-json\/wp\/v2\/product_tag?post=28055"}],"curies":[{"name":"wp","href":"https:\/\/api.w.org\/{rel}","templated":true}]}}