{"id":28046,"date":"2018-11-28T15:49:26","date_gmt":"2018-11-28T13:49:26","guid":{"rendered":"https:\/\/www.finmasiko.fi\/verkkokauppa\/catalog\/kauppa\/kaantokehan-rasvanippa-14531862\/"},"modified":"2026-04-14T16:06:36","modified_gmt":"2026-04-14T13:06:36","slug":"kaantokehan-rasvanippa-14531862","status":"publish","type":"product","link":"https:\/\/www.finmasiko.fi\/verkkokauppa\/catalog\/tuote\/kaantokehan-rasvanippa-14531862\/","title":{"rendered":"K\u00e4\u00e4nt\u00f6keh\u00e4n rasvanippa &#8211; 14531862"},"content":{"rendered":"<p>Tuote k\u00e4y seuraaviin koneisiin:<br \/>\n(huom muista mainita koneesi valmistenumero tilauksesi yhteydess\u00e4)<\/p>\n<p>The product is in the following machines:<br \/>\n(remember to mention your machine&#8217;s serial number when ordering)<\/p>\n<p>EC140BLC<br \/>\nEC140BLCM<br \/>\nEC160BLC<br \/>\nEC160CL<br \/>\nEC180CL<br \/>\nEC210BLC<br \/>\nEC210LC<br \/>\nEC210LR<br \/>\nEC240LC<br \/>\nEC240BLC<br \/>\nEC290LC<br \/>\nEC290BLC<br \/>\nEC330BLC<br \/>\nEC360LC<br \/>\nEC360BLC<br \/>\nEC460BLC<br \/>\nEC140LCM<br \/>\nEC135BLC<br \/>\nEC140LC<br \/>\nSE 240 LC-3<br \/>\nSE 210 LC-3<br \/>\nSE 130 LC-3<\/p>\n","protected":false},"excerpt":{"rendered":"<p>Tuote k\u00e4y seuraaviin koneisiin: (huom muista mainita koneesi valmistenumero tilauksesi yhteydess\u00e4) The product is in the following machines: (remember to mention your machine&#8217;s serial number when ordering) EC140BLC EC140BLCM EC160BLC EC160CL EC180CL EC210BLC EC210LC EC210LR EC240LC EC240BLC EC290LC EC290BLC EC330BLC EC360LC EC360BLC EC460BLC EC140LCM EC135BLC EC140LC SE 240 LC-3 SE 210 LC-3 SE 130 LC-3<\/p>\n","protected":false},"featured_media":28821,"template":"","meta":[],"product_cat":[4159,4369,4355,4425,4313,4271,4551,4257,4215,4565,4201,4607,4649,3935,4117,4621,4089,4145,4033,4635,3949,4631,4421,4645,4547,4561,4603,3931,4617,4351,3945,4029,4085,4113,4141,4155,4197,4211,4253,4267,4309,4365,3907],"product_tag":[],"class_list":{"0":"post-28046","1":"product","2":"type-product","3":"status-publish","4":"has-post-thumbnail","6":"product_cat-alavaunu-ec210lr","7":"product_cat-alavaunu-ec360blc","8":"product_cat-alavaunu-ec360lc","9":"product_cat-alavaunu-ec460blc","10":"product_cat-alavaunu-ec330blc","11":"product_cat-alavaunu-ec290blc","12":"product_cat-alavaunu-ec140lcm","13":"product_cat-alavaunu-ec290lc","14":"product_cat-alavaunu-ec240blc","15":"product_cat-alavaunu-ec135blc","16":"product_cat-alavaunu-ec240lc","17":"product_cat-alavaunu-ec140lc","18":"product_cat-alavaunu-se-130-lc-3","19":"product_cat-alavaunu-ec140blc","20":"product_cat-alavaunu-ec210blc","21":"product_cat-alavaunu-se-240-lc-3","22":"product_cat-alavaunu-ec180cl","23":"product_cat-alavaunu-ec210lc","24":"product_cat-alavaunu-ec160blc","25":"product_cat-alavaunu-se-210-lc-3","26":"product_cat-alavaunu-ec140blcm","27":"product_cat-hydrauliikka-se-210-lc-3","28":"product_cat-hydrauliikka-ec460blc","29":"product_cat-hydrauliikka-se-130-lc-3","30":"product_cat-hydrauliikka-ec140lcm","31":"product_cat-hydrauliikka-ec135blc","32":"product_cat-hydrauliikka-ec140lc","33":"product_cat-hydrauliikka-ec140blc","34":"product_cat-hydrauliikka-se-240-lc-3","35":"product_cat-hydrauliikka-ec360lc","36":"product_cat-hydrauliikka-ec140blcm","37":"product_cat-hydrauliikka-ec160blc","38":"product_cat-hydrauliikka-ec180cl","39":"product_cat-hydrauliikka-ec210blc","40":"product_cat-hydrauliikka-ec210lc","41":"product_cat-hydrauliikka-ec210lr","42":"product_cat-hydrauliikka-ec240lc","43":"product_cat-hydrauliikka-ec240blc","44":"product_cat-hydrauliikka-ec290lc","45":"product_cat-hydrauliikka-ec290blc","46":"product_cat-hydrauliikka-ec330blc","47":"product_cat-hydrauliikka-ec360blc","48":"product_cat-kaikki-volvo-kaivinkoneiden-varaosat","49":"product_shipping_class-4724","51":"first","52":"outofstock","53":"taxable","54":"shipping-taxable","55":"purchasable","56":"product-type-simple"},"_links":{"self":[{"href":"https:\/\/www.finmasiko.fi\/verkkokauppa\/catalog\/wp-json\/wp\/v2\/product\/28046","targetHints":{"allow":["GET"]}}],"collection":[{"href":"https:\/\/www.finmasiko.fi\/verkkokauppa\/catalog\/wp-json\/wp\/v2\/product"}],"about":[{"href":"https:\/\/www.finmasiko.fi\/verkkokauppa\/catalog\/wp-json\/wp\/v2\/types\/product"}],"wp:featuredmedia":[{"embeddable":true,"href":"https:\/\/www.finmasiko.fi\/verkkokauppa\/catalog\/wp-json\/wp\/v2\/media\/28821"}],"wp:attachment":[{"href":"https:\/\/www.finmasiko.fi\/verkkokauppa\/catalog\/wp-json\/wp\/v2\/media?parent=28046"}],"wp:term":[{"taxonomy":"product_cat","embeddable":true,"href":"https:\/\/www.finmasiko.fi\/verkkokauppa\/catalog\/wp-json\/wp\/v2\/product_cat?post=28046"},{"taxonomy":"product_tag","embeddable":true,"href":"https:\/\/www.finmasiko.fi\/verkkokauppa\/catalog\/wp-json\/wp\/v2\/product_tag?post=28046"}],"curies":[{"name":"wp","href":"https:\/\/api.w.org\/{rel}","templated":true}]}}