{"id":28045,"date":"2018-11-28T15:49:26","date_gmt":"2018-11-28T13:49:26","guid":{"rendered":"https:\/\/www.finmasiko.fi\/verkkokauppa\/catalog\/kauppa\/manta-14533163\/"},"modified":"2026-04-14T16:06:45","modified_gmt":"2026-04-14T13:06:45","slug":"manta-14533163","status":"publish","type":"product","link":"https:\/\/www.finmasiko.fi\/verkkokauppa\/catalog\/tuote\/manta-14533163\/","title":{"rendered":"Telankiristimen m\u00e4nt\u00e4 &#8211; 14533163"},"content":{"rendered":"<p>Tuote k\u00e4y seuraaviin koneisiin:<br \/>\n(huom muista mainita koneesi valmistenumero tilauksesi yhteydess\u00e4)<\/p>\n<p>The product is in the following machines:<br \/>\n(remember to mention your machine&#8217;s serial number when ordering)<\/p>\n<p>EC180BLC<br \/>\nEC180CL<br \/>\nEC180DL<br \/>\nEC210BLC<br \/>\nEC210CL<br \/>\nEC220DL<br \/>\nEC240CL<br \/>\nEC250DL<br \/>\nECR235CL<br \/>\nECR235DL<\/p>\n","protected":false},"excerpt":{"rendered":"<p>Tuote k\u00e4y seuraaviin koneisiin: (huom muista mainita koneesi valmistenumero tilauksesi yhteydess\u00e4) The product is in the following machines: (remember to mention your machine&#8217;s serial number when ordering) EC180BLC EC180CL EC180DL EC210BLC EC210CL EC220DL EC240CL EC250DL ECR235CL ECR235DL<\/p>\n","protected":false},"featured_media":28820,"template":"","meta":[],"product_cat":[4075,4089,4103,4117,4131,4173,4229,4243,4509,4523,3907,5828],"product_tag":[],"class_list":{"0":"post-28045","1":"product","2":"type-product","3":"status-publish","4":"has-post-thumbnail","6":"product_cat-alavaunu-ec180blc","7":"product_cat-alavaunu-ec180cl","8":"product_cat-alavaunu-ec180dl","9":"product_cat-alavaunu-ec210blc","10":"product_cat-alavaunu-ec210cl","11":"product_cat-alavaunu-ec220dl","12":"product_cat-alavaunu-ec240cl","13":"product_cat-alavaunu-ec250dl","14":"product_cat-alavaunu-ecr235cl","15":"product_cat-alavaunu-ecr235dl","16":"product_cat-kaikki-volvo-kaivinkoneiden-varaosat","17":"product_cat-telapultit-mutterit","18":"product_shipping_class-4724","20":"first","21":"instock","22":"taxable","23":"shipping-taxable","24":"purchasable","25":"product-type-simple"},"_links":{"self":[{"href":"https:\/\/www.finmasiko.fi\/verkkokauppa\/catalog\/wp-json\/wp\/v2\/product\/28045","targetHints":{"allow":["GET"]}}],"collection":[{"href":"https:\/\/www.finmasiko.fi\/verkkokauppa\/catalog\/wp-json\/wp\/v2\/product"}],"about":[{"href":"https:\/\/www.finmasiko.fi\/verkkokauppa\/catalog\/wp-json\/wp\/v2\/types\/product"}],"wp:featuredmedia":[{"embeddable":true,"href":"https:\/\/www.finmasiko.fi\/verkkokauppa\/catalog\/wp-json\/wp\/v2\/media\/28820"}],"wp:attachment":[{"href":"https:\/\/www.finmasiko.fi\/verkkokauppa\/catalog\/wp-json\/wp\/v2\/media?parent=28045"}],"wp:term":[{"taxonomy":"product_cat","embeddable":true,"href":"https:\/\/www.finmasiko.fi\/verkkokauppa\/catalog\/wp-json\/wp\/v2\/product_cat?post=28045"},{"taxonomy":"product_tag","embeddable":true,"href":"https:\/\/www.finmasiko.fi\/verkkokauppa\/catalog\/wp-json\/wp\/v2\/product_tag?post=28045"}],"curies":[{"name":"wp","href":"https:\/\/api.w.org\/{rel}","templated":true}]}}