{"id":27978,"date":"2018-11-28T15:49:13","date_gmt":"2018-11-28T13:49:13","guid":{"rendered":"https:\/\/www.finmasiko.fi\/verkkokauppa\/catalog\/kauppa\/lammityslaitteen-pyorintanopeuden-vastus-14514329\/"},"modified":"2026-04-14T16:04:17","modified_gmt":"2026-04-14T13:04:17","slug":"lammityslaitteen-pyorintanopeuden-vastus-14514329","status":"publish","type":"product","link":"https:\/\/www.finmasiko.fi\/verkkokauppa\/catalog\/tuote\/lammityslaitteen-pyorintanopeuden-vastus-14514329\/","title":{"rendered":"L\u00e4mmityslaitteen py\u00f6rint\u00e4nopeuden vastus &#8211; 14514329"},"content":{"rendered":"<p>Tuote k\u00e4y seuraaviin koneisiin:<br \/>\n(huom muista mainita koneesi valmistenumero tilauksesi yhteydess\u00e4)<\/p>\n<p>The product is in the following machines:<br \/>\n(remember to mention your machine&#8217;s serial number when ordering)<\/p>\n<p>EC140BLC<br \/>\nEC140BLCM<br \/>\nEC160BLC<br \/>\nEC180BLC<br \/>\nEC210BLC<br \/>\nEC240BLC<br \/>\nEC290BLC<br \/>\nEC330BLC<br \/>\nEC360BLC<br \/>\nEC460BLC<br \/>\nEC700BLC<br \/>\nEC135BLC<\/p>\n","protected":false},"excerpt":{"rendered":"<p>Tuote k\u00e4y seuraaviin koneisiin: (huom muista mainita koneesi valmistenumero tilauksesi yhteydess\u00e4) The product is in the following machines: (remember to mention your machine&#8217;s serial number when ordering) EC140BLC EC140BLCM EC160BLC EC180BLC EC210BLC EC240BLC EC290BLC EC330BLC EC360BLC EC460BLC EC700BLC EC135BLC<\/p>\n","protected":false},"featured_media":28765,"template":"","meta":[],"product_cat":[3907,3930,3944,4028,4070,4112,4210,4266,4308,4364,4420,4462,4560],"product_tag":[],"class_list":{"0":"post-27978","1":"product","2":"type-product","3":"status-publish","4":"has-post-thumbnail","6":"product_cat-kaikki-volvo-kaivinkoneiden-varaosat","7":"product_cat-lammitys-ilmastointi-ec140blc","8":"product_cat-lammitys-ilmastointi-ec140blcm","9":"product_cat-lammitys-ilmastointi-ec160blc","10":"product_cat-lammitys-ilmastointi-ec180blc","11":"product_cat-lammitys-ilmastointi-ec210blc","12":"product_cat-lammitys-ilmastointi-ec240blc","13":"product_cat-lammitys-ilmastointi-ec290blc","14":"product_cat-lammitys-ilmastointi-ec330blc","15":"product_cat-lammitys-ilmastointi-ec360blc","16":"product_cat-lammitys-ilmastointi-ec460blc","17":"product_cat-lammitys-ilmastointi-ec700blc","18":"product_cat-lammitys-ilmastointi-ec135blc","19":"product_shipping_class-4724","21":"first","22":"instock","23":"taxable","24":"shipping-taxable","25":"purchasable","26":"product-type-simple"},"_links":{"self":[{"href":"https:\/\/www.finmasiko.fi\/verkkokauppa\/catalog\/wp-json\/wp\/v2\/product\/27978","targetHints":{"allow":["GET"]}}],"collection":[{"href":"https:\/\/www.finmasiko.fi\/verkkokauppa\/catalog\/wp-json\/wp\/v2\/product"}],"about":[{"href":"https:\/\/www.finmasiko.fi\/verkkokauppa\/catalog\/wp-json\/wp\/v2\/types\/product"}],"wp:featuredmedia":[{"embeddable":true,"href":"https:\/\/www.finmasiko.fi\/verkkokauppa\/catalog\/wp-json\/wp\/v2\/media\/28765"}],"wp:attachment":[{"href":"https:\/\/www.finmasiko.fi\/verkkokauppa\/catalog\/wp-json\/wp\/v2\/media?parent=27978"}],"wp:term":[{"taxonomy":"product_cat","embeddable":true,"href":"https:\/\/www.finmasiko.fi\/verkkokauppa\/catalog\/wp-json\/wp\/v2\/product_cat?post=27978"},{"taxonomy":"product_tag","embeddable":true,"href":"https:\/\/www.finmasiko.fi\/verkkokauppa\/catalog\/wp-json\/wp\/v2\/product_tag?post=27978"}],"curies":[{"name":"wp","href":"https:\/\/api.w.org\/{rel}","templated":true}]}}