{"id":27976,"date":"2018-11-28T15:49:13","date_gmt":"2018-11-28T13:49:13","guid":{"rendered":"https:\/\/www.finmasiko.fi\/verkkokauppa\/catalog\/kauppa\/laturin-tuulettajan-hihna-14512904\/"},"modified":"2026-04-17T16:11:53","modified_gmt":"2026-04-17T13:11:53","slug":"laturin-tuulettajan-hihna-14512904","status":"publish","type":"product","link":"https:\/\/www.finmasiko.fi\/verkkokauppa\/catalog\/tuote\/laturin-tuulettajan-hihna-14512904\/","title":{"rendered":"Laturin \/ tuulettajan hihna &#8211; 14512904"},"content":{"rendered":"<p>Tuote k\u00e4y seuraaviin koneisiin:<br \/>\n(huom muista mainita koneesi valmistenumero tilauksesi yhteydess\u00e4)<\/p>\n<p>SE 130 LC-2<\/p>\n<p>HUOM TARKISTA SY\u00d6TT\u00d6PUMPUN TYYPPI! RIVIPUMPULLA OLEVAN MOOTTORIN HIHNA<\/p>\n","protected":false},"excerpt":{"rendered":"<p>Tuote k\u00e4y seuraaviin koneisiin: (huom muista mainita koneesi valmistenumero tilauksesi yhteydess\u00e4) SE 130 LC-2 HUOM TARKISTA SY\u00d6TT\u00d6PUMPUN TYYPPI! RIVIPUMPULLA OLEVAN MOOTTORIN HIHNA<\/p>\n","protected":false},"featured_media":28716,"template":"","meta":[],"product_cat":[3909,3907,3914],"product_tag":[],"class_list":{"0":"post-27976","1":"product","2":"type-product","3":"status-publish","4":"has-post-thumbnail","6":"product_cat-hihnat-se-130-lc-2","7":"product_cat-kaikki-volvo-kaivinkoneiden-varaosat","8":"product_cat-moottorin-osat-se-130-lc-2","9":"product_shipping_class-4724","11":"first","12":"instock","13":"taxable","14":"shipping-taxable","15":"purchasable","16":"product-type-simple"},"_links":{"self":[{"href":"https:\/\/www.finmasiko.fi\/verkkokauppa\/catalog\/wp-json\/wp\/v2\/product\/27976","targetHints":{"allow":["GET"]}}],"collection":[{"href":"https:\/\/www.finmasiko.fi\/verkkokauppa\/catalog\/wp-json\/wp\/v2\/product"}],"about":[{"href":"https:\/\/www.finmasiko.fi\/verkkokauppa\/catalog\/wp-json\/wp\/v2\/types\/product"}],"wp:featuredmedia":[{"embeddable":true,"href":"https:\/\/www.finmasiko.fi\/verkkokauppa\/catalog\/wp-json\/wp\/v2\/media\/28716"}],"wp:attachment":[{"href":"https:\/\/www.finmasiko.fi\/verkkokauppa\/catalog\/wp-json\/wp\/v2\/media?parent=27976"}],"wp:term":[{"taxonomy":"product_cat","embeddable":true,"href":"https:\/\/www.finmasiko.fi\/verkkokauppa\/catalog\/wp-json\/wp\/v2\/product_cat?post=27976"},{"taxonomy":"product_tag","embeddable":true,"href":"https:\/\/www.finmasiko.fi\/verkkokauppa\/catalog\/wp-json\/wp\/v2\/product_tag?post=27976"}],"curies":[{"name":"wp","href":"https:\/\/api.w.org\/{rel}","templated":true}]}}