{"id":27942,"date":"2018-11-28T15:49:07","date_gmt":"2018-11-28T13:49:07","guid":{"rendered":"https:\/\/www.finmasiko.fi\/verkkokauppa\/catalog\/kauppa\/tuulettajan-hihnapyora-3914463\/"},"modified":"2026-04-17T16:31:56","modified_gmt":"2026-04-17T13:31:56","slug":"tuulettajan-hihnapyora-3914463","status":"publish","type":"product","link":"https:\/\/www.finmasiko.fi\/verkkokauppa\/catalog\/tuote\/tuulettajan-hihnapyora-3914463\/","title":{"rendered":"Tuulettajan hihnapy\u00f6r\u00e4  &#8211; 3914463"},"content":{"rendered":"<p>Tuote k\u00e4y seuraaviin koneisiin:<br \/>\n(huom muista mainita koneesi valmistenumero tilauksesi yhteydess\u00e4)<\/p>\n<p>SE 130 LC-2<br \/>\nSE 210 LC-2<\/p>\n","protected":false},"excerpt":{"rendered":"<p>Tuote k\u00e4y seuraaviin koneisiin: (huom muista mainita koneesi valmistenumero tilauksesi yhteydess\u00e4) SE 130 LC-2 SE 210 LC-2<\/p>\n","protected":false},"featured_media":28735,"template":"","meta":[],"product_cat":[3907,3914,4586],"product_tag":[],"class_list":{"0":"post-27942","1":"product","2":"type-product","3":"status-publish","4":"has-post-thumbnail","6":"product_cat-kaikki-volvo-kaivinkoneiden-varaosat","7":"product_cat-moottorin-osat-se-130-lc-2","8":"product_cat-moottorin-osat-se-210-lc-2","9":"product_shipping_class-4724","11":"first","12":"instock","13":"taxable","14":"shipping-taxable","15":"purchasable","16":"product-type-simple"},"_links":{"self":[{"href":"https:\/\/www.finmasiko.fi\/verkkokauppa\/catalog\/wp-json\/wp\/v2\/product\/27942","targetHints":{"allow":["GET"]}}],"collection":[{"href":"https:\/\/www.finmasiko.fi\/verkkokauppa\/catalog\/wp-json\/wp\/v2\/product"}],"about":[{"href":"https:\/\/www.finmasiko.fi\/verkkokauppa\/catalog\/wp-json\/wp\/v2\/types\/product"}],"wp:featuredmedia":[{"embeddable":true,"href":"https:\/\/www.finmasiko.fi\/verkkokauppa\/catalog\/wp-json\/wp\/v2\/media\/28735"}],"wp:attachment":[{"href":"https:\/\/www.finmasiko.fi\/verkkokauppa\/catalog\/wp-json\/wp\/v2\/media?parent=27942"}],"wp:term":[{"taxonomy":"product_cat","embeddable":true,"href":"https:\/\/www.finmasiko.fi\/verkkokauppa\/catalog\/wp-json\/wp\/v2\/product_cat?post=27942"},{"taxonomy":"product_tag","embeddable":true,"href":"https:\/\/www.finmasiko.fi\/verkkokauppa\/catalog\/wp-json\/wp\/v2\/product_tag?post=27942"}],"curies":[{"name":"wp","href":"https:\/\/api.w.org\/{rel}","templated":true}]}}