{"id":27931,"date":"2018-11-28T15:49:05","date_gmt":"2018-11-28T13:49:05","guid":{"rendered":"https:\/\/www.finmasiko.fi\/verkkokauppa\/catalog\/kauppa\/paisuntasailion-korkki-20879323\/"},"modified":"2026-04-17T16:24:51","modified_gmt":"2026-04-17T13:24:51","slug":"paisuntasailion-korkki-20879323","status":"publish","type":"product","link":"https:\/\/www.finmasiko.fi\/verkkokauppa\/catalog\/tuote\/paisuntasailion-korkki-20879323\/","title":{"rendered":"Paisuntas\u00e4ili\u00f6n korkki &#8211; 20879323"},"content":{"rendered":"<p>Tuote k\u00e4y seuraaviin koneisiin:<br \/>\n(huom muista mainita koneesi valmistenumero tilauksesi yhteydess\u00e4)<\/p>\n<p>The product is in the following machines:<br \/>\n(remember to mention your machine&#8217;s serial number when ordering)<\/p>\n<p>EC140CL<br \/>\nEC140CLM<br \/>\nEC140DL<br \/>\nEC140DLM<br \/>\nEC160CL<br \/>\nEC160DL<br \/>\nEC180CL<br \/>\nEC180DL<br \/>\nEC210BLC<br \/>\nEC210CL<br \/>\nEC220DL<br \/>\nEC235CLD<br \/>\nEC240BLC<br \/>\nEC240CL<br \/>\nEC250DL<br \/>\nEC290BLC<br \/>\nEC290CL<br \/>\nEC300DL<br \/>\nEC340DL<br \/>\nEC380DL<br \/>\nEC480DL<br \/>\nEC700BLC<br \/>\nEC700CL<br \/>\nECR145CL<br \/>\nECR235CL<br \/>\nECR235DL<br \/>\nECR305CL<\/p>\n","protected":false},"excerpt":{"rendered":"<p>Tuote k\u00e4y seuraaviin koneisiin: (huom muista mainita koneesi valmistenumero tilauksesi yhteydess\u00e4) The product is in the following machines: (remember to mention your machine&#8217;s serial number when ordering) EC140CL EC140CLM EC140DL EC140DLM EC160CL EC160DL EC180CL EC180DL EC210BLC EC210CL EC220DL EC235CLD EC240BLC EC240CL EC250DL EC290BLC EC290CL EC300DL EC340DL EC380DL EC480DL EC700BLC EC700CL ECR145CL ECR235CL ECR235DL ECR305CL<\/p>\n","protected":false},"featured_media":28724,"template":"","meta":[],"product_cat":[3907,3956,4530,4516,4502,4488,4474,4460,4446,4390,4334,4292,4278,4264,4236,4222,4208,4180,4166,4124,4110,4096,4082,4054,4040,3998,3984,3970],"product_tag":[],"class_list":{"0":"post-27931","1":"product","2":"type-product","3":"status-publish","4":"has-post-thumbnail","6":"product_cat-kaikki-volvo-kaivinkoneiden-varaosat","7":"product_cat-moottorin-osat-ec140cl","8":"product_cat-moottorin-osat-ecr305cl","9":"product_cat-moottorin-osat-ecr235dl","10":"product_cat-moottorin-osat-ecr235cl","11":"product_cat-moottorin-osat-ecr145cl","12":"product_cat-moottorin-osat-ec700cl","13":"product_cat-moottorin-osat-ec700blc","14":"product_cat-moottorin-osat-ec480dl","15":"product_cat-moottorin-osat-ec380dl","16":"product_cat-moottorin-osat-ec340dl","17":"product_cat-moottorin-osat-ec300dl","18":"product_cat-moottorin-osat-ec290cl","19":"product_cat-moottorin-osat-ec290blc","20":"product_cat-moottorin-osat-ec250dl","21":"product_cat-moottorin-osat-ec240cl","22":"product_cat-moottorin-osat-ec240blc","23":"product_cat-moottorin-osat-ec235cld","24":"product_cat-moottorin-osat-ec220dl","25":"product_cat-moottorin-osat-ec210cl","26":"product_cat-moottorin-osat-ec210blc","27":"product_cat-moottorin-osat-ec180dl","28":"product_cat-moottorin-osat-ec180cl","29":"product_cat-moottorin-osat-ec160dl","30":"product_cat-moottorin-osat-ec160cl","31":"product_cat-moottorin-osat-ec140dlm","32":"product_cat-moottorin-osat-ec140dl","33":"product_cat-moottorin-osat-ec140clm","34":"product_shipping_class-4724","36":"first","37":"instock","38":"taxable","39":"shipping-taxable","40":"purchasable","41":"product-type-simple"},"_links":{"self":[{"href":"https:\/\/www.finmasiko.fi\/verkkokauppa\/catalog\/wp-json\/wp\/v2\/product\/27931","targetHints":{"allow":["GET"]}}],"collection":[{"href":"https:\/\/www.finmasiko.fi\/verkkokauppa\/catalog\/wp-json\/wp\/v2\/product"}],"about":[{"href":"https:\/\/www.finmasiko.fi\/verkkokauppa\/catalog\/wp-json\/wp\/v2\/types\/product"}],"wp:featuredmedia":[{"embeddable":true,"href":"https:\/\/www.finmasiko.fi\/verkkokauppa\/catalog\/wp-json\/wp\/v2\/media\/28724"}],"wp:attachment":[{"href":"https:\/\/www.finmasiko.fi\/verkkokauppa\/catalog\/wp-json\/wp\/v2\/media?parent=27931"}],"wp:term":[{"taxonomy":"product_cat","embeddable":true,"href":"https:\/\/www.finmasiko.fi\/verkkokauppa\/catalog\/wp-json\/wp\/v2\/product_cat?post=27931"},{"taxonomy":"product_tag","embeddable":true,"href":"https:\/\/www.finmasiko.fi\/verkkokauppa\/catalog\/wp-json\/wp\/v2\/product_tag?post=27931"}],"curies":[{"name":"wp","href":"https:\/\/api.w.org\/{rel}","templated":true}]}}