{"id":27914,"date":"2018-11-28T15:49:02","date_gmt":"2018-11-28T13:49:02","guid":{"rendered":"https:\/\/www.finmasiko.fi\/verkkokauppa\/catalog\/kauppa\/paisuntasailio-voe-17214676\/"},"modified":"2026-04-17T16:21:52","modified_gmt":"2026-04-17T13:21:52","slug":"paisuntasailio-voe-17214676","status":"publish","type":"product","link":"https:\/\/www.finmasiko.fi\/verkkokauppa\/catalog\/tuote\/paisuntasailio-voe-17214676\/","title":{"rendered":"Paisuntas\u00e4ili\u00f6 &#8211; 17214676"},"content":{"rendered":"<p>Tuote k\u00e4y seuraaviin koneisiin:<br \/>\n(huom muista mainita koneesi valmistenumero tilauksesi yhteydess\u00e4)<\/p>\n<p>The product is in the following machines:<br \/>\n(remember to mention your machine&#8217;s serial number when ordering)<\/p>\n<p>EC140DL<br \/>\nEC140DLM<br \/>\nEC160DL<br \/>\nEC180DL<br \/>\nEC220DL<br \/>\nEC300DL<br \/>\nECR235DL<\/p>\n","protected":false},"excerpt":{"rendered":"<p>Tuote k\u00e4y seuraaviin koneisiin: (huom muista mainita koneesi valmistenumero tilauksesi yhteydess\u00e4) The product is in the following machines: (remember to mention your machine&#8217;s serial number when ordering) EC140DL EC140DLM EC160DL EC180DL EC220DL EC300DL ECR235DL<\/p>\n","protected":false},"featured_media":28710,"template":"","meta":[],"product_cat":[2685,3984,3998,4054,4096,4166,4292,4516],"product_tag":[],"class_list":{"0":"post-27914","1":"product","2":"type-product","3":"status-publish","4":"has-post-thumbnail","6":"product_cat-kaikki-volvo-pyorakoneen-varaosat","7":"product_cat-moottorin-osat-ec140dl","8":"product_cat-moottorin-osat-ec140dlm","9":"product_cat-moottorin-osat-ec160dl","10":"product_cat-moottorin-osat-ec180dl","11":"product_cat-moottorin-osat-ec220dl","12":"product_cat-moottorin-osat-ec300dl","13":"product_cat-moottorin-osat-ecr235dl","14":"product_shipping_class-4724","16":"first","17":"outofstock","18":"taxable","19":"shipping-taxable","20":"purchasable","21":"product-type-simple"},"_links":{"self":[{"href":"https:\/\/www.finmasiko.fi\/verkkokauppa\/catalog\/wp-json\/wp\/v2\/product\/27914","targetHints":{"allow":["GET"]}}],"collection":[{"href":"https:\/\/www.finmasiko.fi\/verkkokauppa\/catalog\/wp-json\/wp\/v2\/product"}],"about":[{"href":"https:\/\/www.finmasiko.fi\/verkkokauppa\/catalog\/wp-json\/wp\/v2\/types\/product"}],"wp:featuredmedia":[{"embeddable":true,"href":"https:\/\/www.finmasiko.fi\/verkkokauppa\/catalog\/wp-json\/wp\/v2\/media\/28710"}],"wp:attachment":[{"href":"https:\/\/www.finmasiko.fi\/verkkokauppa\/catalog\/wp-json\/wp\/v2\/media?parent=27914"}],"wp:term":[{"taxonomy":"product_cat","embeddable":true,"href":"https:\/\/www.finmasiko.fi\/verkkokauppa\/catalog\/wp-json\/wp\/v2\/product_cat?post=27914"},{"taxonomy":"product_tag","embeddable":true,"href":"https:\/\/www.finmasiko.fi\/verkkokauppa\/catalog\/wp-json\/wp\/v2\/product_tag?post=27914"}],"curies":[{"name":"wp","href":"https:\/\/api.w.org\/{rel}","templated":true}]}}