{"id":27875,"date":"2018-11-28T15:48:55","date_gmt":"2018-11-28T13:48:55","guid":{"rendered":"https:\/\/www.finmasiko.fi\/verkkokauppa\/catalog\/kauppa\/lampoanturi-hyd-oljy-k1003296\/"},"modified":"2026-04-14T16:41:38","modified_gmt":"2026-04-14T13:41:38","slug":"lampoanturi-hyd-oljy-k1003296","status":"publish","type":"product","link":"https:\/\/www.finmasiko.fi\/verkkokauppa\/catalog\/tuote\/lampoanturi-hyd-oljy-k1003296\/","title":{"rendered":"L\u00e4mp\u00f6anturi hyd.\u00f6ljy &#8211; K1003296"},"content":{"rendered":"<p>Tuote k\u00e4y seuraaviin koneisiin:<br \/>\n(huom muista mainita koneesi valmistenumero tilauksesi yhteydess\u00e4)<\/p>\n<p>The product is in the following machines:<br \/>\n(remember to mention your machine&#8217;s serial number when ordering)<\/p>\n<p>DX 140 LC<br \/>\nDX 140 LCR<br \/>\nDX 160 LC<br \/>\nDX 180 LC<br \/>\nDX 225 LC<br \/>\nDX 235 LCR<br \/>\nDX 255 LC<br \/>\nDX 300 LC<br \/>\nDX 340 LC<br \/>\nDX 140 W<br \/>\nDX 160 W<br \/>\nDX 170 W<br \/>\nDX 190 W<br \/>\nDX 210 W<\/p>\n","protected":false},"excerpt":{"rendered":"<p>Tuote k\u00e4y seuraaviin koneisiin: (huom muista mainita koneesi valmistenumero tilauksesi yhteydess\u00e4) The product is in the following machines: (remember to mention your machine&#8217;s serial number when ordering) DX 140 LC DX 140 LCR DX 160 LC DX 180 LC DX 225 LC DX 235 LCR DX 255 LC DX 300 LC DX 340 LC DX [&hellip;]<\/p>\n","protected":false},"featured_media":28678,"template":"","meta":[],"product_cat":[3438,3890,3876,3862,3848,3834,3820,3802,3788,3774,3760,3746,3452,3424,3891],"product_tag":[],"class_list":{"0":"post-27875","1":"product","2":"type-product","3":"status-publish","4":"has-post-thumbnail","6":"product_cat-hydrauliikka-dx-140-lcr","7":"product_cat-hydrauliikka-dx-210-w","8":"product_cat-hydrauliikka-dx-190-w","9":"product_cat-hydrauliikka-dx-170-w","10":"product_cat-hydrauliikka-dx-160-w","11":"product_cat-hydrauliikka-dx-140-w","12":"product_cat-hydrauliikka-dx-340-lc","13":"product_cat-hydrauliikka-dx-300-lc","14":"product_cat-hydrauliikka-dx-255-lc","15":"product_cat-hydrauliikka-dx-235-lcr","16":"product_cat-hydrauliikka-dx-225-lc","17":"product_cat-hydrauliikka-dx-180-lc","18":"product_cat-hydrauliikka-dx-140-lc","19":"product_cat-hydrauliikka-dx-160-lc","20":"product_cat-kaikki-daewoo-doosan-osat","21":"product_shipping_class-4724","23":"first","24":"outofstock","25":"taxable","26":"shipping-taxable","27":"purchasable","28":"product-type-simple"},"_links":{"self":[{"href":"https:\/\/www.finmasiko.fi\/verkkokauppa\/catalog\/wp-json\/wp\/v2\/product\/27875","targetHints":{"allow":["GET"]}}],"collection":[{"href":"https:\/\/www.finmasiko.fi\/verkkokauppa\/catalog\/wp-json\/wp\/v2\/product"}],"about":[{"href":"https:\/\/www.finmasiko.fi\/verkkokauppa\/catalog\/wp-json\/wp\/v2\/types\/product"}],"wp:featuredmedia":[{"embeddable":true,"href":"https:\/\/www.finmasiko.fi\/verkkokauppa\/catalog\/wp-json\/wp\/v2\/media\/28678"}],"wp:attachment":[{"href":"https:\/\/www.finmasiko.fi\/verkkokauppa\/catalog\/wp-json\/wp\/v2\/media?parent=27875"}],"wp:term":[{"taxonomy":"product_cat","embeddable":true,"href":"https:\/\/www.finmasiko.fi\/verkkokauppa\/catalog\/wp-json\/wp\/v2\/product_cat?post=27875"},{"taxonomy":"product_tag","embeddable":true,"href":"https:\/\/www.finmasiko.fi\/verkkokauppa\/catalog\/wp-json\/wp\/v2\/product_tag?post=27875"}],"curies":[{"name":"wp","href":"https:\/\/api.w.org\/{rel}","templated":true}]}}