{"id":27760,"date":"2018-11-28T15:48:37","date_gmt":"2018-11-28T13:48:37","guid":{"rendered":"https:\/\/www.finmasiko.fi\/verkkokauppa\/catalog\/kauppa\/nostosylinterin-tiivistesarja-11707447\/"},"modified":"2026-04-14T15:58:17","modified_gmt":"2026-04-14T12:58:17","slug":"nostosylinterin-tiivistesarja-11707447","status":"publish","type":"product","link":"https:\/\/www.finmasiko.fi\/verkkokauppa\/catalog\/tuote\/nostosylinterin-tiivistesarja-11707447\/","title":{"rendered":"Nostosylinterin tiivistesarja &#8211; 11707447"},"content":{"rendered":"<p>HUOM. T\u00c4M\u00c4 TIIVISTESARJA SIS\u00c4LT\u00c4\u00c4 MY\u00d6S LIUKUHELAT<\/p>\n<p>Tuote k\u00e4y seuraaviin koneisiin:<br \/>\n(huom muista mainita koneesi valmistenumero tilauksesi yhteydess\u00e4)<\/p>\n<p>VOLVO WHEEL LOADERS &gt; L120D<\/p>\n","protected":false},"excerpt":{"rendered":"<p>HUOM. T\u00c4M\u00c4 TIIVISTESARJA SIS\u00c4LT\u00c4\u00c4 MY\u00d6S LIUKUHELAT Tuote k\u00e4y seuraaviin koneisiin: (huom muista mainita koneesi valmistenumero tilauksesi yhteydess\u00e4) VOLVO WHEEL LOADERS &gt; L120D<\/p>\n","protected":false},"featured_media":28580,"template":"","meta":[],"product_cat":[3087,2685,3082],"product_tag":[],"class_list":{"0":"post-27760","1":"product","2":"type-product","3":"status-publish","4":"has-post-thumbnail","6":"product_cat-hydrauliikka-l120d","7":"product_cat-kaikki-volvo-pyorakoneen-varaosat","8":"product_cat-sylinterit-tiivistesarjat-l120d","9":"product_shipping_class-4724","11":"first","12":"instock","13":"taxable","14":"shipping-taxable","15":"purchasable","16":"product-type-simple"},"_links":{"self":[{"href":"https:\/\/www.finmasiko.fi\/verkkokauppa\/catalog\/wp-json\/wp\/v2\/product\/27760","targetHints":{"allow":["GET"]}}],"collection":[{"href":"https:\/\/www.finmasiko.fi\/verkkokauppa\/catalog\/wp-json\/wp\/v2\/product"}],"about":[{"href":"https:\/\/www.finmasiko.fi\/verkkokauppa\/catalog\/wp-json\/wp\/v2\/types\/product"}],"wp:featuredmedia":[{"embeddable":true,"href":"https:\/\/www.finmasiko.fi\/verkkokauppa\/catalog\/wp-json\/wp\/v2\/media\/28580"}],"wp:attachment":[{"href":"https:\/\/www.finmasiko.fi\/verkkokauppa\/catalog\/wp-json\/wp\/v2\/media?parent=27760"}],"wp:term":[{"taxonomy":"product_cat","embeddable":true,"href":"https:\/\/www.finmasiko.fi\/verkkokauppa\/catalog\/wp-json\/wp\/v2\/product_cat?post=27760"},{"taxonomy":"product_tag","embeddable":true,"href":"https:\/\/www.finmasiko.fi\/verkkokauppa\/catalog\/wp-json\/wp\/v2\/product_tag?post=27760"}],"curies":[{"name":"wp","href":"https:\/\/api.w.org\/{rel}","templated":true}]}}