{"id":27749,"date":"2018-11-28T15:48:35","date_gmt":"2018-11-28T13:48:35","guid":{"rendered":"https:\/\/www.finmasiko.fi\/verkkokauppa\/catalog\/kauppa\/lasi-yla-1166-00481\/"},"modified":"2026-04-17T16:05:19","modified_gmt":"2026-04-17T13:05:19","slug":"lasi-yla-1166-00481","status":"publish","type":"product","link":"https:\/\/www.finmasiko.fi\/verkkokauppa\/catalog\/tuote\/lasi-yla-1166-00481\/","title":{"rendered":"Lasi (yl\u00e4) &#8211; 1166-00481"},"content":{"rendered":"<p>Tuote k\u00e4y seuraaviin koneisiin:(huom muista mainita koneesi valmistenumero tilauksesi yhteydess\u00e4)<br \/>\nThe product is in the following machines:(remember to mention your machine&#8217;s serial number when ordering)<\/p>\n<p>VOLVO \/ SAMSUNG &gt; EC210LC<br \/>\nVOLVO \/ SAMSUNG &gt; EC240LC<br \/>\nVOLVO \/ SAMSUNG &gt; EC290LC<br \/>\nVOLVO \/ SAMSUNG &gt; EC360LC<br \/>\nVOLVO \/ SAMSUNG &gt; EC460LC<br \/>\nVOLVO \/ SAMSUNG &gt; EC140LCM<br \/>\nVOLVO \/ SAMSUNG &gt; EC140LC<br \/>\nVOLVO \/ SAMSUNG &gt; SE 240 LC-3<br \/>\nVOLVO \/ SAMSUNG &gt; SE 210 LC-3<br \/>\nVOLVO \/ SAMSUNG &gt; SE 130 LC-3<\/p>\n","protected":false},"excerpt":{"rendered":"<p>Tuote k\u00e4y seuraaviin koneisiin:(huom muista mainita koneesi valmistenumero tilauksesi yhteydess\u00e4) The product is in the following machines:(remember to mention your machine&#8217;s serial number when ordering) VOLVO \/ SAMSUNG &gt; EC210LC VOLVO \/ SAMSUNG &gt; EC240LC VOLVO \/ SAMSUNG &gt; EC290LC VOLVO \/ SAMSUNG &gt; EC360LC VOLVO \/ SAMSUNG &gt; EC460LC VOLVO \/ SAMSUNG &gt; EC140LCM [&hellip;]<\/p>\n","protected":false},"featured_media":28576,"template":"","meta":[],"product_cat":[3907,4135,4191,4247,4345,4401,4541,4597,4611,4625,4639],"product_tag":[],"class_list":{"0":"post-27749","1":"product","2":"type-product","3":"status-publish","4":"has-post-thumbnail","6":"product_cat-kaikki-volvo-kaivinkoneiden-varaosat","7":"product_cat-ohjaamo-lasit-ec210lc","8":"product_cat-ohjaamo-lasit-ec240lc","9":"product_cat-ohjaamo-lasit-ec290lc","10":"product_cat-ohjaamo-lasit-ec360lc","11":"product_cat-ohjaamo-lasit-ec460lc","12":"product_cat-ohjaamo-lasit-ec140lcm","13":"product_cat-ohjaamo-lasit-ec140lc","14":"product_cat-ohjaamo-lasit-se-240-lc-3","15":"product_cat-ohjaamo-lasit-se-210-lc-3","16":"product_cat-ohjaamo-lasit-se-130-lc-3","17":"product_shipping_class-4727","19":"first","20":"instock","21":"sold-individually","22":"taxable","23":"shipping-taxable","24":"product-type-simple"},"_links":{"self":[{"href":"https:\/\/www.finmasiko.fi\/verkkokauppa\/catalog\/wp-json\/wp\/v2\/product\/27749","targetHints":{"allow":["GET"]}}],"collection":[{"href":"https:\/\/www.finmasiko.fi\/verkkokauppa\/catalog\/wp-json\/wp\/v2\/product"}],"about":[{"href":"https:\/\/www.finmasiko.fi\/verkkokauppa\/catalog\/wp-json\/wp\/v2\/types\/product"}],"wp:featuredmedia":[{"embeddable":true,"href":"https:\/\/www.finmasiko.fi\/verkkokauppa\/catalog\/wp-json\/wp\/v2\/media\/28576"}],"wp:attachment":[{"href":"https:\/\/www.finmasiko.fi\/verkkokauppa\/catalog\/wp-json\/wp\/v2\/media?parent=27749"}],"wp:term":[{"taxonomy":"product_cat","embeddable":true,"href":"https:\/\/www.finmasiko.fi\/verkkokauppa\/catalog\/wp-json\/wp\/v2\/product_cat?post=27749"},{"taxonomy":"product_tag","embeddable":true,"href":"https:\/\/www.finmasiko.fi\/verkkokauppa\/catalog\/wp-json\/wp\/v2\/product_tag?post=27749"}],"curies":[{"name":"wp","href":"https:\/\/api.w.org\/{rel}","templated":true}]}}