{"id":27743,"date":"2018-11-28T15:48:34","date_gmt":"2018-11-28T13:48:34","guid":{"rendered":"https:\/\/www.finmasiko.fi\/verkkokauppa\/catalog\/kauppa\/ilmansuodatin-sarja-k9002734\/"},"modified":"2026-04-30T16:37:47","modified_gmt":"2026-04-30T13:37:47","slug":"ilmansuodatin-sarja-k9002734","status":"publish","type":"product","link":"https:\/\/www.finmasiko.fi\/verkkokauppa\/catalog\/tuote\/ilmansuodatin-sarja-k9002734\/","title":{"rendered":"Ilmansuodatin sarja &#8211; K9002734"},"content":{"rendered":"<p>SIs\u00e4lt\u00e4\u00e4 ulko- ja sis\u00e4osan 474-00037 ja 474-00038<\/p>\n<p>Tuote k\u00e4y seuraaviin koneisiin:(huom muista mainita koneesi valmistenumero tilauksesi yhteydess\u00e4)<br \/>\nThe product is in the following machines:(remember to mention your machine&#8217;s serial number when ordering)<\/p>\n<p>DOOSAN DX 300 LC<br \/>\nDOOSAN DX 300 LC-3<br \/>\nDOOSAN DX 300 LC-5<br \/>\nDOOSAN DX 340 LC<br \/>\nDOOSAN DX 340 LC-3<br \/>\nDOOSAN DX 340 LC-5<br \/>\nDOOSAN DX 350 LC<br \/>\nDOOSAN DX 350 LC-3<br \/>\nDOOSAN DX 350 LC-5<br \/>\nDOOSAN DX 380 LC<br \/>\nDOOSAN DX 380 LC-3<br \/>\nDOOSAN DX 380 LC-5<br \/>\nDOOSAN DX 400 LC-5<br \/>\nDOOSAN DX 420 LC<br \/>\nDOOSAN DX 520 LC<\/p>\n","protected":false},"excerpt":{"rendered":"<p>SIs\u00e4lt\u00e4\u00e4 ulko- ja sis\u00e4osan 474-00037 ja 474-00038 Tuote k\u00e4y seuraaviin koneisiin:(huom muista mainita koneesi valmistenumero tilauksesi yhteydess\u00e4) The product is in the following machines:(remember to mention your machine&#8217;s serial number when ordering) DOOSAN DX 300 LC DOOSAN DX 300 LC-3 DOOSAN DX 300 LC-5 DOOSAN DX 340 LC DOOSAN DX 340 LC-3 DOOSAN DX 340 [&hellip;]<\/p>\n","protected":false},"featured_media":28560,"template":"","meta":[],"product_cat":[3891,4647,5055,5541,5444,5390,5199,5115,5101,5087,5069,3800,5041,5029,5015,3814],"product_tag":[],"class_list":{"0":"post-27743","1":"product","2":"type-product","3":"status-publish","4":"has-post-thumbnail","6":"product_cat-kaikki-daewoo-doosan-osat","7":"product_cat-maalit-se-130-lc-3","8":"product_cat-suodattimet-dx-340-lc-5","9":"product_cat-suodattimet-dx-350-lc-5","10":"product_cat-suodattimet-dx-350-lc-3","11":"product_cat-suodattimet-dx-350-lc","12":"product_cat-suodattimet-dx-520-lc","13":"product_cat-suodattimet-dx-420-lc","14":"product_cat-suodattimet-dx-380-lc-5","15":"product_cat-suodattimet-dx-380-lc-3","16":"product_cat-suodattimet-dx-380-lc","17":"product_cat-suodattimet-dx-300-lc","18":"product_cat-suodattimet-dx-340-lc-3","19":"product_cat-suodattimet-dx-300-lc-5","20":"product_cat-suodattimet-dx-300-lc-3","21":"product_cat-suodattimet-dx-340-lc","22":"product_shipping_class-4724","24":"first","25":"instock","26":"taxable","27":"shipping-taxable","28":"purchasable","29":"product-type-simple"},"_links":{"self":[{"href":"https:\/\/www.finmasiko.fi\/verkkokauppa\/catalog\/wp-json\/wp\/v2\/product\/27743","targetHints":{"allow":["GET"]}}],"collection":[{"href":"https:\/\/www.finmasiko.fi\/verkkokauppa\/catalog\/wp-json\/wp\/v2\/product"}],"about":[{"href":"https:\/\/www.finmasiko.fi\/verkkokauppa\/catalog\/wp-json\/wp\/v2\/types\/product"}],"wp:featuredmedia":[{"embeddable":true,"href":"https:\/\/www.finmasiko.fi\/verkkokauppa\/catalog\/wp-json\/wp\/v2\/media\/28560"}],"wp:attachment":[{"href":"https:\/\/www.finmasiko.fi\/verkkokauppa\/catalog\/wp-json\/wp\/v2\/media?parent=27743"}],"wp:term":[{"taxonomy":"product_cat","embeddable":true,"href":"https:\/\/www.finmasiko.fi\/verkkokauppa\/catalog\/wp-json\/wp\/v2\/product_cat?post=27743"},{"taxonomy":"product_tag","embeddable":true,"href":"https:\/\/www.finmasiko.fi\/verkkokauppa\/catalog\/wp-json\/wp\/v2\/product_tag?post=27743"}],"curies":[{"name":"wp","href":"https:\/\/api.w.org\/{rel}","templated":true}]}}