{"id":27728,"date":"2018-11-28T15:48:32","date_gmt":"2018-11-28T13:48:32","guid":{"rendered":"https:\/\/www.finmasiko.fi\/verkkokauppa\/catalog\/kauppa\/lammityslaitteen-hana-2426-6048\/"},"modified":"2026-04-16T16:39:40","modified_gmt":"2026-04-16T13:39:40","slug":"lammityslaitteen-hana-2426-6048","status":"publish","type":"product","link":"https:\/\/www.finmasiko.fi\/verkkokauppa\/catalog\/tuote\/lammityslaitteen-hana-2426-6048\/","title":{"rendered":"L\u00e4mmityslaitteen hana &#8211; 2426-6048"},"content":{"rendered":"<p>Tuote k\u00e4y seuraaviin koneisiin:(huom muista mainita koneesi valmistenumero tilauksesi yhteydess\u00e4)<br \/>\nThe product is in the following machines:(remember to mention your machine&#8217;s serial number when ordering)<\/p>\n<p>DAEWOO &amp; DOOSAN &gt; SOLAR 130 LC-V<br \/>\nDAEWOO &amp; DOOSAN &gt; SOLAR 150 LC-V<br \/>\nDAEWOO &amp; DOOSAN &gt; SOLAR 155 LC-V<br \/>\nDAEWOO &amp; DOOSAN &gt; SOLAR 170 LC-V<br \/>\nDAEWOO &amp; DOOSAN &gt; SOLAR 175 LC-V<br \/>\nDAEWOO &amp; DOOSAN &gt; SOLAR 220 LC-V<br \/>\nDAEWOO &amp; DOOSAN &gt; SOLAR 225 LC-V<br \/>\nDAEWOO &amp; DOOSAN &gt; SOLAR 250 LC-V<br \/>\nDAEWOO &amp; DOOSAN &gt; SOLAR 255 LC-V<br \/>\nDAEWOO &amp; DOOSAN &gt; SOLAR 290 LC-V<br \/>\nDAEWOO &amp; DOOSAN &gt; SOLAR 300 LC-V<br \/>\nDAEWOO &amp; DOOSAN &gt; SOLAR 330 LC-V<br \/>\nDAEWOO &amp; DOOSAN &gt; SOLAR 340 LC-V<br \/>\nDAEWOO &amp; DOOSAN &gt; SOLAR 130 W-V<br \/>\nDAEWOO &amp; DOOSAN &gt; SOLAR 140 W-V<br \/>\nDAEWOO &amp; DOOSAN &gt; SOLAR 150 W-V<br \/>\nDAEWOO &amp; DOOSAN &gt; SOLAR 160 W-V<br \/>\nDAEWOO &amp; DOOSAN &gt; SOLAR 170 W-V<br \/>\nDAEWOO &amp; DOOSAN &gt; SOLAR 180 W-V<br \/>\nDAEWOO &amp; DOOSAN &gt; SOLAR 200 W-V<br \/>\nDAEWOO &amp; DOOSAN &gt; SOLAR 210 W-V<\/p>\n","protected":false},"excerpt":{"rendered":"<p>Tuote k\u00e4y seuraaviin koneisiin:(huom muista mainita koneesi valmistenumero tilauksesi yhteydess\u00e4) The product is in the following machines:(remember to mention your machine&#8217;s serial number when ordering) DAEWOO &amp; DOOSAN &gt; SOLAR 130 LC-V DAEWOO &amp; DOOSAN &gt; SOLAR 150 LC-V DAEWOO &amp; DOOSAN &gt; SOLAR 155 LC-V DAEWOO &amp; DOOSAN &gt; SOLAR 170 LC-V DAEWOO &amp; [&hellip;]<\/p>\n","protected":false},"featured_media":28555,"template":"","meta":[],"product_cat":[3478,3900,3731,3717,3703,3689,3675,3661,3647,3633,3619,3605,3590,3576,3563,3549,3535,3521,3507,3494,3465],"product_tag":[],"class_list":{"0":"post-27728","1":"product","2":"type-product","3":"status-publish","4":"has-post-thumbnail","6":"product_cat-lammitys-ilmastointi-solar-155-lc-v","7":"product_cat-lammitys-ilmastointi-solar-150-w-v","8":"product_cat-lammitys-ilmastointi-solar-130-w-v","9":"product_cat-lammitys-ilmastointi-solar-340-lc-v","10":"product_cat-lammitys-ilmastointi-solar-330-lc-v","11":"product_cat-lammitys-ilmastointi-solar-300-lc-v","12":"product_cat-lammitys-ilmastointi-solar-290-lc-v","13":"product_cat-lammitys-ilmastointi-solar-255-lc-v","14":"product_cat-lammitys-ilmastointi-solar-250-lc-v","15":"product_cat-lammitys-ilmastointi-solar-225-lc-v","16":"product_cat-lammitys-ilmastointi-solar-220-lc-v","17":"product_cat-lammitys-ilmastointi-solar-175-lc-v","18":"product_cat-lammitys-ilmastointi-solar-170-lc-v","19":"product_cat-lammitys-ilmastointi-solar-150-lc-v","20":"product_cat-lammitys-ilmastointi-solar-140-w-v","21":"product_cat-lammitys-ilmastointi-solar-160-w-v","22":"product_cat-lammitys-ilmastointi-solar-170-w-v","23":"product_cat-lammitys-ilmastointi-solar-180-w-v","24":"product_cat-lammitys-ilmastointi-solar-200-w-v","25":"product_cat-lammitys-ilmastointi-solar-130-lc-v","26":"product_cat-lammitys-ilmastointi-solar-210-w-v","27":"product_shipping_class-4724","29":"first","30":"instock","31":"taxable","32":"shipping-taxable","33":"purchasable","34":"product-type-simple"},"_links":{"self":[{"href":"https:\/\/www.finmasiko.fi\/verkkokauppa\/catalog\/wp-json\/wp\/v2\/product\/27728","targetHints":{"allow":["GET"]}}],"collection":[{"href":"https:\/\/www.finmasiko.fi\/verkkokauppa\/catalog\/wp-json\/wp\/v2\/product"}],"about":[{"href":"https:\/\/www.finmasiko.fi\/verkkokauppa\/catalog\/wp-json\/wp\/v2\/types\/product"}],"wp:featuredmedia":[{"embeddable":true,"href":"https:\/\/www.finmasiko.fi\/verkkokauppa\/catalog\/wp-json\/wp\/v2\/media\/28555"}],"wp:attachment":[{"href":"https:\/\/www.finmasiko.fi\/verkkokauppa\/catalog\/wp-json\/wp\/v2\/media?parent=27728"}],"wp:term":[{"taxonomy":"product_cat","embeddable":true,"href":"https:\/\/www.finmasiko.fi\/verkkokauppa\/catalog\/wp-json\/wp\/v2\/product_cat?post=27728"},{"taxonomy":"product_tag","embeddable":true,"href":"https:\/\/www.finmasiko.fi\/verkkokauppa\/catalog\/wp-json\/wp\/v2\/product_tag?post=27728"}],"curies":[{"name":"wp","href":"https:\/\/api.w.org\/{rel}","templated":true}]}}