{"id":27713,"date":"2018-11-28T15:48:30","date_gmt":"2018-11-28T13:48:30","guid":{"rendered":"https:\/\/www.finmasiko.fi\/verkkokauppa\/catalog\/kauppa\/lammityslaitteen-moottori-k1040112\/"},"modified":"2026-04-16T17:00:37","modified_gmt":"2026-04-16T14:00:37","slug":"lammityslaitteen-moottori-k1040112","status":"publish","type":"product","link":"https:\/\/www.finmasiko.fi\/verkkokauppa\/catalog\/tuote\/lammityslaitteen-moottori-k1040112\/","title":{"rendered":"L\u00e4mmityslaitteen Moottori &#8211; K1040112"},"content":{"rendered":"<p>Tuote k\u00e4y seuraaviin koneisiin:(huom muista mainita koneesi valmistenumero tilauksesi yhteydess\u00e4)<br \/>\nThe product is in the following machines:(remember to mention your machine&#8217;s serial number when ordering)<\/p>\n<p>DAEWOO &amp; DOOSAN &gt; SOLAR 130 LC-V<br \/>\nDAEWOO &amp; DOOSAN &gt; SOLAR 150 LC-V<br \/>\nDAEWOO &amp; DOOSAN &gt; SOLAR 155 LC-V<br \/>\nDAEWOO &amp; DOOSAN &gt; SOLAR 170 LC-V<br \/>\nDAEWOO &amp; DOOSAN &gt; SOLAR 255 LC-V<br \/>\nDAEWOO &amp; DOOSAN &gt; SOLAR 290 LC-V<br \/>\nDAEWOO &amp; DOOSAN &gt; SOLAR 300 LC-V<br \/>\nDAEWOO &amp; DOOSAN &gt; SOLAR 330 LC-V<br \/>\nDAEWOO &amp; DOOSAN &gt; SOLAR 340 LC-V<br \/>\nDAEWOO &amp; DOOSAN &gt; SOLAR 130 W-V<br \/>\nDAEWOO &amp; DOOSAN &gt; SOLAR 140 W-V<br \/>\nDAEWOO &amp; DOOSAN &gt; SOLAR 150 W-V<br \/>\nDAEWOO &amp; DOOSAN &gt; SOLAR 160 W-V<br \/>\nDAEWOO &amp; DOOSAN &gt; SOLAR 170 W-V<br \/>\nDAEWOO &amp; DOOSAN &gt; SOLAR 180 W-V<br \/>\nDAEWOO &amp; DOOSAN &gt; SOLAR 200 W-V<br \/>\nDAEWOO &amp; DOOSAN &gt; SOLAR 210 W-V<\/p>\n","protected":false},"excerpt":{"rendered":"<p>Tuote k\u00e4y seuraaviin koneisiin:(huom muista mainita koneesi valmistenumero tilauksesi yhteydess\u00e4) The product is in the following machines:(remember to mention your machine&#8217;s serial number when ordering) DAEWOO &amp; DOOSAN &gt; SOLAR 130 LC-V DAEWOO &amp; DOOSAN &gt; SOLAR 150 LC-V DAEWOO &amp; DOOSAN &gt; SOLAR 155 LC-V DAEWOO &amp; DOOSAN &gt; SOLAR 170 LC-V DAEWOO &amp; [&hellip;]<\/p>\n","protected":false},"featured_media":28534,"template":"","meta":[],"product_cat":[3478,3900,3731,3717,3703,3689,3675,3661,3590,3576,3563,3549,3535,3521,3507,3494,3465],"product_tag":[],"class_list":{"0":"post-27713","1":"product","2":"type-product","3":"status-publish","4":"has-post-thumbnail","6":"product_cat-lammitys-ilmastointi-solar-155-lc-v","7":"product_cat-lammitys-ilmastointi-solar-150-w-v","8":"product_cat-lammitys-ilmastointi-solar-130-w-v","9":"product_cat-lammitys-ilmastointi-solar-340-lc-v","10":"product_cat-lammitys-ilmastointi-solar-330-lc-v","11":"product_cat-lammitys-ilmastointi-solar-300-lc-v","12":"product_cat-lammitys-ilmastointi-solar-290-lc-v","13":"product_cat-lammitys-ilmastointi-solar-255-lc-v","14":"product_cat-lammitys-ilmastointi-solar-170-lc-v","15":"product_cat-lammitys-ilmastointi-solar-150-lc-v","16":"product_cat-lammitys-ilmastointi-solar-140-w-v","17":"product_cat-lammitys-ilmastointi-solar-160-w-v","18":"product_cat-lammitys-ilmastointi-solar-170-w-v","19":"product_cat-lammitys-ilmastointi-solar-180-w-v","20":"product_cat-lammitys-ilmastointi-solar-200-w-v","21":"product_cat-lammitys-ilmastointi-solar-130-lc-v","22":"product_cat-lammitys-ilmastointi-solar-210-w-v","23":"product_shipping_class-4724","25":"first","26":"instock","27":"taxable","28":"shipping-taxable","29":"purchasable","30":"product-type-simple"},"_links":{"self":[{"href":"https:\/\/www.finmasiko.fi\/verkkokauppa\/catalog\/wp-json\/wp\/v2\/product\/27713","targetHints":{"allow":["GET"]}}],"collection":[{"href":"https:\/\/www.finmasiko.fi\/verkkokauppa\/catalog\/wp-json\/wp\/v2\/product"}],"about":[{"href":"https:\/\/www.finmasiko.fi\/verkkokauppa\/catalog\/wp-json\/wp\/v2\/types\/product"}],"wp:featuredmedia":[{"embeddable":true,"href":"https:\/\/www.finmasiko.fi\/verkkokauppa\/catalog\/wp-json\/wp\/v2\/media\/28534"}],"wp:attachment":[{"href":"https:\/\/www.finmasiko.fi\/verkkokauppa\/catalog\/wp-json\/wp\/v2\/media?parent=27713"}],"wp:term":[{"taxonomy":"product_cat","embeddable":true,"href":"https:\/\/www.finmasiko.fi\/verkkokauppa\/catalog\/wp-json\/wp\/v2\/product_cat?post=27713"},{"taxonomy":"product_tag","embeddable":true,"href":"https:\/\/www.finmasiko.fi\/verkkokauppa\/catalog\/wp-json\/wp\/v2\/product_tag?post=27713"}],"curies":[{"name":"wp","href":"https:\/\/api.w.org\/{rel}","templated":true}]}}