{"id":27711,"date":"2018-11-28T15:48:29","date_gmt":"2018-11-28T13:48:29","guid":{"rendered":"https:\/\/www.finmasiko.fi\/verkkokauppa\/catalog\/kauppa\/lammityslaitteen-moottori-14576774\/"},"modified":"2026-04-28T16:17:59","modified_gmt":"2026-04-28T13:17:59","slug":"lammityslaitteen-moottori-14576774","status":"publish","type":"product","link":"https:\/\/www.finmasiko.fi\/verkkokauppa\/catalog\/tuote\/lammityslaitteen-moottori-14576774\/","title":{"rendered":"L\u00e4mmityslaitteen moottori &#8211; 14576774"},"content":{"rendered":"<p>Tuote k\u00e4y seuraaviin koneisiin:(huom muista mainita koneesi valmistenumero tilauksesi yhteydess\u00e4)<\/p>\n<p>The product is in the following machines:(remember to mention your machine&#8217;s serial number when ordering)<\/p>\n<p>VOLVO \/ SAMSUNG &gt; EC140BLC<br \/>\nVOLVO \/ SAMSUNG &gt; EC140BLCM<br \/>\nVOLVO \/ SAMSUNG &gt; EC140CL<br \/>\nVOLVO \/ SAMSUNG &gt; EC140CLM<br \/>\nVOLVO \/ SAMSUNG &gt; EC140DL<br \/>\nVOLVO \/ SAMSUNG &gt; EC140DLM<br \/>\nVOLVO \/ SAMSUNG &gt; EC160BLC<br \/>\nVOLVO \/ SAMSUNG &gt; EC160CL<br \/>\nVOLVO \/ SAMSUNG &gt; EC160DL<br \/>\nVOLVO \/ SAMSUNG &gt; EC180BLC<br \/>\nVOLVO \/ SAMSUNG &gt; EC180CL<br \/>\nVOLVO \/ SAMSUNG &gt; EC180DL<br \/>\nVOLVO \/ SAMSUNG &gt; EC210BLC<br \/>\nVOLVO \/ SAMSUNG &gt; EC210CL<br \/>\nVOLVO \/ SAMSUNG &gt; EC220DL<br \/>\nVOLVO \/ SAMSUNG &gt; EC235CLD<br \/>\nVOLVO \/ SAMSUNG &gt; EC240BLC<br \/>\nVOLVO \/ SAMSUNG &gt; EC240CL<br \/>\nVOLVO \/ SAMSUNG &gt; EC250DL<br \/>\nVOLVO \/ SAMSUNG &gt; EC290BLC<br \/>\nVOLVO \/ SAMSUNG &gt; EC290CL<br \/>\nVOLVO \/ SAMSUNG &gt; EC300DL<br \/>\nVOLVO \/ SAMSUNG &gt; EC330BLC<br \/>\nVOLVO \/ SAMSUNG &gt; EC330CL<br \/>\nVOLVO \/ SAMSUNG &gt; EC340DL<br \/>\nVOLVO \/ SAMSUNG &gt; EC360BLC<br \/>\nVOLVO \/ SAMSUNG &gt; EC360CL<br \/>\nVOLVO \/ SAMSUNG &gt; EC380DL<br \/>\nVOLVO \/ SAMSUNG &gt; EC460BLC<br \/>\nVOLVO \/ SAMSUNG &gt; EC460CL<br \/>\nVOLVO \/ SAMSUNG &gt; EC480DL<br \/>\nVOLVO \/ SAMSUNG &gt; EC700BLC<br \/>\nVOLVO \/ SAMSUNG &gt; EC700CL<br \/>\nVOLVO \/ SAMSUNG &gt; ECR235CL<br \/>\nVOLVO \/ SAMSUNG &gt; ECR235DL<br \/>\nVOLVO \/ SAMSUNG &gt; EC135BLC<\/p>\n","protected":false},"excerpt":{"rendered":"<p>Tuote k\u00e4y seuraaviin koneisiin:(huom muista mainita koneesi valmistenumero tilauksesi yhteydess\u00e4) The product is in the following machines:(remember to mention your machine&#8217;s serial number when ordering) VOLVO \/ SAMSUNG &gt; EC140BLC VOLVO \/ SAMSUNG &gt; EC140BLCM VOLVO \/ SAMSUNG &gt; EC140CL VOLVO \/ SAMSUNG &gt; EC140CLM VOLVO \/ SAMSUNG &gt; EC140DL VOLVO \/ SAMSUNG &gt; EC140DLM [&hellip;]<\/p>\n","protected":false},"featured_media":142494,"template":"","meta":[],"product_cat":[3907,4266,3930,4280,4294,4308,4322,4336,4364,4378,4392,4420,4434,4448,4462,4476,4504,4518,4560,4224,3944,3958,3972,3986,4000,4028,4042,4056,4070,4084,4098,4112,4126,4168,4182,4210,4238],"product_tag":[],"class_list":{"0":"post-27711","1":"product","2":"type-product","3":"status-publish","4":"has-post-thumbnail","6":"product_cat-kaikki-volvo-kaivinkoneiden-varaosat","7":"product_cat-lammitys-ilmastointi-ec290blc","8":"product_cat-lammitys-ilmastointi-ec140blc","9":"product_cat-lammitys-ilmastointi-ec290cl","10":"product_cat-lammitys-ilmastointi-ec300dl","11":"product_cat-lammitys-ilmastointi-ec330blc","12":"product_cat-lammitys-ilmastointi-ec330cl","13":"product_cat-lammitys-ilmastointi-ec340dl","14":"product_cat-lammitys-ilmastointi-ec360blc","15":"product_cat-lammitys-ilmastointi-ec360cl","16":"product_cat-lammitys-ilmastointi-ec380dl","17":"product_cat-lammitys-ilmastointi-ec460blc","18":"product_cat-lammitys-ilmastointi-ec460cl","19":"product_cat-lammitys-ilmastointi-ec480dl","20":"product_cat-lammitys-ilmastointi-ec700blc","21":"product_cat-lammitys-ilmastointi-ec700cl","22":"product_cat-lammitys-ilmastointi-ecr235cl","23":"product_cat-lammitys-ilmastointi-ecr235dl","24":"product_cat-lammitys-ilmastointi-ec135blc","25":"product_cat-lammitys-ilmastointi-ec240cl","26":"product_cat-lammitys-ilmastointi-ec140blcm","27":"product_cat-lammitys-ilmastointi-ec140cl","28":"product_cat-lammitys-ilmastointi-ec140clm","29":"product_cat-lammitys-ilmastointi-ec140dl","30":"product_cat-lammitys-ilmastointi-ec140dlm","31":"product_cat-lammitys-ilmastointi-ec160blc","32":"product_cat-lammitys-ilmastointi-ec160cl","33":"product_cat-lammitys-ilmastointi-ec160dl","34":"product_cat-lammitys-ilmastointi-ec180blc","35":"product_cat-lammitys-ilmastointi-ec180cl","36":"product_cat-lammitys-ilmastointi-ec180dl","37":"product_cat-lammitys-ilmastointi-ec210blc","38":"product_cat-lammitys-ilmastointi-ec210cl","39":"product_cat-lammitys-ilmastointi-ec220dl","40":"product_cat-lammitys-ilmastointi-ec235cld","41":"product_cat-lammitys-ilmastointi-ec240blc","42":"product_cat-lammitys-ilmastointi-ec250dl","43":"product_shipping_class-4724","45":"first","46":"instock","47":"taxable","48":"shipping-taxable","49":"purchasable","50":"product-type-simple"},"_links":{"self":[{"href":"https:\/\/www.finmasiko.fi\/verkkokauppa\/catalog\/wp-json\/wp\/v2\/product\/27711","targetHints":{"allow":["GET"]}}],"collection":[{"href":"https:\/\/www.finmasiko.fi\/verkkokauppa\/catalog\/wp-json\/wp\/v2\/product"}],"about":[{"href":"https:\/\/www.finmasiko.fi\/verkkokauppa\/catalog\/wp-json\/wp\/v2\/types\/product"}],"wp:featuredmedia":[{"embeddable":true,"href":"https:\/\/www.finmasiko.fi\/verkkokauppa\/catalog\/wp-json\/wp\/v2\/media\/142494"}],"wp:attachment":[{"href":"https:\/\/www.finmasiko.fi\/verkkokauppa\/catalog\/wp-json\/wp\/v2\/media?parent=27711"}],"wp:term":[{"taxonomy":"product_cat","embeddable":true,"href":"https:\/\/www.finmasiko.fi\/verkkokauppa\/catalog\/wp-json\/wp\/v2\/product_cat?post=27711"},{"taxonomy":"product_tag","embeddable":true,"href":"https:\/\/www.finmasiko.fi\/verkkokauppa\/catalog\/wp-json\/wp\/v2\/product_tag?post=27711"}],"curies":[{"name":"wp","href":"https:\/\/api.w.org\/{rel}","templated":true}]}}