{"id":27669,"date":"2018-11-28T15:48:22","date_gmt":"2018-11-28T13:48:22","guid":{"rendered":"https:\/\/www.finmasiko.fi\/verkkokauppa\/catalog\/kauppa\/moottorioljyn-suodatin-65-05510-5028\/"},"modified":"2026-04-16T16:49:57","modified_gmt":"2026-04-16T13:49:57","slug":"moottorioljyn-suodatin-65-05510-5028","status":"publish","type":"product","link":"https:\/\/www.finmasiko.fi\/verkkokauppa\/catalog\/tuote\/moottorioljyn-suodatin-65-05510-5028\/","title":{"rendered":"Moottori\u00f6ljyn suodatin &#8211; 65.05510-5028"},"content":{"rendered":"<p>Tuote k\u00e4y seuraaviin koneisiin:(huom muista mainita koneesi valmistenumero tilauksesi yhteydess\u00e4)<\/p>\n<p>The product is in the following machines:(remember to mention your machine&#8217;s serial number when ordering)<\/p>\n<p>SOLAR 175 LC-V<br \/>\nSOLAR 225 LC-V<br \/>\nSOLAR 255 LC-V<br \/>\nSOLAR 140 W-V<br \/>\nSOLAR 160 W-V<br \/>\nSOLAR 180 W-V<br \/>\nDX 210 W<\/p>\n","protected":false},"excerpt":{"rendered":"<p>Tuote k\u00e4y seuraaviin koneisiin:(huom muista mainita koneesi valmistenumero tilauksesi yhteydess\u00e4) The product is in the following machines:(remember to mention your machine&#8217;s serial number when ordering) SOLAR 175 LC-V SOLAR 225 LC-V SOLAR 255 LC-V SOLAR 140 W-V SOLAR 160 W-V SOLAR 180 W-V DX 210 W<\/p>\n","protected":false},"featured_media":28491,"template":"","meta":[],"product_cat":[3891,3520,3548,3562,3598,3626,3660,3884],"product_tag":[],"class_list":{"0":"post-27669","1":"product","2":"type-product","3":"status-publish","4":"has-post-thumbnail","6":"product_cat-kaikki-daewoo-doosan-osat","7":"product_cat-suodattimet-solar-180-w-v","8":"product_cat-suodattimet-solar-160-w-v","9":"product_cat-suodattimet-solar-140-w-v","10":"product_cat-suodattimet-solar-175-lc-v","11":"product_cat-suodattimet-solar-225-lc-v","12":"product_cat-suodattimet-solar-255-lc-v","13":"product_cat-suodattimet-dx-210-w","14":"product_shipping_class-4724","16":"first","17":"outofstock","18":"taxable","19":"shipping-taxable","20":"purchasable","21":"product-type-simple"},"_links":{"self":[{"href":"https:\/\/www.finmasiko.fi\/verkkokauppa\/catalog\/wp-json\/wp\/v2\/product\/27669","targetHints":{"allow":["GET"]}}],"collection":[{"href":"https:\/\/www.finmasiko.fi\/verkkokauppa\/catalog\/wp-json\/wp\/v2\/product"}],"about":[{"href":"https:\/\/www.finmasiko.fi\/verkkokauppa\/catalog\/wp-json\/wp\/v2\/types\/product"}],"wp:featuredmedia":[{"embeddable":true,"href":"https:\/\/www.finmasiko.fi\/verkkokauppa\/catalog\/wp-json\/wp\/v2\/media\/28491"}],"wp:attachment":[{"href":"https:\/\/www.finmasiko.fi\/verkkokauppa\/catalog\/wp-json\/wp\/v2\/media?parent=27669"}],"wp:term":[{"taxonomy":"product_cat","embeddable":true,"href":"https:\/\/www.finmasiko.fi\/verkkokauppa\/catalog\/wp-json\/wp\/v2\/product_cat?post=27669"},{"taxonomy":"product_tag","embeddable":true,"href":"https:\/\/www.finmasiko.fi\/verkkokauppa\/catalog\/wp-json\/wp\/v2\/product_tag?post=27669"}],"curies":[{"name":"wp","href":"https:\/\/api.w.org\/{rel}","templated":true}]}}