{"id":138441,"date":"2025-08-01T07:00:15","date_gmt":"2025-08-01T04:00:15","guid":{"rendered":"https:\/\/www.finmasiko.fi\/verkkokauppa\/catalog\/?post_type=product&#038;p=138441"},"modified":"2026-04-16T16:38:49","modified_gmt":"2026-04-16T13:38:49","slug":"kuljettajan-istuin-220110-00029e","status":"publish","type":"product","link":"https:\/\/www.finmasiko.fi\/verkkokauppa\/catalog\/tuote\/kuljettajan-istuin-220110-00029e\/","title":{"rendered":"Kuljettajan istuin &#8211; 220110-00029E"},"content":{"rendered":"<p>Ei jousitusta, tarkoitettu ilmapenkin palkeen p\u00e4\u00e4lle<br \/>\nKiskov\u00e4li 28cm<\/p>\n<p>Tuote k\u00e4y seuraaviin koneisiin:(huom muista mainita koneesi valmistenumero tilauksesi yhteydess\u00e4)<br \/>\nThe product is in the following machines:(remember to mention your machine\u2019s serial number when ordering)<\/p>\n<p>Tela-alustaiset:<br \/>\nDX 140 LC-5<br \/>\nDX 140 LCR-5<br \/>\nDX 160 LC-5<br \/>\nDX 180 LC-5<br \/>\nDX 225 LC-5<br \/>\nDX 235 LCR-5<br \/>\nDX 255 LC-5<br \/>\nDX 300 LC-5<br \/>\nDX 340 LC-5<br \/>\nDX 350 LC-5<br \/>\nDX 380 LC-5<br \/>\nDX 400 LC-5<br \/>\nDX 420 LC-5<br \/>\nDX 490 LC-5<br \/>\nDX 530 LC-5<\/p>\n<p>Py\u00f6r\u00e4alustaiset<br \/>\nDX 140 W-5<br \/>\nDX 160 W-5<br \/>\nDX 165 W-5<br \/>\nDX 170 W-5<br \/>\nDX 190 W-5<br \/>\nDX 210 W-5<\/p>\n","protected":false},"excerpt":{"rendered":"<p>Ei jousitusta, tarkoitettu ilmapenkin palkeen p\u00e4\u00e4lle Kiskov\u00e4li 28cm Tuote k\u00e4y seuraaviin koneisiin:(huom muista mainita koneesi valmistenumero tilauksesi yhteydess\u00e4) The product is in the following machines:(remember to mention your machine\u2019s serial number when ordering) Tela-alustaiset: DX 140 LC-5 DX 140 LCR-5 DX 160 LC-5 DX 180 LC-5 DX 225 LC-5 DX 235 LCR-5 DX 255 LC-5 [&hellip;]<\/p>\n","protected":false},"featured_media":138442,"template":"","meta":[],"product_cat":[5091,5831,5538,5524,5510,5290,5275,5246,5218,5175,5133,5051,5025,4999,4969,4941,4912,4884,4855],"product_tag":[],"class_list":{"0":"post-138441","1":"product","2":"type-product","3":"status-publish","4":"has-post-thumbnail","6":"product_cat-ohjaamo-lasit-dx-380-lc-5","7":"product_cat-ohjaamo-lasit-dx-235-lcr-5","8":"product_cat-ohjaamo-lasit-dx-350-lc-5","9":"product_cat-ohjaamo-lasit-dx-160-w-5","10":"product_cat-ohjaamo-lasit-dx-140-w-5","11":"product_cat-ohjaamo-lasit-dx-210-w-5","12":"product_cat-ohjaamo-lasit-dx-190-w-5","13":"product_cat-ohjaamo-lasit-dx-170-w-5","14":"product_cat-ohjaamo-lasit-dx-530-lc-5","15":"product_cat-ohjaamo-lasit-dx-490-lc-5","16":"product_cat-ohjaamo-lasit-dx-420-lc-5","17":"product_cat-ohjaamo-lasit-dx-340-lc-5","18":"product_cat-ohjaamo-lasit-dx-300-lc-5","19":"product_cat-ohjaamo-lasit-dx-255-lc-5","20":"product_cat-ohjaamo-lasit-dx-235-nlc-5","21":"product_cat-ohjaamo-lasit-dx-225-lc-5","22":"product_cat-ohjaamo-lasit-dx-180-lc-5","23":"product_cat-ohjaamo-lasit-dx-160-lc-5","24":"product_cat-ohjaamo-lasit-dx-140-lc-5","25":"product_shipping_class-4726","27":"first","28":"instock","29":"sold-individually","30":"taxable","31":"shipping-taxable","32":"purchasable","33":"product-type-simple"},"_links":{"self":[{"href":"https:\/\/www.finmasiko.fi\/verkkokauppa\/catalog\/wp-json\/wp\/v2\/product\/138441","targetHints":{"allow":["GET"]}}],"collection":[{"href":"https:\/\/www.finmasiko.fi\/verkkokauppa\/catalog\/wp-json\/wp\/v2\/product"}],"about":[{"href":"https:\/\/www.finmasiko.fi\/verkkokauppa\/catalog\/wp-json\/wp\/v2\/types\/product"}],"wp:featuredmedia":[{"embeddable":true,"href":"https:\/\/www.finmasiko.fi\/verkkokauppa\/catalog\/wp-json\/wp\/v2\/media\/138442"}],"wp:attachment":[{"href":"https:\/\/www.finmasiko.fi\/verkkokauppa\/catalog\/wp-json\/wp\/v2\/media?parent=138441"}],"wp:term":[{"taxonomy":"product_cat","embeddable":true,"href":"https:\/\/www.finmasiko.fi\/verkkokauppa\/catalog\/wp-json\/wp\/v2\/product_cat?post=138441"},{"taxonomy":"product_tag","embeddable":true,"href":"https:\/\/www.finmasiko.fi\/verkkokauppa\/catalog\/wp-json\/wp\/v2\/product_tag?post=138441"}],"curies":[{"name":"wp","href":"https:\/\/api.w.org\/{rel}","templated":true}]}}