{"id":133986,"date":"2025-01-28T08:27:56","date_gmt":"2025-01-28T06:27:56","guid":{"rendered":"https:\/\/www.finmasiko.fi\/verkkokauppa\/catalog\/?post_type=product&#038;p=133986"},"modified":"2026-04-14T16:43:32","modified_gmt":"2026-04-14T13:43:32","slug":"pesuaine-motul-car-body-shampoo-0-5l","status":"publish","type":"product","link":"https:\/\/www.finmasiko.fi\/verkkokauppa\/catalog\/tuote\/pesuaine-motul-car-body-shampoo-0-5l\/","title":{"rendered":"Pesuaine &#8211; Motul CAR BODY SHAMPOO 0.5L"},"content":{"rendered":"<p>Hyv\u00e4ksi havaittu yleispesuaine. Sopii hyvin k\u00e4sinpesuun yms kevyemp\u00e4\u00e4n pesuun. Irroittaa hyvin likaa.<\/p>\n","protected":false},"excerpt":{"rendered":"<p>Hyv\u00e4ksi havaittu yleispesuaine. Sopii hyvin k\u00e4sinpesuun yms kevyemp\u00e4\u00e4n pesuun. Irroittaa hyvin likaa.<\/p>\n","protected":false},"featured_media":133987,"template":"","meta":[],"product_cat":[6189],"product_tag":[],"class_list":{"0":"post-133986","1":"product","2":"type-product","3":"status-publish","4":"has-post-thumbnail","6":"product_cat-pesuaineet","7":"product_shipping_class-4724","9":"first","10":"instock","11":"taxable","12":"shipping-taxable","13":"purchasable","14":"product-type-simple"},"_links":{"self":[{"href":"https:\/\/www.finmasiko.fi\/verkkokauppa\/catalog\/wp-json\/wp\/v2\/product\/133986","targetHints":{"allow":["GET"]}}],"collection":[{"href":"https:\/\/www.finmasiko.fi\/verkkokauppa\/catalog\/wp-json\/wp\/v2\/product"}],"about":[{"href":"https:\/\/www.finmasiko.fi\/verkkokauppa\/catalog\/wp-json\/wp\/v2\/types\/product"}],"wp:featuredmedia":[{"embeddable":true,"href":"https:\/\/www.finmasiko.fi\/verkkokauppa\/catalog\/wp-json\/wp\/v2\/media\/133987"}],"wp:attachment":[{"href":"https:\/\/www.finmasiko.fi\/verkkokauppa\/catalog\/wp-json\/wp\/v2\/media?parent=133986"}],"wp:term":[{"taxonomy":"product_cat","embeddable":true,"href":"https:\/\/www.finmasiko.fi\/verkkokauppa\/catalog\/wp-json\/wp\/v2\/product_cat?post=133986"},{"taxonomy":"product_tag","embeddable":true,"href":"https:\/\/www.finmasiko.fi\/verkkokauppa\/catalog\/wp-json\/wp\/v2\/product_tag?post=133986"}],"curies":[{"name":"wp","href":"https:\/\/api.w.org\/{rel}","templated":true}]}}