{"id":455,"date":"2017-12-15T10:26:40","date_gmt":"2017-12-15T10:26:40","guid":{"rendered":"http:\/\/demo2.drfuri.com\/martfury9\/?page_id=455"},"modified":"2025-11-22T16:45:15","modified_gmt":"2025-11-22T14:45:15","slug":"return","status":"publish","type":"page","link":"https:\/\/www.finmasiko.fi\/verkkokauppa\/catalog\/return\/","title":{"rendered":"Palautukset"},"content":{"rendered":"\t\t<div data-elementor-type=\"wp-page\" data-elementor-id=\"455\" class=\"elementor elementor-455\" data-elementor-post-type=\"page\">\n\t\t\t\t<div class=\"elementor-element elementor-element-6ce15057 e-flex e-con-boxed e-con e-parent\" data-id=\"6ce15057\" data-element_type=\"container\" data-e-type=\"container\">\n\t\t\t\t\t<div class=\"e-con-inner\">\n\t\t\t\t<div class=\"elementor-element elementor-element-3070e47 elementor-widget elementor-widget-text-editor\" data-id=\"3070e47\" data-element_type=\"widget\" data-e-type=\"widget\" data-widget_type=\"text-editor.default\">\n\t\t\t\t\t\t\t\t\t<p>Varastossa olevilla osilla on 14 p\u00e4iv\u00e4n palautusoikeus.<\/p><div class=\"panel show\"><p>Voit palauttaa osia meille, joko postin tai matkahuollon kautta. Laita l\u00e4hetykseen palauttajan yhteystiedot ja kopio laskusta. Palautettavat tuotteet tulee pakata huolellisesti.<\/p><p>Erikseen tilattavat varaosat (ei varastotuotteet) kuuluvat ns. Palvelutuotteisiin eik\u00e4 niill\u00e4 ole kuluttajasuojalain mukaisesti peruutusoikeutta. (Kuluttajansuojalaki 6 luku.16\u00a7 kohta 3.) Olethan aina yhteydess\u00e4 meihin jos huomaat ett\u00e4 olet tilannutkin v\u00e4\u00e4ri\u00e4 osia. Voimme yritt\u00e4\u00e4 perua tilaukset, mutta huomaa ett\u00e4 t\u00e4st\u00e4 voi koitua peruutuskuluja asiakkaalle.<\/p><p>Noudatamme Autoalan kuluttajaneuvottelukunnan (AUNE) hyv\u00e4ksymi\u00e4 ja kuluttaja-asiamiehen tarkastamia autokaupan tilaus- ja kauppasopimusehtoja.<\/p><p>\u00a0<\/p><p><a href=\"https:\/\/www.finmasiko.fi\/finmasikooy_takuuehdot_palautelomake.pdf\">Avaa palautuslomake t\u00e4st\u00e4<\/a>.<\/p><p><strong>PALAUTUKSISSA OLETHAN YHTEYDESS\u00c4 SUORAAN ASIAKASPALVELUUN<\/strong><\/p><p><strong>Jos palautat meille omatoimisesti paketteja. Laitathan postin saapumisilmoituksen s\u00e4hk\u00f6postiin info@finmasiko.fi\u00a0<\/strong>(Keskusnumeromme ei ota vastaan viestej\u00e4 ja paketit voivat j\u00e4\u00e4d\u00e4 hakematta.)<\/p><\/div>\t\t\t\t\t\t\t\t<\/div>\n\t\t\t\t\t<\/div>\n\t\t\t\t<\/div>\n\t\t\t\t<\/div>\n\t\t","protected":false},"excerpt":{"rendered":"<p>Varastossa olevilla osilla on 14 p\u00e4iv\u00e4n palautusoikeus. Voit palauttaa osia meille, joko postin tai matkahuollon kautta. Laita l\u00e4hetykseen palauttajan yhteystiedot ja kopio laskusta. Palautettavat tuotteet tulee pakata huolellisesti. Erikseen tilattavat varaosat (ei varastotuotteet) kuuluvat ns. Palvelutuotteisiin eik\u00e4 niill\u00e4 ole kuluttajasuojalain mukaisesti peruutusoikeutta. (Kuluttajansuojalaki 6 luku.16\u00a7 kohta 3.) Olethan aina yhteydess\u00e4 meihin jos huomaat ett\u00e4 olet [&hellip;]<\/p>\n","protected":false},"author":1,"featured_media":0,"parent":0,"menu_order":0,"comment_status":"closed","ping_status":"closed","template":"","meta":{"footnotes":""},"class_list":["post-455","page","type-page","status-publish","hentry"],"_links":{"self":[{"href":"https:\/\/www.finmasiko.fi\/verkkokauppa\/catalog\/wp-json\/wp\/v2\/pages\/455","targetHints":{"allow":["GET"]}}],"collection":[{"href":"https:\/\/www.finmasiko.fi\/verkkokauppa\/catalog\/wp-json\/wp\/v2\/pages"}],"about":[{"href":"https:\/\/www.finmasiko.fi\/verkkokauppa\/catalog\/wp-json\/wp\/v2\/types\/page"}],"author":[{"embeddable":true,"href":"https:\/\/www.finmasiko.fi\/verkkokauppa\/catalog\/wp-json\/wp\/v2\/users\/1"}],"replies":[{"embeddable":true,"href":"https:\/\/www.finmasiko.fi\/verkkokauppa\/catalog\/wp-json\/wp\/v2\/comments?post=455"}],"version-history":[{"count":3,"href":"https:\/\/www.finmasiko.fi\/verkkokauppa\/catalog\/wp-json\/wp\/v2\/pages\/455\/revisions"}],"predecessor-version":[{"id":142073,"href":"https:\/\/www.finmasiko.fi\/verkkokauppa\/catalog\/wp-json\/wp\/v2\/pages\/455\/revisions\/142073"}],"wp:attachment":[{"href":"https:\/\/www.finmasiko.fi\/verkkokauppa\/catalog\/wp-json\/wp\/v2\/media?parent=455"}],"curies":[{"name":"wp","href":"https:\/\/api.w.org\/{rel}","templated":true}]}}