{"id":453,"date":"2017-12-15T10:26:22","date_gmt":"2017-12-15T10:26:22","guid":{"rendered":"http:\/\/demo2.drfuri.com\/martfury9\/?page_id=453"},"modified":"2025-11-22T16:44:44","modified_gmt":"2025-11-22T14:44:44","slug":"shipping","status":"publish","type":"page","link":"https:\/\/www.finmasiko.fi\/verkkokauppa\/catalog\/shipping\/","title":{"rendered":"Toimitusehdot"},"content":{"rendered":"\t\t<div data-elementor-type=\"wp-page\" data-elementor-id=\"453\" class=\"elementor elementor-453\" data-elementor-post-type=\"page\">\n\t\t\t\t<div class=\"elementor-element elementor-element-1f876f19 e-flex e-con-boxed e-con e-parent\" data-id=\"1f876f19\" data-element_type=\"container\" data-e-type=\"container\">\n\t\t\t\t\t<div class=\"e-con-inner\">\n\t\t\t\t<div class=\"elementor-element elementor-element-28b24fe9 elementor-widget elementor-widget-text-editor\" data-id=\"28b24fe9\" data-element_type=\"widget\" data-e-type=\"widget\" data-widget_type=\"text-editor.default\">\n\t\t\t\t\t\t\t\t\t<div id=\"1464939184208-3761b6d5-e09b\" class=\"vc_do_toggle vc_toggle vc_toggle_text_only vc_toggle_color_default vc_toggle_size_lg vc_toggle_active\"><div class=\"vc_toggle_content\"><p>N\u00e4it\u00e4 sopimusehtoja sovelletaan Fin Masiko Oy:n yll\u00e4pit\u00e4m\u00e4n, verkko-osoitteessa www.finmasiko.fi olevan verkkokaupan\/postimyynnin ja asiakkaan v\u00e4liseen kauppaan. Tilaamalla tuotteita verkkokaupasta\/postimyynnist\u00e4 asiakas hyv\u00e4ksyy n\u00e4m\u00e4 myyntiehdot.<\/p><p>Postimyynti palvelee kaikkialle suomeen ja euroopan unionin alueelle. Puhelinpalvelumme on avoinna MA-PE klo 8:00-16:00<\/p><p>Noudatamme Autoalan kuluttajaneuvottelukunnan (AUNE) hyv\u00e4ksymi\u00e4 ja kuluttaja-asiamiehen tarkastamia autokaupan tilaus- ja kauppasopimusehtoja.<\/p><p><a href=\"https:\/\/www.finmasiko.fi\/finmasikooy_takuuehdot_palautelomake.pdf\">Avaa palautuslomake t\u00e4st\u00e4<\/a>.<\/p><p><strong>PALAUTUKSISSA OLETHAN YHTEYDESS\u00c4 SUORAAN ASIAKASPALVELUUN<\/strong><\/p><\/div><\/div><div class=\"vc_do_toggle vc_toggle vc_toggle_text_only vc_toggle_color_default  vc_toggle_size_lg vc_toggle_active\"><div class=\"vc_toggle_title\">\u00a0<\/div><div class=\"vc_toggle_content\"><p>Toimitukset l\u00e4hetet\u00e4\u00e4n Postin, Matkahuollon tai DB Schenkerin tai Kaukokiidon kautta. Toimitustavan voit valita verkkokaupassa tilauslomakkeella, tilaustietojen sy\u00f6tt\u00e4misen yhteydess\u00e4.<\/p><p>\u00a0<\/p><h4><b>POSTI<\/b><\/h4><p><b>Posti Express 9<\/b><\/p><p>On helppok\u00e4ytt\u00f6inen kuljetuspalvelu, joka vied\u00e4\u00e4n pakettina, rullakkona tai lavana perille seuraavaksi ty\u00f6p\u00e4iv\u00e4ksi klo 9 menness\u00e4.<\/p><p><b>Posti Express 14\u00a0<\/b><\/p><p>On kuljetuspalvelu, jolla tuotteet vied\u00e4\u00e4n pakettina, rullakossa tai lavalla perille seuraavaksi ty\u00f6p\u00e4iv\u00e4ksi klo 14 menness\u00e4.<\/p><p><b>Posti 16 postipaketti<\/b><\/p><p>On postin pakettipalvelu ei kiireellisille osille. Toimitetaan haettavaksi l\u00e4himp\u00e4\u00e4n postin toimipaikkaan.<\/p><h4>\u00a0<\/h4><h4><b>MATKAHUOLTO<\/b><\/h4><p><b>Matkahuolto lasirahdit<\/b><\/p><p>\u00a0<\/p><h4><b>DB SCHENKER \/ DHL REKKARAHTI<\/b><\/h4><p>Raskaat osat, kuten hydraulipumput, sylinterit yms. toimitamme rekkakuljetuksina.<\/p><p>Kuljetusteknisist\u00e4 syist\u00e4 emme voi l\u00e4hett\u00e4\u00e4 yli 35 kg tuotteita Postin kautta tai yli 55 kg tuotteita Matkahuollon kautta.<\/p><\/div><\/div><div class=\"vc_do_toggle vc_toggle vc_toggle_text_only vc_toggle_color_default  vc_toggle_size_lg vc_toggle_active\"><div class=\"vc_toggle_title\">\u00a0<\/div><div class=\"vc_toggle_content\"><p>Toimituskulut vaihtelee tuotteiden painon ja tilavuuden mukaan. Pid\u00e4t\u00e4mme oikeuden lis\u00e4t\u00e4 toteutuneet rahtikulut.<\/p><p>Katso t\u00e4st\u00e4 rahtihinnastomme:\u00a0<a href=\"http:\/\/www.finmasiko.fi\/rahtihinnasto\/\">https:\/\/www.finmasiko.fi\/rahtihinnasto\/<\/a><\/p><p>Postipaketit postin hinnaston mukaisesti.<br \/>Matkahuollon paketit Matkahuollon hinnaston mukaisesti.<\/p><p>Asiakas maksaa valitsemansa toimitustavan rahtikulut.<\/p><\/div><\/div>\t\t\t\t\t\t\t\t<\/div>\n\t\t\t\t\t<\/div>\n\t\t\t\t<\/div>\n\t\t\t\t<\/div>\n\t\t","protected":false},"excerpt":{"rendered":"<p>N\u00e4it\u00e4 sopimusehtoja sovelletaan Fin Masiko Oy:n yll\u00e4pit\u00e4m\u00e4n, verkko-osoitteessa www.finmasiko.fi olevan verkkokaupan\/postimyynnin ja asiakkaan v\u00e4liseen kauppaan. Tilaamalla tuotteita verkkokaupasta\/postimyynnist\u00e4 asiakas hyv\u00e4ksyy n\u00e4m\u00e4 myyntiehdot. Postimyynti palvelee kaikkialle suomeen ja euroopan unionin alueelle. Puhelinpalvelumme on avoinna MA-PE klo 8:00-16:00 Noudatamme Autoalan kuluttajaneuvottelukunnan (AUNE) hyv\u00e4ksymi\u00e4 ja kuluttaja-asiamiehen tarkastamia autokaupan tilaus- ja kauppasopimusehtoja. Avaa palautuslomake t\u00e4st\u00e4. PALAUTUKSISSA OLETHAN YHTEYDESS\u00c4 SUORAAN [&hellip;]<\/p>\n","protected":false},"author":1,"featured_media":0,"parent":0,"menu_order":0,"comment_status":"closed","ping_status":"closed","template":"","meta":{"footnotes":""},"class_list":["post-453","page","type-page","status-publish","hentry"],"_links":{"self":[{"href":"https:\/\/www.finmasiko.fi\/verkkokauppa\/catalog\/wp-json\/wp\/v2\/pages\/453","targetHints":{"allow":["GET"]}}],"collection":[{"href":"https:\/\/www.finmasiko.fi\/verkkokauppa\/catalog\/wp-json\/wp\/v2\/pages"}],"about":[{"href":"https:\/\/www.finmasiko.fi\/verkkokauppa\/catalog\/wp-json\/wp\/v2\/types\/page"}],"author":[{"embeddable":true,"href":"https:\/\/www.finmasiko.fi\/verkkokauppa\/catalog\/wp-json\/wp\/v2\/users\/1"}],"replies":[{"embeddable":true,"href":"https:\/\/www.finmasiko.fi\/verkkokauppa\/catalog\/wp-json\/wp\/v2\/comments?post=453"}],"version-history":[{"count":8,"href":"https:\/\/www.finmasiko.fi\/verkkokauppa\/catalog\/wp-json\/wp\/v2\/pages\/453\/revisions"}],"predecessor-version":[{"id":142070,"href":"https:\/\/www.finmasiko.fi\/verkkokauppa\/catalog\/wp-json\/wp\/v2\/pages\/453\/revisions\/142070"}],"wp:attachment":[{"href":"https:\/\/www.finmasiko.fi\/verkkokauppa\/catalog\/wp-json\/wp\/v2\/media?parent=453"}],"curies":[{"name":"wp","href":"https:\/\/api.w.org\/{rel}","templated":true}]}}