{"id":451,"date":"2017-12-15T10:26:09","date_gmt":"2017-12-15T10:26:09","guid":{"rendered":"http:\/\/demo2.drfuri.com\/martfury9\/?page_id=451"},"modified":"2026-04-29T19:11:08","modified_gmt":"2026-04-29T16:11:08","slug":"term-conditions","status":"publish","type":"page","link":"https:\/\/www.finmasiko.fi\/verkkokauppa\/catalog\/term-conditions\/","title":{"rendered":"K\u00e4ytt\u00f6ehdot"},"content":{"rendered":"\t\t<div data-elementor-type=\"wp-page\" data-elementor-id=\"451\" class=\"elementor elementor-451\" data-elementor-post-type=\"page\">\n\t\t\t\t<div class=\"elementor-element elementor-element-6b6c313c e-flex e-con-boxed e-con e-parent\" data-id=\"6b6c313c\" data-element_type=\"container\" data-e-type=\"container\">\n\t\t\t\t\t<div class=\"e-con-inner\">\n\t\t\t\t<div class=\"elementor-element elementor-element-18d4c7e6 elementor-widget elementor-widget-text-editor\" data-id=\"18d4c7e6\" data-element_type=\"widget\" data-e-type=\"widget\" data-widget_type=\"text-editor.default\">\n\t\t\t\t\t\t\t\t\t<div class=\"page-header page-header-page\"><h1 class=\"entry-title\"><span style=\"color: #222222; font-size: 16px; font-weight: 400;\">N\u00e4it\u00e4 sopimusehtoja sovelletaan Fin Masiko Oy:n yll\u00e4pit\u00e4m\u00e4n, verkko-osoitteessa www.finmasiko.fi olevan verkkokaupan\/postimyynnin ja kaikkeen asiakkaan v\u00e4liseen kauppaan. Tilaamalla tuotteita verkkokaupasta\/postimyynnist\u00e4 asiakas hyv\u00e4ksyy n\u00e4m\u00e4 myyntiehdot.<\/span><\/h1><\/div><div id=\"content\" class=\"site-content\"><div class=\"container\"><div class=\"row\"><div id=\"primary\" class=\"content-area col-md-12\"><article id=\"post-451\" class=\"post-451 page type-page status-publish hentry\"><div class=\"entry-content\"><div class=\"wpb-content-wrapper\"><div class=\"vc_row wpb_row vc_row-fluid\"><div class=\"container\"><div class=\"row\"><div class=\"wpb_column vc_column_container vc_col-sm-8\"><div class=\"vc_column-inner\"><div class=\"wpb_wrapper\"><div id=\"1464939184208-3761b6d5-e09b\" class=\"vc_do_toggle vc_toggle vc_toggle_text_only vc_toggle_color_default vc_toggle_size_lg vc_toggle_active\"><div class=\"vc_toggle_content\"><p>Postimyynti palvelee kaikkialle suomeen ja euroopan unionin alueelle. Puhelinpalvelumme on avoinna MA-PE klo 8:00-16:00<\/p><p>Noudatamme Autoalan kuluttajaneuvottelukunnan (AUNE) hyv\u00e4ksymi\u00e4 ja kuluttaja-asiamiehen tarkastamia autokaupan tilaus- ja kauppasopimusehtoja.<\/p><p><a href=\"https:\/\/www.finmasiko.fi\/finmasikooy_takuuehdot_palautelomake.pdf\">Avaa palautuslomake t\u00e4st\u00e4<\/a>.<\/p><p><strong>PALAUTUKSISSA OLETHAN YHTEYDESS\u00c4 SUORAAN ASIAKASPALVELUUN<\/strong><\/p><\/div><\/div><div class=\"vc_empty_space\">\u00a0<\/div><div id=\"1466409091591-468ec8ec-870d\" class=\"vc_do_toggle vc_toggle vc_toggle_text_only vc_toggle_color_default vc_toggle_size_lg vc_toggle_active\"><div class=\"vc_toggle_title\">\u00a0<\/div><div class=\"vc_toggle_content\"><p>Kaikki tuotteiden hinnat on ilmoitettu ALV 0%. Tilaajan tulee olla 18 vuotta t\u00e4ytt\u00e4nyt henkil\u00f6.<\/p><\/div><\/div><div class=\"vc_empty_space\">\u00a0<\/div><div id=\"1470367649702-23bf6af3-fbeb\" class=\"vc_do_toggle vc_toggle vc_toggle_text_only vc_toggle_color_default vc_toggle_size_lg vc_toggle_active\"><div class=\"vc_toggle_title\">Uutta 29.04.2026<\/div><div class=\"vc_toggle_content\"><p>Voit maksaa verkkokaupassamme Paytrailin kautta<\/p><p>1. PAYTRAIL maksutavat<\/p><p><strong>Maksupalvelutarjoaja<\/strong><\/p><p>Maksunv\u00e4lityspalvelun toteuttajana ja maksupalveluntarjoajana toimii Paytrail Oyj (2122839-7) yhteisty\u00f6ss\u00e4 suomalaisten pankkien ja luottolaitosten kanssa. Paytrail Oyj n\u00e4kyy maksun saajana tiliotteella tai korttilaskulla ja v\u00e4litt\u00e4\u00e4 maksun kauppiaalle. Paytrail Oyj:ll\u00e4 on maksulaitoksen toimilupa. Reklamaatiotapauksissa pyyd\u00e4mme ottamaan ensisijaisesti yhteytt\u00e4 tuotteen toimittajaan.<\/p><p>Paytrail Oyj, y-tunnus: 2122839-7<br \/>Innova 2<br \/>Lutakonaukio 7<br \/>40100 Jyv\u00e4skyl\u00e4<br \/>Puhelin: 0207 181830<br \/><a href=\"https:\/\/www.paytrail.com\/kuluttaja\/tietoa-maksamisesta\" target=\"_blank\" rel=\"noopener noreferrer\">paytrail.com\/kuluttaja\/tietoa-maksamisesta<\/a><\/p><p>2. LASKUASIAKKAAT<\/p><p>Jos haluat tilata isompia m\u00e4\u00e4ri\u00e4 tai olet meid\u00e4n laskutusasiakas otathan yhteytt\u00e4 asiakaspalveluumme.<br \/>Voimme l\u00e4hett\u00e4\u00e4 laskut s\u00e4hk\u00f6isesti. Voit ilmoittaa s\u00e4hk\u00f6iset laskutustietosi meille info@finmasiko.fi<\/p><p>KUOPION TOIMIPISTE<br \/>Kuopion noutopisteess\u00e4mme voit maksaa halutessasi my\u00f6s luottokortilla.<\/p><hr \/><\/div><\/div><div class=\"vc_empty_space\">\u00a0<\/div><div id=\"1470367677196-ffb46dd4-f744\" class=\"vc_do_toggle vc_toggle vc_toggle_text_only vc_toggle_color_default vc_toggle_size_lg vc_toggle_active\"><div class=\"vc_toggle_title\">\u00a0<\/div><div class=\"vc_toggle_content\"><p>Varastossa olevilla tuotteilla on 14 vrk:n palautusoikeus.<\/p><p>Postimyynniss\u00e4 on 14 p\u00e4iv\u00e4n t\u00e4ysi palautus- ja vaihto-oikeus. Palauttamasi tuotteen tulee olla myyntikuntoinen, k\u00e4ytt\u00e4m\u00e4t\u00f6n sek\u00e4 pakkauksen tulee olla ehj\u00e4.<\/p><\/div><\/div><div class=\"vc_do_toggle vc_toggle vc_toggle_text_only vc_toggle_color_default vc_toggle_size_lg vc_toggle_active\"><div class=\"vc_toggle_title\">\u00a0<\/div><div class=\"vc_toggle_content\"><p>Toimituskulut vaihtelee tuotteiden painon ja tilavuuden mukaan.<\/p><p>Katso t\u00e4st\u00e4 rahtihinnastomme:\u00a0<a href=\"http:\/\/www.finmasiko.fi\/rahtihinnasto\/\">https:\/\/www.finmasiko.fi\/rahtihinnasto\/<\/a><\/p><p>Postipaketit postin hinnaston mukaisesti.<br \/>Matkahuollon paketit Matkahuollon hinnaston mukaisesti.<br \/>DB Shenkerin paketit DB Shenkerin hinnaston mukaisesti.<\/p><p>Asiakas maksaa valitsemansa toimitustavan rahtikulut.<\/p><\/div><\/div><div class=\"vc_do_toggle vc_toggle vc_toggle_text_only vc_toggle_color_default vc_toggle_size_lg vc_toggle_active\"><div class=\"vc_toggle_title\">\u00a0<\/div><div class=\"vc_toggle_content\"><p>Verkkokaupassa ilmoitetut hinnat ovat alv 0%. Tuotteesta veloitettava hinta on tilaushetkell\u00e4 voimassa oleva hinta, joka ilmoitetaan verkkokaupassa sek\u00e4 asiakkaalle toimitettavassa tilausvahvistuksessa.<\/p><p>Hinnat ovat julkaisup\u00e4iv\u00e4n hintatason mukaiset. Pid\u00e4t\u00e4mme oikeuden hinnanmuutoksiin. Kaikki hinnat koskevat yht\u00e4 kappaletta ellei toisin mainita!<\/p><\/div><\/div><div class=\"vc_do_toggle vc_toggle vc_toggle_text_only vc_toggle_color_default vc_toggle_size_lg vc_toggle_active\"><div class=\"vc_toggle_title\">\u00a0<\/div><div class=\"vc_toggle_content\"><p>Uusilla varaosillamme on yhden vuoden takuu materiaali- ja valmistusvirheiden suhteen. * Takuu ei korvaa normaalia kulumista eik\u00e4 virheellisest\u00e4 asennuksesta johtuvia vahinkoja.<\/p><p>* Kunnostetuilla osilla (REMAN) on 6kk takuu.<\/p><p>Postimyynniss\u00e4 l\u00e4hete ja lasku toimivat takuutodistuksina, s\u00e4\u00e4st\u00e4 ne! Ota aina yhteys asiakaspalveluumme (044-2825408) ennen kuin teet\u00e4t takuun alaisille osille korjauksia!<\/p><\/div><\/div><div class=\"vc_do_toggle vc_toggle vc_toggle_text_only vc_toggle_color_default vc_toggle_size_lg vc_toggle_active\"><div class=\"vc_toggle_title\">\u00a0<\/div><div class=\"vc_toggle_content\"><p>Vertaa aina uutta osaa vanhaan. Mik\u00e4li uusi osa on mitoiltaan erilainen kuin vanha osa \u2013 \u00e4l\u00e4 asenna! Jos olet ep\u00e4varma asennustavasta, hanki korjausopas tai vie kone korjaamolle. Emme vastaa asennusvirheist\u00e4!<\/p><\/div><\/div><div class=\"vc_do_toggle vc_toggle vc_toggle_text_only vc_toggle_color_default vc_toggle_size_lg vc_toggle_active\"><div class=\"vc_toggle_title\">\u00a0<\/div><div class=\"vc_toggle_content\"><p>Osien sopivuus on varaosavalmistajien ilmoittama. Emme vastaa mahdollisista virheist\u00e4, mutta pyrimme korjaamaan mahdollisia virheit\u00e4 aktiivisesti.<\/p><hr \/><\/div><\/div><div class=\"vc_do_toggle vc_toggle vc_toggle_text_only vc_toggle_color_default vc_toggle_size_lg vc_toggle_active\"><div class=\"vc_toggle_title\">YLEISET FACEBOOK &amp; INSTAGRAM ARVONTOJEN S\u00c4\u00c4NN\u00d6T ARVONNAN S\u00c4\u00c4NN\u00d6T<\/div><div class=\"vc_toggle_content\"><p>Osallistumalla t\u00e4h\u00e4n arvontaan sitoudut noudattamaan n\u00e4it\u00e4 s\u00e4\u00e4nt\u00f6j\u00e4 ja niihin pohjaten tehtyj\u00e4 p\u00e4\u00e4t\u00f6ksi\u00e4. J\u00e4rjest\u00e4j\u00e4 pid\u00e4tt\u00e4\u00e4 itsell\u00e4\u00e4n oikeuden s\u00e4\u00e4nt\u00f6muutoksiin ilman erillist\u00e4 ilmoitusta.<\/p><p>1. J\u00e4rjest\u00e4j\u00e4<br \/>Fin Masiko Oy<br \/>Poijutie 2<br \/>70460 Kuopio<br \/>Y-tunnus 2562499-5<\/p><p>HUOM! Facebook ja\/tai Instagram eiv\u00e4t ole mill\u00e4\u00e4n tavalla osallisia j\u00e4rjestettyihin arvontoihin.<\/p><p>2. Osallistumisoikeus<br \/>Arvontaan voivat osallistua yli 18v t\u00e4ytt\u00e4neet henkil\u00f6t, jotka j\u00e4tt\u00e4v\u00e4t kommenttinsa j\u00e4rjest\u00e4j\u00e4n kyselypostaukseen Fin Masiko Oy:n virallisilla Facebook- tai Instagram-sivulla.<\/p><p>Arvontaan eiv\u00e4t voi osallistua Fin Masiko Oy:n omat ty\u00f6ntekij\u00e4t.<\/p><p>3. Palkinnot<br \/>Arvontaan osallistuneiden kesken arvotaan Facebook- tai Instagram- arvonta postauksessa. 31.07.2021 menness\u00e4 tai kilpailupostauksessa mainittuun pvm menness\u00e4. Palkintoa ei voi muuttaa rahaksi.<\/p><p>4. Voittajien valinta ja julkistus<\/p><p>J\u00e4rjest\u00e4j\u00e4 arpoo kommenttikentt\u00e4\u00e4n viestin j\u00e4tt\u00e4neiden kesken satunnaiset voittajat, postauksessa mainitun vastausajan umpeutumisen j\u00e4lkeen. Arvonnan voittajat julkaistaan Facebook- tai Instagram -postauksessa eik\u00e4 heihin olla henkil\u00f6kohtaisesti yhteyksiss\u00e4. Arvonnan voittajien tulee itse olla yhteydess\u00e4 asiakaspalveluun (info@finmasiko.fi) voittonsa lunastamiseksi.<\/p><p>5. J\u00e4rjest\u00e4j\u00e4n vastuu<\/p><p>J\u00e4rjest\u00e4j\u00e4 maksaa lakis\u00e4\u00e4teisen arpajaisveron n\u00e4iss\u00e4 s\u00e4\u00e4nn\u00f6iss\u00e4 mainituista palkinnoista. Palkinnon voittaja vastaa muista mahdollisista palkinnon vastaanottamiseen tai k\u00e4ytt\u00e4miseen tai kyselyyn osallistumiseen liittyvist\u00e4 mahdollisista kustannuksista.<\/p><p>Palkinnon voittaja vapauttaa J\u00e4rjest\u00e4j\u00e4n kaikesta vastuusta ja kuluista, joka aiheutuu tai jonka v\u00e4itet\u00e4\u00e4n aiheutuneen t\u00e4h\u00e4n arvontaan osallistumisesta tai palkinnon vastaanottamisesta.<\/p><p>J\u00e4rjest\u00e4j\u00e4 ei vastaa tietoteknisist\u00e4 syist\u00e4 johtuvista ongelmista tai esteist\u00e4 arvontaan osallistumisessa tai palkinnon vastaanottamisessa.<\/p><p>Palkinnon voittaja vapauttaa J\u00e4rjest\u00e4j\u00e4n kaikesta vastuusta liittyen palkinnon k\u00e4ytt\u00f6\u00f6n ja kaikesta vastuusta, joka koskee vammaa tai vahinkoa, joka aiheutuu tai jonka v\u00e4itet\u00e4\u00e4n aiheutuneen osallistumisesta t\u00e4h\u00e4n arvontaan tai palkinnon lunastamisesta tai k\u00e4ytt\u00e4misest\u00e4.<\/p><p>J\u00e4rjest\u00e4j\u00e4n vastuu osallistujia kohtaan ei miss\u00e4\u00e4n tilanteessa voi ylit\u00e4 n\u00e4iss\u00e4 s\u00e4\u00e4nn\u00f6iss\u00e4 mainitun palkinnon arvoa tai m\u00e4\u00e4r\u00e4\u00e4.<\/p><p>J\u00e4rjest\u00e4j\u00e4ll\u00e4 on oikeus peruuttaa arvonta ylivoimaisen esteen tai vastaavan tapahtuman johdosta. J\u00e4rjest\u00e4j\u00e4ll\u00e4 on my\u00f6s oikeus hyl\u00e4t\u00e4 sellaiset osallistujat, joiden on syyt\u00e4 ep\u00e4ill\u00e4 k\u00e4ytt\u00e4neen osallistumisessa ep\u00e4rehellisi\u00e4 keinoja.<\/p><p>Fin Masiko Oy:n arvonnat tapahtuvat vain Fin Masiko Oy:n virallisilla Facebook- ja Instagram-tileill\u00e4.<\/p><p>HUOM! Facebook ja\/tai Instagram eiv\u00e4t ole mill\u00e4\u00e4n tavalla osallisia arvontoihin vaan arvonnat j\u00e4rjest\u00e4\u00e4 Fin Masiko Oy.<\/p><\/div><\/div><\/div><\/div><\/div><\/div><\/div><\/div><\/div><\/div><\/article><\/div><\/div><\/div><\/div>\t\t\t\t\t\t\t\t<\/div>\n\t\t\t\t\t<\/div>\n\t\t\t\t<\/div>\n\t\t\t\t<\/div>\n\t\t","protected":false},"excerpt":{"rendered":"<p>N\u00e4it\u00e4 sopimusehtoja sovelletaan Fin Masiko Oy:n yll\u00e4pit\u00e4m\u00e4n, verkko-osoitteessa www.finmasiko.fi olevan verkkokaupan\/postimyynnin ja kaikkeen asiakkaan v\u00e4liseen kauppaan. Tilaamalla tuotteita verkkokaupasta\/postimyynnist\u00e4 asiakas hyv\u00e4ksyy n\u00e4m\u00e4 myyntiehdot. Postimyynti palvelee kaikkialle suomeen ja euroopan unionin alueelle. Puhelinpalvelumme on avoinna MA-PE klo 8:00-16:00 Noudatamme Autoalan kuluttajaneuvottelukunnan (AUNE) hyv\u00e4ksymi\u00e4 ja kuluttaja-asiamiehen tarkastamia autokaupan tilaus- ja kauppasopimusehtoja. Avaa palautuslomake t\u00e4st\u00e4. PALAUTUKSISSA OLETHAN YHTEYDESS\u00c4 [&hellip;]<\/p>\n","protected":false},"author":1,"featured_media":0,"parent":0,"menu_order":0,"comment_status":"closed","ping_status":"closed","template":"","meta":{"footnotes":""},"class_list":["post-451","page","type-page","status-publish","hentry"],"_links":{"self":[{"href":"https:\/\/www.finmasiko.fi\/verkkokauppa\/catalog\/wp-json\/wp\/v2\/pages\/451","targetHints":{"allow":["GET"]}}],"collection":[{"href":"https:\/\/www.finmasiko.fi\/verkkokauppa\/catalog\/wp-json\/wp\/v2\/pages"}],"about":[{"href":"https:\/\/www.finmasiko.fi\/verkkokauppa\/catalog\/wp-json\/wp\/v2\/types\/page"}],"author":[{"embeddable":true,"href":"https:\/\/www.finmasiko.fi\/verkkokauppa\/catalog\/wp-json\/wp\/v2\/users\/1"}],"replies":[{"embeddable":true,"href":"https:\/\/www.finmasiko.fi\/verkkokauppa\/catalog\/wp-json\/wp\/v2\/comments?post=451"}],"version-history":[{"count":10,"href":"https:\/\/www.finmasiko.fi\/verkkokauppa\/catalog\/wp-json\/wp\/v2\/pages\/451\/revisions"}],"predecessor-version":[{"id":146826,"href":"https:\/\/www.finmasiko.fi\/verkkokauppa\/catalog\/wp-json\/wp\/v2\/pages\/451\/revisions\/146826"}],"wp:attachment":[{"href":"https:\/\/www.finmasiko.fi\/verkkokauppa\/catalog\/wp-json\/wp\/v2\/media?parent=451"}],"curies":[{"name":"wp","href":"https:\/\/api.w.org\/{rel}","templated":true}]}}