{"id":2765,"date":"2017-09-01T06:38:53","date_gmt":"2017-09-01T06:38:53","guid":{"rendered":"http:\/\/demo2.drfuri.com\/martfury9\/?page_id=2"},"modified":"2025-11-22T16:39:32","modified_gmt":"2025-11-22T14:39:32","slug":"policy","status":"publish","type":"page","link":"https:\/\/www.finmasiko.fi\/verkkokauppa\/catalog\/policy\/","title":{"rendered":"Toimintaperiaate"},"content":{"rendered":"\t\t<div data-elementor-type=\"wp-page\" data-elementor-id=\"2765\" class=\"elementor elementor-2765\" data-elementor-post-type=\"page\">\n\t\t\t\t<div class=\"elementor-element elementor-element-1af7c1ca e-flex e-con-boxed e-con e-parent\" data-id=\"1af7c1ca\" data-element_type=\"container\" data-e-type=\"container\">\n\t\t\t\t\t<div class=\"e-con-inner\">\n\t\t\t\t<div class=\"elementor-element elementor-element-441d6673 elementor-widget elementor-widget-text-editor\" data-id=\"441d6673\" data-element_type=\"widget\" data-e-type=\"widget\" data-widget_type=\"text-editor.default\">\n\t\t\t\t\t\t\t\t\t<div class=\"vc_row wpb_row vc_row-fluid\"><div class=\"container\"><div class=\"row\"><div class=\"wpb_column vc_column_container vc_col-sm-12\"><div class=\"vc_column-inner\"><div class=\"wpb_wrapper\"><div class=\"wpb_text_column wpb_content_element\"><div class=\"wpb_wrapper\"><h3>Luotettava ja ammattitaitoinen<\/h3><p>Fin Masiko Oy on ollut toiminnassa vuodesta 1997 asti. Ammattitaitoiset varaosamyyj\u00e4t palvelevat arkisin 8-16:00.<\/p><\/div><\/div><\/div><\/div><\/div><\/div><\/div><\/div><div class=\"vc_row wpb_row vc_row-fluid\"><div class=\"container\"><div class=\"row\"><div class=\"wpb_column vc_column_container vc_col-sm-12\"><div class=\"vc_column-inner\"><div class=\"wpb_wrapper\"><div class=\"wpb_text_column wpb_content_element\"><div class=\"wpb_wrapper\"><h3>Varaosat ilman v\u00e4lik\u00e4si\u00e4<\/h3><p>Oma maahantuontimme mahdollistaa edulliset hinnat. Myym\u00e4l\u00e4mme ja varasto sijaitsee Kuopiossa.<\/p><p>Fin Masiko Oy on edullinen, koska toiminnan takana ei ole isoa yritysverkostoa tai isoja henkil\u00f6st\u00f6kuluja.<\/p><\/div><\/div><\/div><\/div><\/div><\/div><\/div><\/div><div class=\"vc_row wpb_row vc_row-fluid\"><div class=\"container\"><div class=\"row\"><div class=\"wpb_column vc_column_container vc_col-sm-12\"><div class=\"vc_column-inner\"><div class=\"wpb_wrapper\"><div class=\"wpb_text_column wpb_content_element\"><div class=\"wpb_wrapper\"><h3>Varaosien maahantuonti<\/h3><p>Maahantuomme ja myymme varaosia maansiirtokoneisiin. Genuine FM parts osilla on vuoden takuu! * Kunnostetuilla osilla (REMAN) on 6kk takuu.<\/p><p>Meilt\u00e4 l\u00f6yd\u00e4t varaosia moniin eri merkkeihin mm. VOLVO, SAMSUNG, DAEWOO, DOOSAN, HYUNDAI.<\/p><\/div><\/div><\/div><\/div><\/div><\/div><\/div><\/div>\t\t\t\t\t\t\t\t<\/div>\n\t\t\t\t\t<\/div>\n\t\t\t\t<\/div>\n\t\t\t\t<\/div>\n\t\t","protected":false},"excerpt":{"rendered":"<p>Luotettava ja ammattitaitoinen Fin Masiko Oy on ollut toiminnassa vuodesta 1997 asti. Ammattitaitoiset varaosamyyj\u00e4t palvelevat arkisin 8-16:00. Varaosat ilman v\u00e4lik\u00e4si\u00e4 Oma maahantuontimme mahdollistaa edulliset hinnat. Myym\u00e4l\u00e4mme ja varasto sijaitsee Kuopiossa. Fin Masiko Oy on edullinen, koska toiminnan takana ei ole isoa yritysverkostoa tai isoja henkil\u00f6st\u00f6kuluja. Varaosien maahantuonti Maahantuomme ja myymme varaosia maansiirtokoneisiin. Genuine FM parts [&hellip;]<\/p>\n","protected":false},"author":1,"featured_media":0,"parent":0,"menu_order":0,"comment_status":"closed","ping_status":"closed","template":"","meta":{"footnotes":""},"class_list":["post-2765","page","type-page","status-publish","hentry"],"_links":{"self":[{"href":"https:\/\/www.finmasiko.fi\/verkkokauppa\/catalog\/wp-json\/wp\/v2\/pages\/2765","targetHints":{"allow":["GET"]}}],"collection":[{"href":"https:\/\/www.finmasiko.fi\/verkkokauppa\/catalog\/wp-json\/wp\/v2\/pages"}],"about":[{"href":"https:\/\/www.finmasiko.fi\/verkkokauppa\/catalog\/wp-json\/wp\/v2\/types\/page"}],"author":[{"embeddable":true,"href":"https:\/\/www.finmasiko.fi\/verkkokauppa\/catalog\/wp-json\/wp\/v2\/users\/1"}],"replies":[{"embeddable":true,"href":"https:\/\/www.finmasiko.fi\/verkkokauppa\/catalog\/wp-json\/wp\/v2\/comments?post=2765"}],"version-history":[{"count":3,"href":"https:\/\/www.finmasiko.fi\/verkkokauppa\/catalog\/wp-json\/wp\/v2\/pages\/2765\/revisions"}],"predecessor-version":[{"id":142061,"href":"https:\/\/www.finmasiko.fi\/verkkokauppa\/catalog\/wp-json\/wp\/v2\/pages\/2765\/revisions\/142061"}],"wp:attachment":[{"href":"https:\/\/www.finmasiko.fi\/verkkokauppa\/catalog\/wp-json\/wp\/v2\/media?parent=2765"}],"curies":[{"name":"wp","href":"https:\/\/api.w.org\/{rel}","templated":true}]}}