{"id":129,"date":"2017-11-28T08:26:45","date_gmt":"2017-11-28T08:26:45","guid":{"rendered":"http:\/\/demo2.drfuri.com\/martfury9\/?page_id=129"},"modified":"2025-11-22T16:30:23","modified_gmt":"2025-11-22T14:30:23","slug":"about-us","status":"publish","type":"page","link":"https:\/\/www.finmasiko.fi\/verkkokauppa\/catalog\/about-us\/","title":{"rendered":"Tietoja meist\u00e4"},"content":{"rendered":"\t\t<div data-elementor-type=\"wp-page\" data-elementor-id=\"129\" class=\"elementor elementor-129\" data-elementor-post-type=\"page\">\n\t\t\t\t<div class=\"elementor-element elementor-element-e97d7b9 e-flex e-con-boxed e-con e-parent\" data-id=\"e97d7b9\" data-element_type=\"container\" data-e-type=\"container\">\n\t\t\t\t\t<div class=\"e-con-inner\">\n\t\t\t\t<div class=\"elementor-element elementor-element-44fcb6a elementor-widget elementor-widget-video\" data-id=\"44fcb6a\" data-element_type=\"widget\" data-e-type=\"widget\" data-settings=\"{&quot;youtube_url&quot;:&quot;https:\\\/\\\/www.youtube.com\\\/watch?v=8HEuMt_W_Ko&quot;,&quot;autoplay&quot;:&quot;yes&quot;,&quot;mute&quot;:&quot;yes&quot;,&quot;video_type&quot;:&quot;youtube&quot;,&quot;controls&quot;:&quot;yes&quot;}\" data-widget_type=\"video.default\">\n\t\t\t\t\t\t\t<div class=\"elementor-wrapper elementor-open-inline\">\n\t\t\t<div class=\"elementor-video\"><\/div>\t\t<\/div>\n\t\t\t\t\t\t<\/div>\n\t\t\t\t\t<\/div>\n\t\t\t\t<\/div>\n\t\t<div class=\"elementor-element elementor-element-59f633ae e-flex e-con-boxed e-con e-parent\" data-id=\"59f633ae\" data-element_type=\"container\" data-e-type=\"container\">\n\t\t\t\t\t<div class=\"e-con-inner\">\n\t\t\t\t<div class=\"elementor-element elementor-element-1596f53 elementor-widget elementor-widget-text-editor\" data-id=\"1596f53\" data-element_type=\"widget\" data-e-type=\"widget\" data-widget_type=\"text-editor.default\">\n\t\t\t\t\t\t\t\t\t<h1 class=\"vc_custom_heading vc_do_custom_heading mf-semi-bold vc_custom_1543844525088\">Fin Masiko Oy<\/h1><div class=\"martfury-empty-space \"><div class=\"mf_empty_space_md\">\u00a0<\/div><\/div><h2 class=\"vc_custom_heading vc_do_custom_heading mf-regular vc_custom_1543844584532\">Varaosien maahantuonti. Maahantuomme ja myymme varaosia maansiirtokoneisiin.<\/h2><div class=\"martfury-empty-space \"><div class=\"mf_empty_space_md\">\u00a0<\/div><\/div><div class=\"wpb_text_column wpb_content_element\"><div class=\"wpb_wrapper\"><div>Genuine FM parts osilla on vuoden takuu! Meilt\u00e4 l\u00f6yd\u00e4t varaosia moniin eri merkkeihin mm. VOLVO, SAMSUNG, DAEWOO, DOOSAN, HYUNDAI.<\/div><div>\u00a0<\/div><div><h2>Varaosien maahantuonti ja myynti:<\/h2><p>Varastostamme l\u00f6ytyy seuraavien maansiirtokoneiden varaosia:<\/p><ul class=\"sisennys\"><li>Volvo kaivinkoneiden varaosat<\/li><li>Volvo py\u00f6r\u00e4koneiden varaosat<\/li><li>Doosan ja Daewoo kaivinkoneiden varaosat<\/li><li>Hyundai kaivinkoneiden varaosat<\/li><\/ul><div class=\"vc_row wpb_row vc_row-fluid\"><div class=\"container\"><div class=\"row\"><div class=\"wpb_column vc_column_container vc_col-sm-8\"><div class=\"vc_column-inner vc_custom_1511324150051\"><div class=\"wpb_wrapper\"><h2 class=\"vc_custom_heading vc_do_custom_heading mf-regular vc_custom_1543843000042\">Henkil\u00f6kunta<\/h2><div class=\"martfury-empty-space \"><div class=\"mf_empty_space_md\">\u00a0<\/div><\/div><\/div><\/div><\/div><\/div><\/div><\/div><div class=\"vc_row wpb_row vc_row-fluid\"><div class=\"container\"><div class=\"row\"><div class=\"wpb_column vc_column_container vc_col-sm-3\"><div class=\"vc_column-inner\"><div class=\"wpb_wrapper\"><div class=\"martfury-member \"><p><img fetchpriority=\"high\" decoding=\"async\" class=\"\" src=\"https:\/\/www.finmasiko.fi\/verkkokauppa\/catalog\/wp-content\/uploads\/2021\/10\/vili_vest.jpg\" alt=\"\" width=\"270\" height=\"270\" data-original=\"https:\/\/www.finmasiko.fi\/verkkokauppa\/catalog\/wp-content\/uploads\/2021\/10\/vili_vest.jpg\" \/><\/p><div class=\"member-content\"><h4 class=\"name\">Vili Vesterinen<\/h4><p><span class=\"job\">Varaosat: Puh: 040-7520057 vili.vesterinen@finmasiko.fi<\/span><\/p><div class=\"socials\">\u00a0<\/div><\/div><\/div><div class=\"martfury-empty-space \"><div class=\"mf_empty_space_md\">\u00a0<\/div><\/div><\/div><\/div><\/div><div class=\"wpb_column vc_column_container vc_col-sm-3\"><div class=\"vc_column-inner\"><div class=\"wpb_wrapper\"><div class=\"martfury-member \"><p><img decoding=\"async\" class=\"\" src=\"https:\/\/www.finmasiko.fi\/verkkokauppa\/catalog\/wp-content\/uploads\/2018\/12\/antti270_270.jpg\" alt=\"\" width=\"270\" height=\"270\" data-original=\"https:\/\/www.finmasiko.fi\/verkkokauppa\/catalog\/wp-content\/uploads\/2018\/12\/antti270_270.jpg\" \/><\/p><div class=\"member-content\"><h4 class=\"name\">Antti Miettinen<\/h4><p><span class=\"job\">Ulkomaan kauppa \/ varaosat: Puh: +358445439177 antti.miettinen@finmasiko.fi<\/span><\/p><\/div><\/div><\/div><\/div><\/div><div class=\"wpb_column vc_column_container vc_col-sm-3\"><div class=\"vc_column-inner\"><div class=\"wpb_wrapper\"><div class=\"martfury-member \"><img decoding=\"async\" class=\"\" src=\"https:\/\/www.finmasiko.fi\/verkkokauppa\/catalog\/wp-content\/uploads\/2018\/12\/veeti270_270.jpg\" alt=\"\" width=\"270\" height=\"270\" data-original=\"https:\/\/www.finmasiko.fi\/verkkokauppa\/catalog\/wp-content\/uploads\/2018\/12\/veeti270_270.jpg\" \/><\/div><div class=\"martfury-member \"><h4 class=\"name\" style=\"font-family: 'Work Sans', Arial, sans-serif; line-height: 1.2; color: #000000; margin-bottom: 2px; transform: translateY(0px); transition: 0.5s; opacity: 1; letter-spacing: normal; text-wrap-mode: wrap;\">Veeti Vesterinen<\/h4><span class=\"job\" style=\"transform: translateY(0px); transition: 0.5s 0.2s; opacity: 1; display: block; color: #000000; font-family: 'Work Sans', Arial, sans-serif; font-size: 14px;\">Varaosat: Puh: +358445701029 veeti.vesterinen@finmasiko.fi<\/span><div class=\"socials\" style=\"margin-top: 15px; transform: translateY(0px); transition: 0.5s 0.4s; opacity: 1; color: #000000; font-family: 'Work Sans', Arial, sans-serif; font-size: 14px;\">\u00a0<\/div><\/div><\/div><\/div><\/div><\/div><\/div><\/div><\/div><\/div><\/div>\t\t\t\t\t\t\t\t<\/div>\n\t\t\t\t\t<\/div>\n\t\t\t\t<\/div>\n\t\t\t\t<\/div>\n\t\t","protected":false},"excerpt":{"rendered":"<p>https:\/\/www.youtube.com\/watch?v=8HEuMt_W_Ko Fin Masiko Oy \u00a0 Varaosien maahantuonti. Maahantuomme ja myymme varaosia maansiirtokoneisiin. \u00a0Genuine FM parts osilla on vuoden takuu! Meilt\u00e4 l\u00f6yd\u00e4t varaosia moniin eri merkkeihin mm. VOLVO, SAMSUNG, DAEWOO, DOOSAN, HYUNDAI.\u00a0 Varaosien maahantuonti ja myynti: Varastostamme l\u00f6ytyy seuraavien maansiirtokoneiden varaosia: Volvo kaivinkoneiden varaosat Volvo py\u00f6r\u00e4koneiden varaosat Doosan ja Daewoo kaivinkoneiden varaosat Hyundai kaivinkoneiden varaosat Henkil\u00f6kunta [&hellip;]<\/p>\n","protected":false},"author":1,"featured_media":0,"parent":0,"menu_order":0,"comment_status":"closed","ping_status":"closed","template":"","meta":{"footnotes":""},"class_list":["post-129","page","type-page","status-publish","hentry"],"_links":{"self":[{"href":"https:\/\/www.finmasiko.fi\/verkkokauppa\/catalog\/wp-json\/wp\/v2\/pages\/129","targetHints":{"allow":["GET"]}}],"collection":[{"href":"https:\/\/www.finmasiko.fi\/verkkokauppa\/catalog\/wp-json\/wp\/v2\/pages"}],"about":[{"href":"https:\/\/www.finmasiko.fi\/verkkokauppa\/catalog\/wp-json\/wp\/v2\/types\/page"}],"author":[{"embeddable":true,"href":"https:\/\/www.finmasiko.fi\/verkkokauppa\/catalog\/wp-json\/wp\/v2\/users\/1"}],"replies":[{"embeddable":true,"href":"https:\/\/www.finmasiko.fi\/verkkokauppa\/catalog\/wp-json\/wp\/v2\/comments?post=129"}],"version-history":[{"count":6,"href":"https:\/\/www.finmasiko.fi\/verkkokauppa\/catalog\/wp-json\/wp\/v2\/pages\/129\/revisions"}],"predecessor-version":[{"id":142053,"href":"https:\/\/www.finmasiko.fi\/verkkokauppa\/catalog\/wp-json\/wp\/v2\/pages\/129\/revisions\/142053"}],"wp:attachment":[{"href":"https:\/\/www.finmasiko.fi\/verkkokauppa\/catalog\/wp-json\/wp\/v2\/media?parent=129"}],"curies":[{"name":"wp","href":"https:\/\/api.w.org\/{rel}","templated":true}]}}